{"id":698,"date":"2022-02-15T16:47:11","date_gmt":"2022-02-15T15:47:11","guid":{"rendered":"https:\/\/www.agriturismovillanova.it\/attivita\/"},"modified":"2022-11-14T12:26:17","modified_gmt":"2022-11-14T11:26:17","slug":"attivita","status":"publish","type":"page","link":"https:\/\/www.agriturismovillanova.it\/it\/attivita\/","title":{"rendered":"Attivit\u00e0"},"content":{"rendered":"\t\t<div data-elementor-type=\"wp-page\" data-elementor-id=\"698\" class=\"elementor elementor-698 elementor-24\" data-elementor-post-type=\"page\">\n\t\t\t\t\t\t<section class=\"elementor-section elementor-top-section elementor-element elementor-element-fdd488d elementor-section-full_width elementor-section-height-default elementor-section-height-default\" data-id=\"fdd488d\" data-element_type=\"section\" data-e-type=\"section\">\n\t\t\t\t\t\t<div class=\"elementor-container elementor-column-gap-default\">\n\t\t\t\t\t<div class=\"elementor-column elementor-col-50 elementor-top-column elementor-element elementor-element-ae515a1\" data-id=\"ae515a1\" data-element_type=\"column\" data-e-type=\"column\">\n\t\t\t<div class=\"elementor-widget-wrap elementor-element-populated\">\n\t\t\t\t\t\t<div class=\"elementor-element elementor-element-1e78102 title-with-graph elementor-widget elementor-widget-heading\" data-id=\"1e78102\" data-element_type=\"widget\" data-e-type=\"widget\" data-widget_type=\"heading.default\">\n\t\t\t\t<div class=\"elementor-widget-container\">\n\t\t\t\t\t<h2 class=\"elementor-heading-title elementor-size-default\">La posizione ideale di Villanova offre ai nostri ospiti un\u2019ampia scelta di attivit\u00e0.<\/h2>\t\t\t\t<\/div>\n\t\t\t\t<\/div>\n\t\t\t\t\t<\/div>\n\t\t<\/div>\n\t\t\t\t<div class=\"elementor-column elementor-col-50 elementor-top-column elementor-element elementor-element-3fcc09f\" data-id=\"3fcc09f\" data-element_type=\"column\" data-e-type=\"column\">\n\t\t\t<div class=\"elementor-widget-wrap elementor-element-populated\">\n\t\t\t\t\t\t<div class=\"elementor-element elementor-element-93a7e32 elementor-widget elementor-widget-text-editor\" data-id=\"93a7e32\" data-element_type=\"widget\" data-e-type=\"widget\" data-widget_type=\"text-editor.default\">\n\t\t\t\t<div class=\"elementor-widget-container\">\n\t\t\t\t\t\t\t\t\t<p>Immersa nel verde, Villanova \u00e8 il luogo ideale per gli amanti della natura e delle attivit\u00e0 outdoor. Un sentiero collega direttamente Villanova al bellissimo Parco Nazionale delle Cinque Terre, dichiarato nel 1998 patrimonio dell\u2019umanit\u00e0 sotto la protezione dell\u2019UNESCO.<\/p>\n<p>Villanova \u00e8 un paradiso per i <strong>bambini<\/strong>, che trovano negli spazi aperti il loro <strong>luogo ideale di divertimento<\/strong>.<\/p>\n<p>Presso la reception saremo sempre disponibili ad offrirvi maggiori dettagli e informazioni sui servizi offerti da Villanova o presenti in zona.<\/p>\n\t\t\t\t\t\t\t\t<\/div>\n\t\t\t\t<\/div>\n\t\t\t\t\t<\/div>\n\t\t<\/div>\n\t\t\t\t\t<\/div>\n\t\t<\/section>\n\t\t\t\t<section class=\"elementor-section elementor-top-section elementor-element elementor-element-6720f4d elementor-section-full_width elementor-reverse-mobile elementor-section-height-default elementor-section-height-default\" data-id=\"6720f4d\" data-element_type=\"section\" data-e-type=\"section\">\n\t\t\t\t\t\t<div class=\"elementor-container elementor-column-gap-no\">\n\t\t\t\t\t<div class=\"elementor-column elementor-col-50 elementor-top-column elementor-element elementor-element-b6c64da\" data-id=\"b6c64da\" data-element_type=\"column\" data-e-type=\"column\">\n\t\t\t<div class=\"elementor-widget-wrap elementor-element-populated\">\n\t\t\t\t\t\t<div class=\"elementor-element elementor-element-fd55951 elementor-widget elementor-widget-image\" data-id=\"fd55951\" data-element_type=\"widget\" data-e-type=\"widget\" data-widget_type=\"image.default\">\n\t\t\t\t<div class=\"elementor-widget-container\">\n\t\t\t\t\t\t\t\t\t\t\t\t\t\t\t<img fetchpriority=\"high\" decoding=\"async\" width=\"1757\" height=\"944\" src=\"https:\/\/www.agriturismovillanova.it\/wp-content\/uploads\/2022\/02\/attivita-1.png\" class=\"attachment-full size-full wp-image-677\" alt=\"\" srcset=\"https:\/\/www.agriturismovillanova.it\/wp-content\/uploads\/2022\/02\/attivita-1.png 1757w, https:\/\/www.agriturismovillanova.it\/wp-content\/uploads\/2022\/02\/attivita-1-300x161.png 300w, https:\/\/www.agriturismovillanova.it\/wp-content\/uploads\/2022\/02\/attivita-1-1024x550.png 1024w, https:\/\/www.agriturismovillanova.it\/wp-content\/uploads\/2022\/02\/attivita-1-768x413.png 768w, https:\/\/www.agriturismovillanova.it\/wp-content\/uploads\/2022\/02\/attivita-1-1536x825.png 1536w\" sizes=\"(max-width: 1757px) 100vw, 1757px\" \/>\t\t\t\t\t\t\t\t\t\t\t\t\t\t\t<\/div>\n\t\t\t\t<\/div>\n\t\t\t\t\t<\/div>\n\t\t<\/div>\n\t\t\t\t<div class=\"elementor-column elementor-col-50 elementor-top-column elementor-element elementor-element-7187ea5\" data-id=\"7187ea5\" data-element_type=\"column\" data-e-type=\"column\">\n\t\t\t<div class=\"elementor-widget-wrap elementor-element-populated\">\n\t\t\t\t\t\t<div class=\"elementor-element elementor-element-6027d2f elementor-widget elementor-widget-text-editor\" data-id=\"6027d2f\" data-element_type=\"widget\" data-e-type=\"widget\" data-widget_type=\"text-editor.default\">\n\t\t\t\t<div class=\"elementor-widget-container\">\n\t\t\t\t\t\t\t\t\t<p>Molte sono infatti le attivit\u00e0 che si possono svolgere nelle immediate vicinanze di Villanova. <strong>A soli 5 minuti di auto o 30 a piedi si raggiunge Levanto<\/strong>, un bellissimo paese che offre molte possibilit\u00e0 di svago e divertimento.<br \/>\n<strong>Il golfo di Levanto e le spiaggie di sabbia<\/strong>, libere o con stabilimenti, offrono numerose attivit\u00e0; \u00e8 possibile noleggiare <strong>canoe, windsurf e piccole barche per escursioni lungo la costa delle Cinque Terre.<\/strong><\/p>\n\t\t\t\t\t\t\t\t<\/div>\n\t\t\t\t<\/div>\n\t\t\t\t\t<\/div>\n\t\t<\/div>\n\t\t\t\t\t<\/div>\n\t\t<\/section>\n\t\t\t\t<section class=\"elementor-section elementor-top-section elementor-element elementor-element-9d2ecb6 elementor-section-full_width elementor-section-height-default elementor-section-height-default\" data-id=\"9d2ecb6\" data-element_type=\"section\" data-e-type=\"section\">\n\t\t\t\t\t\t<div class=\"elementor-container elementor-column-gap-no\">\n\t\t\t\t\t<div class=\"elementor-column elementor-col-50 elementor-top-column elementor-element elementor-element-241468d\" data-id=\"241468d\" data-element_type=\"column\" data-e-type=\"column\">\n\t\t\t<div class=\"elementor-widget-wrap elementor-element-populated\">\n\t\t\t\t\t\t<div class=\"elementor-element elementor-element-b9b2b78 elementor-widget elementor-widget-text-editor\" data-id=\"b9b2b78\" data-element_type=\"widget\" data-e-type=\"widget\" data-widget_type=\"text-editor.default\">\n\t\t\t\t<div class=\"elementor-widget-container\">\n\t\t\t\t\t\t\t\t\t<strong>Levanto \u00e8 anche una delle localit\u00e0 pi\u00f9 importanti in Italia per chi ama il surf<\/strong>; inoltre esistino due centri diving per escursioni e corsi vari ed in paese \u00e8 possibile anche praticare il tennis. Ma la pi\u00f9 importante attrattiva dell\u2019area sono i <strong>sentieri CAI che <a style=\"color: inherit;\" href=\"\/it\/hotel-cinque-terre-levanto-mare\/\">da Levanto vi portano alle Cinque Terre<\/a>.<\/strong> Per gli amanti del trekking esistono numerose possibilit\u00e0 di <strong>ammirare la bellezza di questa costa.<\/strong>\t\t\t\t\t\t\t\t<\/div>\n\t\t\t\t<\/div>\n\t\t\t\t\t<\/div>\n\t\t<\/div>\n\t\t\t\t<div class=\"elementor-column elementor-col-50 elementor-top-column elementor-element elementor-element-2f02ad7\" data-id=\"2f02ad7\" data-element_type=\"column\" data-e-type=\"column\">\n\t\t\t<div class=\"elementor-widget-wrap elementor-element-populated\">\n\t\t\t\t\t\t<div class=\"elementor-element elementor-element-2f70edb elementor-widget elementor-widget-image\" data-id=\"2f70edb\" data-element_type=\"widget\" data-e-type=\"widget\" data-widget_type=\"image.default\">\n\t\t\t\t<div class=\"elementor-widget-container\">\n\t\t\t\t\t\t\t\t\t\t\t\t\t\t\t<img decoding=\"async\" width=\"1757\" height=\"944\" src=\"https:\/\/www.agriturismovillanova.it\/wp-content\/uploads\/2022\/02\/attivita-2.png\" class=\"attachment-full size-full wp-image-682\" alt=\"\" srcset=\"https:\/\/www.agriturismovillanova.it\/wp-content\/uploads\/2022\/02\/attivita-2.png 1757w, https:\/\/www.agriturismovillanova.it\/wp-content\/uploads\/2022\/02\/attivita-2-300x161.png 300w, https:\/\/www.agriturismovillanova.it\/wp-content\/uploads\/2022\/02\/attivita-2-1024x550.png 1024w, https:\/\/www.agriturismovillanova.it\/wp-content\/uploads\/2022\/02\/attivita-2-768x413.png 768w, https:\/\/www.agriturismovillanova.it\/wp-content\/uploads\/2022\/02\/attivita-2-1536x825.png 1536w\" sizes=\"(max-width: 1757px) 100vw, 1757px\" \/>\t\t\t\t\t\t\t\t\t\t\t\t\t\t\t<\/div>\n\t\t\t\t<\/div>\n\t\t\t\t\t<\/div>\n\t\t<\/div>\n\t\t\t\t\t<\/div>\n\t\t<\/section>\n\t\t\t\t<section class=\"elementor-section elementor-top-section elementor-element elementor-element-9c9dbc8 elementor-section-full_width elementor-reverse-mobile elementor-section-height-default elementor-section-height-default\" data-id=\"9c9dbc8\" data-element_type=\"section\" data-e-type=\"section\">\n\t\t\t\t\t\t<div class=\"elementor-container elementor-column-gap-no\">\n\t\t\t\t\t<div class=\"elementor-column elementor-col-50 elementor-top-column elementor-element elementor-element-7af33d5\" data-id=\"7af33d5\" data-element_type=\"column\" data-e-type=\"column\">\n\t\t\t<div class=\"elementor-widget-wrap elementor-element-populated\">\n\t\t\t\t\t\t<div class=\"elementor-element elementor-element-980dcc4 elementor-widget elementor-widget-image\" data-id=\"980dcc4\" data-element_type=\"widget\" data-e-type=\"widget\" data-widget_type=\"image.default\">\n\t\t\t\t<div class=\"elementor-widget-container\">\n\t\t\t\t\t\t\t\t\t\t\t\t\t\t\t<img decoding=\"async\" width=\"960\" height=\"434\" src=\"https:\/\/www.agriturismovillanova.it\/wp-content\/uploads\/2022\/02\/levanto2.png\" class=\"attachment-full size-full wp-image-690\" alt=\"\" srcset=\"https:\/\/www.agriturismovillanova.it\/wp-content\/uploads\/2022\/02\/levanto2.png 960w, https:\/\/www.agriturismovillanova.it\/wp-content\/uploads\/2022\/02\/levanto2-300x136.png 300w, https:\/\/www.agriturismovillanova.it\/wp-content\/uploads\/2022\/02\/levanto2-768x347.png 768w\" sizes=\"(max-width: 960px) 100vw, 960px\" \/>\t\t\t\t\t\t\t\t\t\t\t\t\t\t\t<\/div>\n\t\t\t\t<\/div>\n\t\t\t\t\t<\/div>\n\t\t<\/div>\n\t\t\t\t<div class=\"elementor-column elementor-col-50 elementor-top-column elementor-element elementor-element-808e16d\" data-id=\"808e16d\" data-element_type=\"column\" data-e-type=\"column\">\n\t\t\t<div class=\"elementor-widget-wrap elementor-element-populated\">\n\t\t\t\t\t\t<div class=\"elementor-element elementor-element-d198892 elementor-widget elementor-widget-text-editor\" data-id=\"d198892\" data-element_type=\"widget\" data-e-type=\"widget\" data-widget_type=\"text-editor.default\">\n\t\t\t\t<div class=\"elementor-widget-container\">\n\t\t\t\t\t\t\t\t\t<p>Direttamente da Levanto partono alcuni sentieri di particolare interesse, tutti ottimamente segnalati e alla portata anche di coloro che non sono abituati a lunghe ore di cammino. Ogni borgo diventa una tappa, per proseguire o per ritornare al luogo di partenza con i numerosi <strong>treni e battelli che collegano tutta la costa.<\/strong> I battelli effettuano servizio da Aprile ad Ottobre e nei weekend raggiungono anche Portofino e Genova per visitare <strong>l\u2019Acquario pi\u00f9 grande d\u2019Europa.<\/strong><\/p>\n\t\t\t\t\t\t\t\t<\/div>\n\t\t\t\t<\/div>\n\t\t\t\t\t<\/div>\n\t\t<\/div>\n\t\t\t\t\t<\/div>\n\t\t<\/section>\n\t\t\t\t<section class=\"elementor-section elementor-top-section elementor-element elementor-element-991de18 elementor-section-full_width elementor-section-height-default elementor-section-height-default\" data-id=\"991de18\" data-element_type=\"section\" data-e-type=\"section\">\n\t\t\t\t\t\t<div class=\"elementor-container elementor-column-gap-no\">\n\t\t\t\t\t<div class=\"elementor-column elementor-col-50 elementor-top-column elementor-element elementor-element-fec2946\" data-id=\"fec2946\" data-element_type=\"column\" data-e-type=\"column\">\n\t\t\t<div class=\"elementor-widget-wrap elementor-element-populated\">\n\t\t\t\t\t\t<div class=\"elementor-element elementor-element-49534d5 elementor-widget elementor-widget-text-editor\" data-id=\"49534d5\" data-element_type=\"widget\" data-e-type=\"widget\" data-widget_type=\"text-editor.default\">\n\t\t\t\t<div class=\"elementor-widget-container\">\n\t\t\t\t\t\t\t\t\t<p>Da Villanova si possono raggiungere facilmente in treno, battello o auto altre importanti localit\u00e0 turistiche, quali <strong>Portovenere, Lerici e Tellaro nel Golfo dei Poeti a La Spezia, Portofino e Santa Margherita<\/strong> verso nord, Varese Ligure e la Val di Vara nell\u2019entroterra. Verso sud si possono visitare le famose cave di marmo di Carrara e la zona della Lunigiana con i suoi 100 castelli. Le citt\u00e0 storiche di Pisa, Genova, Lucca e Firenze si possono raggiungere con una o due ore di viaggio.<\/p>\n\t\t\t\t\t\t\t\t<\/div>\n\t\t\t\t<\/div>\n\t\t\t\t\t<\/div>\n\t\t<\/div>\n\t\t\t\t<div class=\"elementor-column elementor-col-50 elementor-top-column elementor-element elementor-element-f7b2fdb\" data-id=\"f7b2fdb\" data-element_type=\"column\" data-e-type=\"column\">\n\t\t\t<div class=\"elementor-widget-wrap elementor-element-populated\">\n\t\t\t\t\t\t<div class=\"elementor-element elementor-element-f41024f elementor-widget elementor-widget-image\" data-id=\"f41024f\" data-element_type=\"widget\" data-e-type=\"widget\" data-widget_type=\"image.default\">\n\t\t\t\t<div class=\"elementor-widget-container\">\n\t\t\t\t\t\t\t\t\t\t\t\t\t\t\t<img loading=\"lazy\" decoding=\"async\" width=\"960\" height=\"434\" src=\"https:\/\/www.agriturismovillanova.it\/wp-content\/uploads\/2022\/02\/levanto-1.png\" class=\"attachment-full size-full wp-image-686\" alt=\"\" srcset=\"https:\/\/www.agriturismovillanova.it\/wp-content\/uploads\/2022\/02\/levanto-1.png 960w, https:\/\/www.agriturismovillanova.it\/wp-content\/uploads\/2022\/02\/levanto-1-300x136.png 300w, https:\/\/www.agriturismovillanova.it\/wp-content\/uploads\/2022\/02\/levanto-1-768x347.png 768w\" sizes=\"(max-width: 960px) 100vw, 960px\" \/>\t\t\t\t\t\t\t\t\t\t\t\t\t\t\t<\/div>\n\t\t\t\t<\/div>\n\t\t\t\t\t<\/div>\n\t\t<\/div>\n\t\t\t\t\t<\/div>\n\t\t<\/section>\n\t\t\t\t<\/div>\n\t\t","protected":false},"excerpt":{"rendered":"<p>La posizione ideale di Villanova offre ai nostri ospiti un\u2019ampia scelta di attivit\u00e0. Immersa nel verde, Villanova \u00e8 il luogo ideale per gli amanti della natura e delle attivit\u00e0 outdoor. Un sentiero collega direttamente Villanova al bellissimo Parco Nazionale delle Cinque Terre, dichiarato nel 1998 patrimonio dell\u2019umanit\u00e0 sotto la protezione dell\u2019UNESCO. Villanova \u00e8 un paradiso [&hellip;]<\/p>\n","protected":false},"author":1,"featured_media":881,"parent":0,"menu_order":0,"comment_status":"closed","ping_status":"closed","template":"","meta":{"footnotes":""},"class_list":["post-698","page","type-page","status-publish","has-post-thumbnail","hentry"],"yoast_head":"<!-- This site is optimized with the Yoast SEO plugin v27.3 - https:\/\/yoast.com\/product\/yoast-seo-wordpress\/ -->\n<title>Cosa fare alle Cinque Terre | Agriturismo Villanova<\/title>\n<meta name=\"description\" content=\"La posizione ideale di Villanova offre ai nostri ospiti un&#039;ampia scelta di attivit\u00e0 per vivere al meglio le Cinque Terre in agriturismo.\" \/>\n<meta name=\"robots\" content=\"index, follow, max-snippet:-1, max-image-preview:large, max-video-preview:-1\" \/>\n<link rel=\"canonical\" href=\"https:\/\/www.agriturismovillanova.it\/it\/attivita\/\" \/>\n<meta property=\"og:locale\" content=\"it_IT\" \/>\n<meta property=\"og:type\" content=\"article\" \/>\n<meta property=\"og:title\" content=\"Cosa fare alle Cinque Terre | Agriturismo Villanova\" \/>\n<meta property=\"og:description\" content=\"La posizione ideale di Villanova offre ai nostri ospiti un&#039;ampia scelta di attivit\u00e0 per vivere al meglio le Cinque Terre in agriturismo.\" \/>\n<meta property=\"og:url\" content=\"https:\/\/www.agriturismovillanova.it\/it\/attivita\/\" \/>\n<meta property=\"og:site_name\" content=\"Villanova Agriturismo\" \/>\n<meta property=\"article:modified_time\" content=\"2022-11-14T11:26:17+00:00\" \/>\n<meta property=\"og:image\" content=\"https:\/\/www.agriturismovillanova.it\/wp-content\/uploads\/2022\/02\/header-activities.jpg\" \/>\n\t<meta property=\"og:image:width\" content=\"1920\" \/>\n\t<meta property=\"og:image:height\" content=\"920\" \/>\n\t<meta property=\"og:image:type\" content=\"image\/jpeg\" \/>\n<meta name=\"twitter:card\" content=\"summary_large_image\" \/>\n<meta name=\"twitter:label1\" content=\"Tempo di lettura stimato\" \/>\n\t<meta name=\"twitter:data1\" content=\"3 minuti\" \/>\n<script type=\"application\/ld+json\" class=\"yoast-schema-graph\">{\"@context\":\"https:\\\/\\\/schema.org\",\"@graph\":[{\"@type\":\"WebPage\",\"@id\":\"https:\\\/\\\/www.agriturismovillanova.it\\\/it\\\/attivita\\\/\",\"url\":\"https:\\\/\\\/www.agriturismovillanova.it\\\/it\\\/attivita\\\/\",\"name\":\"Cosa fare alle Cinque Terre | Agriturismo Villanova\",\"isPartOf\":{\"@id\":\"https:\\\/\\\/www.agriturismovillanova.it\\\/it\\\/#website\"},\"primaryImageOfPage\":{\"@id\":\"https:\\\/\\\/www.agriturismovillanova.it\\\/it\\\/attivita\\\/#primaryimage\"},\"image\":{\"@id\":\"https:\\\/\\\/www.agriturismovillanova.it\\\/it\\\/attivita\\\/#primaryimage\"},\"thumbnailUrl\":\"https:\\\/\\\/www.agriturismovillanova.it\\\/wp-content\\\/uploads\\\/2022\\\/02\\\/header-activities.jpg\",\"datePublished\":\"2022-02-15T15:47:11+00:00\",\"dateModified\":\"2022-11-14T11:26:17+00:00\",\"description\":\"La posizione ideale di Villanova offre ai nostri ospiti un'ampia scelta di attivit\u00e0 per vivere al meglio le Cinque Terre in agriturismo.\",\"inLanguage\":\"it-IT\",\"potentialAction\":[{\"@type\":\"ReadAction\",\"target\":[\"https:\\\/\\\/www.agriturismovillanova.it\\\/it\\\/attivita\\\/\"]}]},{\"@type\":\"ImageObject\",\"inLanguage\":\"it-IT\",\"@id\":\"https:\\\/\\\/www.agriturismovillanova.it\\\/it\\\/attivita\\\/#primaryimage\",\"url\":\"https:\\\/\\\/www.agriturismovillanova.it\\\/wp-content\\\/uploads\\\/2022\\\/02\\\/header-activities.jpg\",\"contentUrl\":\"https:\\\/\\\/www.agriturismovillanova.it\\\/wp-content\\\/uploads\\\/2022\\\/02\\\/header-activities.jpg\",\"width\":1920,\"height\":920},{\"@type\":\"WebSite\",\"@id\":\"https:\\\/\\\/www.agriturismovillanova.it\\\/it\\\/#website\",\"url\":\"https:\\\/\\\/www.agriturismovillanova.it\\\/it\\\/\",\"name\":\"Villanova Agriturismo\",\"description\":\"Nature &amp; wellness\",\"publisher\":{\"@id\":\"https:\\\/\\\/www.agriturismovillanova.it\\\/it\\\/#organization\"},\"potentialAction\":[{\"@type\":\"SearchAction\",\"target\":{\"@type\":\"EntryPoint\",\"urlTemplate\":\"https:\\\/\\\/www.agriturismovillanova.it\\\/it\\\/?s={search_term_string}\"},\"query-input\":{\"@type\":\"PropertyValueSpecification\",\"valueRequired\":true,\"valueName\":\"search_term_string\"}}],\"inLanguage\":\"it-IT\"},{\"@type\":\"Organization\",\"@id\":\"https:\\\/\\\/www.agriturismovillanova.it\\\/it\\\/#organization\",\"name\":\"Villanova Agriturismo\",\"url\":\"https:\\\/\\\/www.agriturismovillanova.it\\\/it\\\/\",\"logo\":{\"@type\":\"ImageObject\",\"inLanguage\":\"it-IT\",\"@id\":\"https:\\\/\\\/www.agriturismovillanova.it\\\/it\\\/#\\\/schema\\\/logo\\\/image\\\/\",\"url\":\"https:\\\/\\\/www.agriturismovillanova.it\\\/wp-content\\\/uploads\\\/2022\\\/02\\\/logo.svg\",\"contentUrl\":\"https:\\\/\\\/www.agriturismovillanova.it\\\/wp-content\\\/uploads\\\/2022\\\/02\\\/logo.svg\",\"caption\":\"Villanova Agriturismo\"},\"image\":{\"@id\":\"https:\\\/\\\/www.agriturismovillanova.it\\\/it\\\/#\\\/schema\\\/logo\\\/image\\\/\"}}]}<\/script>\n<!-- \/ Yoast SEO plugin. -->","yoast_head_json":{"title":"Cosa fare alle Cinque Terre | Agriturismo Villanova","description":"La posizione ideale di Villanova offre ai nostri ospiti un'ampia scelta di attivit\u00e0 per vivere al meglio le Cinque Terre in agriturismo.","robots":{"index":"index","follow":"follow","max-snippet":"max-snippet:-1","max-image-preview":"max-image-preview:large","max-video-preview":"max-video-preview:-1"},"canonical":"https:\/\/www.agriturismovillanova.it\/it\/attivita\/","og_locale":"it_IT","og_type":"article","og_title":"Cosa fare alle Cinque Terre | Agriturismo Villanova","og_description":"La posizione ideale di Villanova offre ai nostri ospiti un'ampia scelta di attivit\u00e0 per vivere al meglio le Cinque Terre in agriturismo.","og_url":"https:\/\/www.agriturismovillanova.it\/it\/attivita\/","og_site_name":"Villanova Agriturismo","article_modified_time":"2022-11-14T11:26:17+00:00","og_image":[{"width":1920,"height":920,"url":"https:\/\/www.agriturismovillanova.it\/wp-content\/uploads\/2022\/02\/header-activities.jpg","type":"image\/jpeg"}],"twitter_card":"summary_large_image","twitter_misc":{"Tempo di lettura stimato":"3 minuti"},"schema":{"@context":"https:\/\/schema.org","@graph":[{"@type":"WebPage","@id":"https:\/\/www.agriturismovillanova.it\/it\/attivita\/","url":"https:\/\/www.agriturismovillanova.it\/it\/attivita\/","name":"Cosa fare alle Cinque Terre | Agriturismo Villanova","isPartOf":{"@id":"https:\/\/www.agriturismovillanova.it\/it\/#website"},"primaryImageOfPage":{"@id":"https:\/\/www.agriturismovillanova.it\/it\/attivita\/#primaryimage"},"image":{"@id":"https:\/\/www.agriturismovillanova.it\/it\/attivita\/#primaryimage"},"thumbnailUrl":"https:\/\/www.agriturismovillanova.it\/wp-content\/uploads\/2022\/02\/header-activities.jpg","datePublished":"2022-02-15T15:47:11+00:00","dateModified":"2022-11-14T11:26:17+00:00","description":"La posizione ideale di Villanova offre ai nostri ospiti un'ampia scelta di attivit\u00e0 per vivere al meglio le Cinque Terre in agriturismo.","inLanguage":"it-IT","potentialAction":[{"@type":"ReadAction","target":["https:\/\/www.agriturismovillanova.it\/it\/attivita\/"]}]},{"@type":"ImageObject","inLanguage":"it-IT","@id":"https:\/\/www.agriturismovillanova.it\/it\/attivita\/#primaryimage","url":"https:\/\/www.agriturismovillanova.it\/wp-content\/uploads\/2022\/02\/header-activities.jpg","contentUrl":"https:\/\/www.agriturismovillanova.it\/wp-content\/uploads\/2022\/02\/header-activities.jpg","width":1920,"height":920},{"@type":"WebSite","@id":"https:\/\/www.agriturismovillanova.it\/it\/#website","url":"https:\/\/www.agriturismovillanova.it\/it\/","name":"Villanova Agriturismo","description":"Nature &amp; wellness","publisher":{"@id":"https:\/\/www.agriturismovillanova.it\/it\/#organization"},"potentialAction":[{"@type":"SearchAction","target":{"@type":"EntryPoint","urlTemplate":"https:\/\/www.agriturismovillanova.it\/it\/?s={search_term_string}"},"query-input":{"@type":"PropertyValueSpecification","valueRequired":true,"valueName":"search_term_string"}}],"inLanguage":"it-IT"},{"@type":"Organization","@id":"https:\/\/www.agriturismovillanova.it\/it\/#organization","name":"Villanova Agriturismo","url":"https:\/\/www.agriturismovillanova.it\/it\/","logo":{"@type":"ImageObject","inLanguage":"it-IT","@id":"https:\/\/www.agriturismovillanova.it\/it\/#\/schema\/logo\/image\/","url":"https:\/\/www.agriturismovillanova.it\/wp-content\/uploads\/2022\/02\/logo.svg","contentUrl":"https:\/\/www.agriturismovillanova.it\/wp-content\/uploads\/2022\/02\/logo.svg","caption":"Villanova Agriturismo"},"image":{"@id":"https:\/\/www.agriturismovillanova.it\/it\/#\/schema\/logo\/image\/"}}]}},"_links":{"self":[{"href":"https:\/\/www.agriturismovillanova.it\/it\/wp-json\/wp\/v2\/pages\/698","targetHints":{"allow":["GET"]}}],"collection":[{"href":"https:\/\/www.agriturismovillanova.it\/it\/wp-json\/wp\/v2\/pages"}],"about":[{"href":"https:\/\/www.agriturismovillanova.it\/it\/wp-json\/wp\/v2\/types\/page"}],"author":[{"embeddable":true,"href":"https:\/\/www.agriturismovillanova.it\/it\/wp-json\/wp\/v2\/users\/1"}],"replies":[{"embeddable":true,"href":"https:\/\/www.agriturismovillanova.it\/it\/wp-json\/wp\/v2\/comments?post=698"}],"version-history":[{"count":12,"href":"https:\/\/www.agriturismovillanova.it\/it\/wp-json\/wp\/v2\/pages\/698\/revisions"}],"predecessor-version":[{"id":4116,"href":"https:\/\/www.agriturismovillanova.it\/it\/wp-json\/wp\/v2\/pages\/698\/revisions\/4116"}],"wp:featuredmedia":[{"embeddable":true,"href":"https:\/\/www.agriturismovillanova.it\/it\/wp-json\/wp\/v2\/media\/881"}],"wp:attachment":[{"href":"https:\/\/www.agriturismovillanova.it\/it\/wp-json\/wp\/v2\/media?parent=698"}],"curies":[{"name":"wp","href":"https:\/\/api.w.org\/{rel}","templated":true}]}}