{"id":2413,"date":"2022-03-16T11:53:32","date_gmt":"2022-03-16T10:53:32","guid":{"rendered":"https:\/\/www.agriturismovillanova.it\/privacy-policy\/"},"modified":"2022-03-16T11:54:26","modified_gmt":"2022-03-16T10:54:26","slug":"privacy-policy","status":"publish","type":"page","link":"https:\/\/www.agriturismovillanova.it\/it\/privacy-policy\/","title":{"rendered":"Privacy Policy"},"content":{"rendered":"\t\t<div data-elementor-type=\"wp-page\" data-elementor-id=\"2413\" class=\"elementor elementor-2413 elementor-3\" data-elementor-post-type=\"page\">\n\t\t\t\t\t\t<section class=\"elementor-section elementor-top-section elementor-element elementor-element-3908bc60 elementor-section-boxed elementor-section-height-default elementor-section-height-default\" data-id=\"3908bc60\" data-element_type=\"section\" data-e-type=\"section\">\n\t\t\t\t\t\t<div class=\"elementor-container elementor-column-gap-default\">\n\t\t\t\t\t<div class=\"elementor-column elementor-col-100 elementor-top-column elementor-element elementor-element-505b3d46\" data-id=\"505b3d46\" data-element_type=\"column\" data-e-type=\"column\">\n\t\t\t<div class=\"elementor-widget-wrap elementor-element-populated\">\n\t\t\t\t\t\t<div class=\"elementor-element elementor-element-28c2c11a elementor-widget elementor-widget-text-editor\" data-id=\"28c2c11a\" data-element_type=\"widget\" data-e-type=\"widget\" data-widget_type=\"text-editor.default\">\n\t\t\t\t<div class=\"elementor-widget-container\">\n\t\t\t\t\t\t\t\t\t<div class=\"container\"><div class=\"container_inner default_template_holder clearfix\"><div class=\"vc_row wpb_row section vc_row-fluid\"><div class=\" full_section_inner clearfix\"><div class=\"wpb_column vc_column_container vc_col-sm-12\"><div class=\"vc_column-inner \"><div class=\"wpb_wrapper\"><div class=\"wpb_text_column wpb_content_element \"><div class=\"wpb_wrapper\"><p><strong>La privacy policy di questo sito<\/strong><\/p><p>In questa pagina si descrivono le modalit\u00e0 di gestione del sito in riferimento al trattamento dei dati personali degli utenti che lo consultano. Si tratta di un\u2019informativa che \u00e8 resa anche ai sensi della normativa vigente in materia di protezione dei dati personali (Regolamento (UE) 2016\/679 \u2013 D. Legisl. 196\/2003), a coloro che consultano le pagine del sito internet www.agriturismovillanova.it (di seguito: \u201csito\u201d) o che usufruiscono dei servizi sullo stesso messi a disposizione.<\/p><p>L\u2019informativa \u00e8 resa esclusivamente per il sito di Agriturismo Villanova e non anche per gli altri siti web eventualmente consultati dall\u2019utente tramite i link presenti all\u2019interno del sito.<\/p><p>\u00a0<\/p><p><strong>Titolare del trattamento: Agriturismo Villanova<\/strong><\/p><p><strong>Indirizzo\u00a0: Localita\u2019 Villanova, 19015 Levanto (SP) Italy<\/strong><\/p><p><strong>Email: <a href=\"mailto:info@agriturismovillanova.it\">info@agriturismovillanova.it<\/a> <\/strong><\/p><p><strong>Tel: +39 0187 802517<\/strong><\/p><p><strong>Fax\u00a0: +39 0187 803519<\/strong><\/p><p><strong>\u00a0<\/strong><\/p><p><strong>Tipi di dati trattati<\/strong><\/p><p>\u00a0<\/p><p><u>Dati di navigazione<\/u><\/p><p>I sistemi informatici e le procedure software preposte al funzionamento di questo sito web acquisiscono, nel corso del loro normale esercizio, alcuni dati personali la cui trasmissione \u00e8 implicita nell\u2019uso dei protocolli di comunicazione di Internet.<\/p><p>Si tratta di informazioni che non sono raccolte per essere associate a interessati identificati, ma che per loro stessa natura potrebbero, attraverso elaborazioni ed associazioni con dati detenuti da terzi, permettere di identificare gli utenti.<\/p><p>In questa categoria di dati rientrano gli indirizzi IP o i nomi a dominio dei computer utilizzati dagli utenti che si connettono al sito, gli indirizzi in notazione URI (Uniform Resource Identifier) delle risorse richieste, l\u2019orario della richiesta, il metodo utilizzato nel sottoporre la richiesta al server, la dimensione del file ottenuto in risposta, il codice numerico indicante lo stato della risposta data dal server (buon fine, errore, ecc.) ed altri parametri relativi al sistema operativo e all\u2019ambiente informatico dell\u2019utente.<\/p><p>Questi dati vengono utilizzati al solo fine di ricavare informazioni statistiche anonime sull\u2019uso del sito e per controllarne il corretto funzionamento e vengono cancellati immediatamente dopo l\u2019elaborazione. I dati potrebbero essere utilizzati per l\u2019accertamento di responsabilit\u00e0 in caso di ipotetici reati informatici ai danni del sito: salva questa eventualit\u00e0, allo stato i dati sui contatti web non persistono per pi\u00f9 di sette giorni.<\/p><p>\u00a0<\/p><p><u>Dati forniti volontariamente dall\u2019utente<\/u><\/p><p>La registrazione dei dati personali, anche particolari (cosiddetti \u201csensibili\u201d), sulla apposita pagina del sito, finalizzata a richiedere servizi, l\u2019accesso alle aree riservate del sito, la richiesta di invio della newsletter, nonch\u00e9 l\u2019invio facoltativo, esplicito e volontario di posta elettronica agli indirizzi indicati su questo sito, comporta la successiva acquisizione dell\u2019indirizzo del mittente, necessario per rispondere alle richieste, nonch\u00e9 degli eventuali altri dati personali inseriti.<\/p><p>Specifiche informative di sintesi verranno progressivamente riportate o visualizzate nelle pagine del sito predisposte per particolari servizi a richiesta.<\/p><p>\u00a0<\/p><p><u>Cookie<\/u><\/p><p>Nessun dato personale degli utenti viene in proposito acquisito dal sito.<\/p><p>Non viene fatto uso di cookie per la trasmissione di informazioni di carattere personale, n\u00e9 vengono utilizzati c.d. cookie persistenti di alcun tipo, ovvero sistemi per il tracciamento degli utenti.<\/p><p>L\u2019uso di c.d. cookie di sessione (che non vengono memorizzati in modo persistente sul computer dell\u2019utente e svaniscono con la chiusura del browser) \u00e8 strettamente limitato alla trasmissione di identificativi di sessione (costituiti da numeri casuali generati dal server) necessari per consentire l\u2019esplorazione sicura ed efficiente del sito.<\/p><p>I c.d. cookie di sessione utilizzati in questo sito evitano il ricorso ad altre tecniche informatiche potenzialmente pregiudizievoli per la riservatezza della navigazione degli utenti e non consentono l\u2019acquisizione di dati personali identificativi dell\u2019utente.<\/p><p>\u00a0<\/p><p><strong>Facoltativit\u00e0 del conferimento dei dati<\/strong><\/p><p>A parte quanto specificato per i dati di navigazione, l\u2019utente \u00e8 libero di fornire i dati personali riportati nei moduli di richiesta di servizi, o comunque indicati in contatti con i nostri uffici per sollecitare l\u2019invio della newsletter, di materiale informativo o di altre comunicazioni.<\/p><p>Il loro mancato conferimento pu\u00f2 comportare l\u2019impossibilit\u00e0 di ottenere quanto richiesto.<\/p><p>\u00a0<\/p><p><strong>Modalit\u00e0 del trattamento<\/strong><\/p><p>I dati personali sono trattati con strumenti automatizzati e manuali per il tempo strettamente necessario a conseguire gli scopi per cui sono stati raccolti.<\/p><p>Specifiche misure di sicurezza sono osservate per prevenire la perdita dei dati, usi illeciti o non corretti ed accessi non autorizzati.<\/p><p>\u00a0<\/p><p><strong>Diritti degli interessati<\/strong><\/p><p>I soggetti cui si riferiscono i dati personali hanno alcuni diritti (diritto di accesso, diritto di rettifica, diritto alla cancellazione, diritto di limitazione di trattamento, diritto alla portabilit\u00e0 dei dati, diritto di opposizione, diritto di non essere sottoposto a una decisione basata unicamente sul trattamento automatizzato, compresa la profilazione) se ed in quanto applicabili (articoli da 15 a 22 del Regolamento UE n. 679 del 2016). Hanno inoltre diritto di proporre reclamo all\u2019autorit\u00e0 di controllo, secondo le procedure previste dalla normativa vigente.<\/p><p>Le richieste vanno rivolte:<\/p><p>\u2013 via e-mail all\u2019indirizzo: info@agriturismovillanova.it<\/p><p>\u2013 via fax: +39 0187 803519<\/p><p>\u2013 oppure via posta a: Agriturismo Villanova, Localita\u2019 Villanova, 19015 Levanto (SP) Italy<\/p><\/div><\/div><\/div><\/div><\/div><\/div><\/div><\/div><\/div>\t\t\t\t\t\t\t\t<\/div>\n\t\t\t\t<\/div>\n\t\t\t\t\t<\/div>\n\t\t<\/div>\n\t\t\t\t\t<\/div>\n\t\t<\/section>\n\t\t\t\t<\/div>\n\t\t","protected":false},"excerpt":{"rendered":"<p>La privacy policy di questo sito In questa pagina si descrivono le modalit\u00e0 di gestione del sito in riferimento al trattamento dei dati personali degli utenti che lo consultano. Si tratta di un\u2019informativa che \u00e8 resa anche ai sensi della normativa vigente in materia di protezione dei dati personali (Regolamento (UE) 2016\/679 \u2013 D. Legisl. [&hellip;]<\/p>\n","protected":false},"author":1,"featured_media":1761,"parent":0,"menu_order":0,"comment_status":"closed","ping_status":"open","template":"","meta":{"footnotes":""},"class_list":["post-2413","page","type-page","status-publish","has-post-thumbnail","hentry"],"yoast_head":"<!-- This site is optimized with the Yoast SEO plugin v27.3 - https:\/\/yoast.com\/product\/yoast-seo-wordpress\/ -->\n<title>Privacy Policy - Villanova Agriturismo<\/title>\n<meta name=\"robots\" content=\"index, follow, max-snippet:-1, max-image-preview:large, max-video-preview:-1\" \/>\n<link rel=\"canonical\" href=\"https:\/\/www.agriturismovillanova.it\/it\/privacy-policy\/\" \/>\n<meta property=\"og:locale\" content=\"it_IT\" \/>\n<meta property=\"og:type\" content=\"article\" \/>\n<meta property=\"og:title\" content=\"Privacy Policy - Villanova Agriturismo\" \/>\n<meta property=\"og:description\" content=\"La privacy policy di questo sito In questa pagina si descrivono le modalit\u00e0 di gestione del sito in riferimento al trattamento dei dati personali degli utenti che lo consultano. Si tratta di un\u2019informativa che \u00e8 resa anche ai sensi della normativa vigente in materia di protezione dei dati personali (Regolamento (UE) 2016\/679 \u2013 D. Legisl. [&hellip;]\" \/>\n<meta property=\"og:url\" content=\"https:\/\/www.agriturismovillanova.it\/it\/privacy-policy\/\" \/>\n<meta property=\"og:site_name\" content=\"Villanova Agriturismo\" \/>\n<meta property=\"article:modified_time\" content=\"2022-03-16T10:54:26+00:00\" \/>\n<meta property=\"og:image\" content=\"https:\/\/www.agriturismovillanova.it\/wp-content\/uploads\/2022\/02\/villanova.jpg\" \/>\n\t<meta property=\"og:image:width\" content=\"829\" \/>\n\t<meta property=\"og:image:height\" content=\"587\" \/>\n\t<meta property=\"og:image:type\" content=\"image\/jpeg\" \/>\n<meta name=\"twitter:card\" content=\"summary_large_image\" \/>\n<meta name=\"twitter:label1\" content=\"Tempo di lettura stimato\" \/>\n\t<meta name=\"twitter:data1\" content=\"4 minuti\" \/>\n<script type=\"application\/ld+json\" class=\"yoast-schema-graph\">{\"@context\":\"https:\\\/\\\/schema.org\",\"@graph\":[{\"@type\":\"WebPage\",\"@id\":\"https:\\\/\\\/www.agriturismovillanova.it\\\/it\\\/privacy-policy\\\/\",\"url\":\"https:\\\/\\\/www.agriturismovillanova.it\\\/it\\\/privacy-policy\\\/\",\"name\":\"Privacy Policy - Villanova Agriturismo\",\"isPartOf\":{\"@id\":\"https:\\\/\\\/www.agriturismovillanova.it\\\/it\\\/#website\"},\"primaryImageOfPage\":{\"@id\":\"https:\\\/\\\/www.agriturismovillanova.it\\\/it\\\/privacy-policy\\\/#primaryimage\"},\"image\":{\"@id\":\"https:\\\/\\\/www.agriturismovillanova.it\\\/it\\\/privacy-policy\\\/#primaryimage\"},\"thumbnailUrl\":\"https:\\\/\\\/www.agriturismovillanova.it\\\/wp-content\\\/uploads\\\/2022\\\/02\\\/villanova.jpg\",\"datePublished\":\"2022-03-16T10:53:32+00:00\",\"dateModified\":\"2022-03-16T10:54:26+00:00\",\"inLanguage\":\"it-IT\",\"potentialAction\":[{\"@type\":\"ReadAction\",\"target\":[\"https:\\\/\\\/www.agriturismovillanova.it\\\/it\\\/privacy-policy\\\/\"]}]},{\"@type\":\"ImageObject\",\"inLanguage\":\"it-IT\",\"@id\":\"https:\\\/\\\/www.agriturismovillanova.it\\\/it\\\/privacy-policy\\\/#primaryimage\",\"url\":\"https:\\\/\\\/www.agriturismovillanova.it\\\/wp-content\\\/uploads\\\/2022\\\/02\\\/villanova.jpg\",\"contentUrl\":\"https:\\\/\\\/www.agriturismovillanova.it\\\/wp-content\\\/uploads\\\/2022\\\/02\\\/villanova.jpg\",\"width\":829,\"height\":587},{\"@type\":\"WebSite\",\"@id\":\"https:\\\/\\\/www.agriturismovillanova.it\\\/it\\\/#website\",\"url\":\"https:\\\/\\\/www.agriturismovillanova.it\\\/it\\\/\",\"name\":\"Villanova Agriturismo\",\"description\":\"Nature &amp; wellness\",\"publisher\":{\"@id\":\"https:\\\/\\\/www.agriturismovillanova.it\\\/it\\\/#organization\"},\"potentialAction\":[{\"@type\":\"SearchAction\",\"target\":{\"@type\":\"EntryPoint\",\"urlTemplate\":\"https:\\\/\\\/www.agriturismovillanova.it\\\/it\\\/?s={search_term_string}\"},\"query-input\":{\"@type\":\"PropertyValueSpecification\",\"valueRequired\":true,\"valueName\":\"search_term_string\"}}],\"inLanguage\":\"it-IT\"},{\"@type\":\"Organization\",\"@id\":\"https:\\\/\\\/www.agriturismovillanova.it\\\/it\\\/#organization\",\"name\":\"Villanova Agriturismo\",\"url\":\"https:\\\/\\\/www.agriturismovillanova.it\\\/it\\\/\",\"logo\":{\"@type\":\"ImageObject\",\"inLanguage\":\"it-IT\",\"@id\":\"https:\\\/\\\/www.agriturismovillanova.it\\\/it\\\/#\\\/schema\\\/logo\\\/image\\\/\",\"url\":\"https:\\\/\\\/www.agriturismovillanova.it\\\/wp-content\\\/uploads\\\/2022\\\/02\\\/logo.svg\",\"contentUrl\":\"https:\\\/\\\/www.agriturismovillanova.it\\\/wp-content\\\/uploads\\\/2022\\\/02\\\/logo.svg\",\"caption\":\"Villanova Agriturismo\"},\"image\":{\"@id\":\"https:\\\/\\\/www.agriturismovillanova.it\\\/it\\\/#\\\/schema\\\/logo\\\/image\\\/\"}}]}<\/script>\n<!-- \/ Yoast SEO plugin. -->","yoast_head_json":{"title":"Privacy Policy - Villanova Agriturismo","robots":{"index":"index","follow":"follow","max-snippet":"max-snippet:-1","max-image-preview":"max-image-preview:large","max-video-preview":"max-video-preview:-1"},"canonical":"https:\/\/www.agriturismovillanova.it\/it\/privacy-policy\/","og_locale":"it_IT","og_type":"article","og_title":"Privacy Policy - Villanova Agriturismo","og_description":"La privacy policy di questo sito In questa pagina si descrivono le modalit\u00e0 di gestione del sito in riferimento al trattamento dei dati personali degli utenti che lo consultano. Si tratta di un\u2019informativa che \u00e8 resa anche ai sensi della normativa vigente in materia di protezione dei dati personali (Regolamento (UE) 2016\/679 \u2013 D. Legisl. [&hellip;]","og_url":"https:\/\/www.agriturismovillanova.it\/it\/privacy-policy\/","og_site_name":"Villanova Agriturismo","article_modified_time":"2022-03-16T10:54:26+00:00","og_image":[{"width":829,"height":587,"url":"https:\/\/www.agriturismovillanova.it\/wp-content\/uploads\/2022\/02\/villanova.jpg","type":"image\/jpeg"}],"twitter_card":"summary_large_image","twitter_misc":{"Tempo di lettura stimato":"4 minuti"},"schema":{"@context":"https:\/\/schema.org","@graph":[{"@type":"WebPage","@id":"https:\/\/www.agriturismovillanova.it\/it\/privacy-policy\/","url":"https:\/\/www.agriturismovillanova.it\/it\/privacy-policy\/","name":"Privacy Policy - Villanova Agriturismo","isPartOf":{"@id":"https:\/\/www.agriturismovillanova.it\/it\/#website"},"primaryImageOfPage":{"@id":"https:\/\/www.agriturismovillanova.it\/it\/privacy-policy\/#primaryimage"},"image":{"@id":"https:\/\/www.agriturismovillanova.it\/it\/privacy-policy\/#primaryimage"},"thumbnailUrl":"https:\/\/www.agriturismovillanova.it\/wp-content\/uploads\/2022\/02\/villanova.jpg","datePublished":"2022-03-16T10:53:32+00:00","dateModified":"2022-03-16T10:54:26+00:00","inLanguage":"it-IT","potentialAction":[{"@type":"ReadAction","target":["https:\/\/www.agriturismovillanova.it\/it\/privacy-policy\/"]}]},{"@type":"ImageObject","inLanguage":"it-IT","@id":"https:\/\/www.agriturismovillanova.it\/it\/privacy-policy\/#primaryimage","url":"https:\/\/www.agriturismovillanova.it\/wp-content\/uploads\/2022\/02\/villanova.jpg","contentUrl":"https:\/\/www.agriturismovillanova.it\/wp-content\/uploads\/2022\/02\/villanova.jpg","width":829,"height":587},{"@type":"WebSite","@id":"https:\/\/www.agriturismovillanova.it\/it\/#website","url":"https:\/\/www.agriturismovillanova.it\/it\/","name":"Villanova Agriturismo","description":"Nature &amp; wellness","publisher":{"@id":"https:\/\/www.agriturismovillanova.it\/it\/#organization"},"potentialAction":[{"@type":"SearchAction","target":{"@type":"EntryPoint","urlTemplate":"https:\/\/www.agriturismovillanova.it\/it\/?s={search_term_string}"},"query-input":{"@type":"PropertyValueSpecification","valueRequired":true,"valueName":"search_term_string"}}],"inLanguage":"it-IT"},{"@type":"Organization","@id":"https:\/\/www.agriturismovillanova.it\/it\/#organization","name":"Villanova Agriturismo","url":"https:\/\/www.agriturismovillanova.it\/it\/","logo":{"@type":"ImageObject","inLanguage":"it-IT","@id":"https:\/\/www.agriturismovillanova.it\/it\/#\/schema\/logo\/image\/","url":"https:\/\/www.agriturismovillanova.it\/wp-content\/uploads\/2022\/02\/logo.svg","contentUrl":"https:\/\/www.agriturismovillanova.it\/wp-content\/uploads\/2022\/02\/logo.svg","caption":"Villanova Agriturismo"},"image":{"@id":"https:\/\/www.agriturismovillanova.it\/it\/#\/schema\/logo\/image\/"}}]}},"_links":{"self":[{"href":"https:\/\/www.agriturismovillanova.it\/it\/wp-json\/wp\/v2\/pages\/2413","targetHints":{"allow":["GET"]}}],"collection":[{"href":"https:\/\/www.agriturismovillanova.it\/it\/wp-json\/wp\/v2\/pages"}],"about":[{"href":"https:\/\/www.agriturismovillanova.it\/it\/wp-json\/wp\/v2\/types\/page"}],"author":[{"embeddable":true,"href":"https:\/\/www.agriturismovillanova.it\/it\/wp-json\/wp\/v2\/users\/1"}],"replies":[{"embeddable":true,"href":"https:\/\/www.agriturismovillanova.it\/it\/wp-json\/wp\/v2\/comments?post=2413"}],"version-history":[{"count":6,"href":"https:\/\/www.agriturismovillanova.it\/it\/wp-json\/wp\/v2\/pages\/2413\/revisions"}],"predecessor-version":[{"id":2419,"href":"https:\/\/www.agriturismovillanova.it\/it\/wp-json\/wp\/v2\/pages\/2413\/revisions\/2419"}],"wp:featuredmedia":[{"embeddable":true,"href":"https:\/\/www.agriturismovillanova.it\/it\/wp-json\/wp\/v2\/media\/1761"}],"wp:attachment":[{"href":"https:\/\/www.agriturismovillanova.it\/it\/wp-json\/wp\/v2\/media?parent=2413"}],"curies":[{"name":"wp","href":"https:\/\/api.w.org\/{rel}","templated":true}]}}