{"id":694,"date":"2022-02-15T16:32:39","date_gmt":"2022-02-15T15:32:39","guid":{"rendered":"https:\/\/www.agriturismovillanova.it\/activites\/"},"modified":"2025-05-31T20:24:27","modified_gmt":"2025-05-31T18:24:27","slug":"activites","status":"publish","type":"page","link":"https:\/\/www.agriturismovillanova.it\/fr\/activites\/","title":{"rendered":"Activit\u00e9s"},"content":{"rendered":"\t\t<div data-elementor-type=\"wp-page\" data-elementor-id=\"694\" class=\"elementor elementor-694 elementor-24\" data-elementor-post-type=\"page\">\n\t\t\t\t\t\t<section class=\"elementor-section elementor-top-section elementor-element elementor-element-fdd488d elementor-section-full_width elementor-section-height-default elementor-section-height-default\" data-id=\"fdd488d\" data-element_type=\"section\" data-e-type=\"section\">\n\t\t\t\t\t\t<div class=\"elementor-container elementor-column-gap-default\">\n\t\t\t\t\t<div class=\"elementor-column elementor-col-50 elementor-top-column elementor-element elementor-element-ae515a1\" data-id=\"ae515a1\" data-element_type=\"column\" data-e-type=\"column\">\n\t\t\t<div class=\"elementor-widget-wrap elementor-element-populated\">\n\t\t\t\t\t\t<div class=\"elementor-element elementor-element-1e78102 title-with-graph elementor-widget elementor-widget-heading\" data-id=\"1e78102\" data-element_type=\"widget\" data-e-type=\"widget\" data-widget_type=\"heading.default\">\n\t\t\t\t<div class=\"elementor-widget-container\">\n\t\t\t\t\t<h2 class=\"elementor-heading-title elementor-size-default\">Id\u00e9alement situ\u00e9e en pleine nature et loin des foules Villanova offre toute une s\u00e9rie d\u2019activit\u00e9s \u00e0 ses h\u00f4tes.<\/h2>\t\t\t\t<\/div>\n\t\t\t\t<\/div>\n\t\t\t\t\t<\/div>\n\t\t<\/div>\n\t\t\t\t<div class=\"elementor-column elementor-col-50 elementor-top-column elementor-element elementor-element-3fcc09f\" data-id=\"3fcc09f\" data-element_type=\"column\" data-e-type=\"column\">\n\t\t\t<div class=\"elementor-widget-wrap elementor-element-populated\">\n\t\t\t\t\t\t<div class=\"elementor-element elementor-element-93a7e32 elementor-widget elementor-widget-text-editor\" data-id=\"93a7e32\" data-element_type=\"widget\" data-e-type=\"widget\" data-widget_type=\"text-editor.default\">\n\t\t\t\t<div class=\"elementor-widget-container\">\n\t\t\t\t\t\t\t\t\t<p>C\u2019est un paradis pour les amateurs de nature et de balades, directement reli\u00e9 par un chemin de randonn\u00e9e au c\u00e9l\u00e8bre Parc National des Cinque Terre, class\u00e9 patrimoine culturel de l\u2019humanit\u00e9 par l\u2019UNESCO en 1998.<\/p>\n<p>\u00c9videmment,Villanova est \u00e9galement un paradis pour les enfants qui vont s\u2019amuser \u00e0 explorer le vaste domaine.<\/p>\n<p>Notre r\u00e9ception se tient \u00e0 votre enti\u00e8re disposition pour tout renseignement compl\u00e9mentaire concernant les services et activit\u00e9s offertes par Villanova et propos\u00e9s dans ses alentours.<\/p>\n\t\t\t\t\t\t\t\t<\/div>\n\t\t\t\t<\/div>\n\t\t\t\t\t<\/div>\n\t\t<\/div>\n\t\t\t\t\t<\/div>\n\t\t<\/section>\n\t\t\t\t<section class=\"elementor-section elementor-top-section elementor-element elementor-element-6720f4d elementor-section-full_width elementor-reverse-mobile elementor-section-height-default elementor-section-height-default\" data-id=\"6720f4d\" data-element_type=\"section\" data-e-type=\"section\">\n\t\t\t\t\t\t<div class=\"elementor-container elementor-column-gap-no\">\n\t\t\t\t\t<div class=\"elementor-column elementor-col-50 elementor-top-column elementor-element elementor-element-b6c64da\" data-id=\"b6c64da\" data-element_type=\"column\" data-e-type=\"column\">\n\t\t\t<div class=\"elementor-widget-wrap elementor-element-populated\">\n\t\t\t\t\t\t<div class=\"elementor-element elementor-element-fd55951 elementor-widget elementor-widget-image\" data-id=\"fd55951\" data-element_type=\"widget\" data-e-type=\"widget\" data-widget_type=\"image.default\">\n\t\t\t\t<div class=\"elementor-widget-container\">\n\t\t\t\t\t\t\t\t\t\t\t\t\t\t\t<img fetchpriority=\"high\" decoding=\"async\" width=\"1757\" height=\"944\" src=\"https:\/\/www.agriturismovillanova.it\/wp-content\/uploads\/2022\/02\/attivita-1.png\" class=\"attachment-full size-full wp-image-675\" alt=\"\" srcset=\"https:\/\/www.agriturismovillanova.it\/wp-content\/uploads\/2022\/02\/attivita-1.png 1757w, https:\/\/www.agriturismovillanova.it\/wp-content\/uploads\/2022\/02\/attivita-1-300x161.png 300w, https:\/\/www.agriturismovillanova.it\/wp-content\/uploads\/2022\/02\/attivita-1-1024x550.png 1024w, https:\/\/www.agriturismovillanova.it\/wp-content\/uploads\/2022\/02\/attivita-1-768x413.png 768w, https:\/\/www.agriturismovillanova.it\/wp-content\/uploads\/2022\/02\/attivita-1-1536x825.png 1536w\" sizes=\"(max-width: 1757px) 100vw, 1757px\" \/>\t\t\t\t\t\t\t\t\t\t\t\t\t\t\t<\/div>\n\t\t\t\t<\/div>\n\t\t\t\t\t<\/div>\n\t\t<\/div>\n\t\t\t\t<div class=\"elementor-column elementor-col-50 elementor-top-column elementor-element elementor-element-7187ea5\" data-id=\"7187ea5\" data-element_type=\"column\" data-e-type=\"column\">\n\t\t\t<div class=\"elementor-widget-wrap elementor-element-populated\">\n\t\t\t\t\t\t<div class=\"elementor-element elementor-element-6027d2f elementor-widget elementor-widget-text-editor\" data-id=\"6027d2f\" data-element_type=\"widget\" data-e-type=\"widget\" data-widget_type=\"text-editor.default\">\n\t\t\t\t<div class=\"elementor-widget-container\">\n\t\t\t\t\t\t\t\t\t<p>La localit\u00e9 la plus proche de Villanova est le village de <strong>Levanto qui se trouve \u00e0 5\u00b4 en voiture (30\u2019 \u00e0 pied)<\/strong>. Il offre toutes sortes de distractions et de divertissements avec la possibilit\u00e9 de louer des \u00e9quipements sportifs (bateaux, cano\u00ebs, kayaks, planches \u00e0 voile\u2026).<\/p>\n\t\t\t\t\t\t\t\t<\/div>\n\t\t\t\t<\/div>\n\t\t\t\t\t<\/div>\n\t\t<\/div>\n\t\t\t\t\t<\/div>\n\t\t<\/section>\n\t\t\t\t<section class=\"elementor-section elementor-top-section elementor-element elementor-element-9d2ecb6 elementor-section-full_width elementor-section-height-default elementor-section-height-default\" data-id=\"9d2ecb6\" data-element_type=\"section\" data-e-type=\"section\">\n\t\t\t\t\t\t<div class=\"elementor-container elementor-column-gap-no\">\n\t\t\t\t\t<div class=\"elementor-column elementor-col-50 elementor-top-column elementor-element elementor-element-241468d\" data-id=\"241468d\" data-element_type=\"column\" data-e-type=\"column\">\n\t\t\t<div class=\"elementor-widget-wrap elementor-element-populated\">\n\t\t\t\t\t\t<div class=\"elementor-element elementor-element-b9b2b78 elementor-widget elementor-widget-text-editor\" data-id=\"b9b2b78\" data-element_type=\"widget\" data-e-type=\"widget\" data-widget_type=\"text-editor.default\">\n\t\t\t\t<div class=\"elementor-widget-container\">\n\t\t\t\t\t\t\t\t\t<p>Levanto est aussi connue comme un haut lieu du <strong>surf<\/strong>. On y trouve aussi des \u00e9coles de <strong>plong\u00e9e sous-marine<\/strong> qui proposent des excursions et des cours avec certification \u00e0 la cl\u00e9. Levanto offre aussi la possibilit\u00e9 de faire du tennis.<\/p>\n\t\t\t\t\t\t\t\t<\/div>\n\t\t\t\t<\/div>\n\t\t\t\t\t<\/div>\n\t\t<\/div>\n\t\t\t\t<div class=\"elementor-column elementor-col-50 elementor-top-column elementor-element elementor-element-2f02ad7\" data-id=\"2f02ad7\" data-element_type=\"column\" data-e-type=\"column\">\n\t\t\t<div class=\"elementor-widget-wrap elementor-element-populated\">\n\t\t\t\t\t\t<div class=\"elementor-element elementor-element-2f70edb elementor-widget elementor-widget-image\" data-id=\"2f70edb\" data-element_type=\"widget\" data-e-type=\"widget\" data-widget_type=\"image.default\">\n\t\t\t\t<div class=\"elementor-widget-container\">\n\t\t\t\t\t\t\t\t\t\t\t\t\t\t\t<img decoding=\"async\" width=\"1757\" height=\"944\" src=\"https:\/\/www.agriturismovillanova.it\/wp-content\/uploads\/2022\/02\/attivita-2.png\" class=\"attachment-full size-full wp-image-680\" alt=\"\" srcset=\"https:\/\/www.agriturismovillanova.it\/wp-content\/uploads\/2022\/02\/attivita-2.png 1757w, https:\/\/www.agriturismovillanova.it\/wp-content\/uploads\/2022\/02\/attivita-2-300x161.png 300w, https:\/\/www.agriturismovillanova.it\/wp-content\/uploads\/2022\/02\/attivita-2-1024x550.png 1024w, https:\/\/www.agriturismovillanova.it\/wp-content\/uploads\/2022\/02\/attivita-2-768x413.png 768w, https:\/\/www.agriturismovillanova.it\/wp-content\/uploads\/2022\/02\/attivita-2-1536x825.png 1536w\" sizes=\"(max-width: 1757px) 100vw, 1757px\" \/>\t\t\t\t\t\t\t\t\t\t\t\t\t\t\t<\/div>\n\t\t\t\t<\/div>\n\t\t\t\t\t<\/div>\n\t\t<\/div>\n\t\t\t\t\t<\/div>\n\t\t<\/section>\n\t\t\t\t<section class=\"elementor-section elementor-top-section elementor-element elementor-element-9c9dbc8 elementor-section-full_width elementor-reverse-mobile elementor-section-height-default elementor-section-height-default\" data-id=\"9c9dbc8\" data-element_type=\"section\" data-e-type=\"section\">\n\t\t\t\t\t\t<div class=\"elementor-container elementor-column-gap-no\">\n\t\t\t\t\t<div class=\"elementor-column elementor-col-50 elementor-top-column elementor-element elementor-element-7af33d5\" data-id=\"7af33d5\" data-element_type=\"column\" data-e-type=\"column\">\n\t\t\t<div class=\"elementor-widget-wrap elementor-element-populated\">\n\t\t\t\t\t\t<div class=\"elementor-element elementor-element-980dcc4 elementor-widget elementor-widget-image\" data-id=\"980dcc4\" data-element_type=\"widget\" data-e-type=\"widget\" data-widget_type=\"image.default\">\n\t\t\t\t<div class=\"elementor-widget-container\">\n\t\t\t\t\t\t\t\t\t\t\t\t\t\t\t<img decoding=\"async\" width=\"960\" height=\"434\" src=\"https:\/\/www.agriturismovillanova.it\/wp-content\/uploads\/2022\/02\/levanto2.png\" class=\"attachment-full size-full wp-image-688\" alt=\"\" srcset=\"https:\/\/www.agriturismovillanova.it\/wp-content\/uploads\/2022\/02\/levanto2.png 960w, https:\/\/www.agriturismovillanova.it\/wp-content\/uploads\/2022\/02\/levanto2-300x136.png 300w, https:\/\/www.agriturismovillanova.it\/wp-content\/uploads\/2022\/02\/levanto2-768x347.png 768w\" sizes=\"(max-width: 960px) 100vw, 960px\" \/>\t\t\t\t\t\t\t\t\t\t\t\t\t\t\t<\/div>\n\t\t\t\t<\/div>\n\t\t\t\t\t<\/div>\n\t\t<\/div>\n\t\t\t\t<div class=\"elementor-column elementor-col-50 elementor-top-column elementor-element elementor-element-808e16d\" data-id=\"808e16d\" data-element_type=\"column\" data-e-type=\"column\">\n\t\t\t<div class=\"elementor-widget-wrap elementor-element-populated\">\n\t\t\t\t\t\t<div class=\"elementor-element elementor-element-d198892 elementor-widget elementor-widget-text-editor\" data-id=\"d198892\" data-element_type=\"widget\" data-e-type=\"widget\" data-widget_type=\"text-editor.default\">\n\t\t\t\t<div class=\"elementor-widget-container\">\n\t\t\t\t\t\t\t\t\t<p>Mais une des attractions les plus importantes est sans doute le grand nombre de <strong>chemins de randonn\u00e9e signal\u00e9s par le Club Alpin Italien (CAI)<\/strong> qui partent de Levanto dans la r\u00e9gion des Cinque Terre. Plusieurs possibilit\u00e9s s\u2019offrent au visiteur d\u00e9sireux d\u2019explorer ce paysage maritime. Entre Levanto et Riomaggiore, le dernier village des Cinque Terre, vous pouvez vous arr\u00eater dans chacun des villages sur votre chemin et retourner au point de d\u00e9part en train ou en bateau. Entre les mois d\u2019avril et de septembre, les bateaux circulent quotidiennement; pendant cette p\u00e9riode de l\u2019ann\u00e9e des liaisons sont aussi assur\u00e9es les week-ends vers Portofino ou G\u00eanes pour y visiter l\u00b4<strong>aquarium le plus grand d\u2019Europe.<\/strong><\/p>\n\t\t\t\t\t\t\t\t<\/div>\n\t\t\t\t<\/div>\n\t\t\t\t\t<\/div>\n\t\t<\/div>\n\t\t\t\t\t<\/div>\n\t\t<\/section>\n\t\t\t\t<section class=\"elementor-section elementor-top-section elementor-element elementor-element-991de18 elementor-section-full_width elementor-section-height-default elementor-section-height-default\" data-id=\"991de18\" data-element_type=\"section\" data-e-type=\"section\">\n\t\t\t\t\t\t<div class=\"elementor-container elementor-column-gap-no\">\n\t\t\t\t\t<div class=\"elementor-column elementor-col-50 elementor-top-column elementor-element elementor-element-fec2946\" data-id=\"fec2946\" data-element_type=\"column\" data-e-type=\"column\">\n\t\t\t<div class=\"elementor-widget-wrap elementor-element-populated\">\n\t\t\t\t\t\t<div class=\"elementor-element elementor-element-49534d5 elementor-widget elementor-widget-text-editor\" data-id=\"49534d5\" data-element_type=\"widget\" data-e-type=\"widget\" data-widget_type=\"text-editor.default\">\n\t\t\t\t<div class=\"elementor-widget-container\">\n\t\t\t\t\t\t\t\t\t<p>D\u2019autres sites c\u00e9l\u00e8bres sont joignables, depuis Levanto, en voiture, en train ou en bateau, comme les villages de Portovenere, Lerici, Tellaro qui bordent la grande baie de La Spezia, surnomm\u00e9e \u201eLe golfe des po\u00e8tes\u201c. Ou encore, situ\u00e9es au nord de Levanto, Portofino et de Santa Margharita, et \u00e0 l\u2019int\u00e9rieur des terres, des villages pittoresques comme Varese Ligure dans la vall\u00e9e de la Vara. Mais vous pouvez tout aussi bien aller visiter les carri\u00e8res de marbre \u00e0 Carrara, vous balader le territoire de la Lunigiana avec ses 100 ch\u00e2teaux. Des villes historiques comme Pise, G\u00eanes, Lucque et Florence se trouvent \u00e0 une ou deux heures de distance.<\/p>\n\t\t\t\t\t\t\t\t<\/div>\n\t\t\t\t<\/div>\n\t\t\t\t\t<\/div>\n\t\t<\/div>\n\t\t\t\t<div class=\"elementor-column elementor-col-50 elementor-top-column elementor-element elementor-element-f7b2fdb\" data-id=\"f7b2fdb\" data-element_type=\"column\" data-e-type=\"column\">\n\t\t\t<div class=\"elementor-widget-wrap elementor-element-populated\">\n\t\t\t\t\t\t<div class=\"elementor-element elementor-element-f41024f elementor-widget elementor-widget-image\" data-id=\"f41024f\" data-element_type=\"widget\" data-e-type=\"widget\" data-widget_type=\"image.default\">\n\t\t\t\t<div class=\"elementor-widget-container\">\n\t\t\t\t\t\t\t\t\t\t\t\t\t\t\t<img loading=\"lazy\" decoding=\"async\" width=\"960\" height=\"434\" src=\"https:\/\/www.agriturismovillanova.it\/wp-content\/uploads\/2022\/02\/levanto-1.png\" class=\"attachment-full size-full wp-image-684\" alt=\"\" srcset=\"https:\/\/www.agriturismovillanova.it\/wp-content\/uploads\/2022\/02\/levanto-1.png 960w, https:\/\/www.agriturismovillanova.it\/wp-content\/uploads\/2022\/02\/levanto-1-300x136.png 300w, https:\/\/www.agriturismovillanova.it\/wp-content\/uploads\/2022\/02\/levanto-1-768x347.png 768w\" sizes=\"(max-width: 960px) 100vw, 960px\" \/>\t\t\t\t\t\t\t\t\t\t\t\t\t\t\t<\/div>\n\t\t\t\t<\/div>\n\t\t\t\t\t<\/div>\n\t\t<\/div>\n\t\t\t\t\t<\/div>\n\t\t<\/section>\n\t\t\t\t<\/div>\n\t\t","protected":false},"excerpt":{"rendered":"<p>Id\u00e9alement situ\u00e9e en pleine nature et loin des foules Villanova offre toute une s\u00e9rie d\u2019activit\u00e9s \u00e0 ses h\u00f4tes. C\u2019est un paradis pour les amateurs de nature et de balades, directement reli\u00e9 par un chemin de randonn\u00e9e au c\u00e9l\u00e8bre Parc National des Cinque Terre, class\u00e9 patrimoine culturel de l\u2019humanit\u00e9 par l\u2019UNESCO en 1998. \u00c9videmment,Villanova est \u00e9galement [&hellip;]<\/p>\n","protected":false},"author":1,"featured_media":879,"parent":0,"menu_order":0,"comment_status":"closed","ping_status":"closed","template":"","meta":{"footnotes":""},"class_list":["post-694","page","type-page","status-publish","has-post-thumbnail","hentry"],"yoast_head":"<!-- This site is optimized with the Yoast SEO plugin v27.3 - https:\/\/yoast.com\/product\/yoast-seo-wordpress\/ -->\n<title>Activit\u00e9s pour un sejour dans les Cinque Terre | Agritourisme Villanova<\/title>\n<meta name=\"description\" content=\"L&#039;emplacement id\u00e9al de Villanova offre \u00e0 nos clients un large choix d&#039;activit\u00e9s pour mieux profiter des Cinque Terre dans une agritourisme.\" \/>\n<meta name=\"robots\" content=\"index, follow, max-snippet:-1, max-image-preview:large, max-video-preview:-1\" \/>\n<link rel=\"canonical\" href=\"https:\/\/www.agriturismovillanova.it\/fr\/activites\/\" \/>\n<meta property=\"og:locale\" content=\"fr_FR\" \/>\n<meta property=\"og:type\" content=\"article\" \/>\n<meta property=\"og:title\" content=\"Activit\u00e9s pour un sejour dans les Cinque Terre | Agritourisme Villanova\" \/>\n<meta property=\"og:description\" content=\"L&#039;emplacement id\u00e9al de Villanova offre \u00e0 nos clients un large choix d&#039;activit\u00e9s pour mieux profiter des Cinque Terre dans une agritourisme.\" \/>\n<meta property=\"og:url\" content=\"https:\/\/www.agriturismovillanova.it\/fr\/activites\/\" \/>\n<meta property=\"og:site_name\" content=\"Villanova Agriturismo\" \/>\n<meta property=\"article:modified_time\" content=\"2025-05-31T18:24:27+00:00\" \/>\n<meta property=\"og:image\" content=\"https:\/\/www.agriturismovillanova.it\/wp-content\/uploads\/2022\/02\/header-activities.jpg\" \/>\n\t<meta property=\"og:image:width\" content=\"1920\" \/>\n\t<meta property=\"og:image:height\" content=\"920\" \/>\n\t<meta property=\"og:image:type\" content=\"image\/jpeg\" \/>\n<meta name=\"twitter:card\" content=\"summary_large_image\" \/>\n<meta name=\"twitter:label1\" content=\"Dur\u00e9e de lecture estim\u00e9e\" \/>\n\t<meta name=\"twitter:data1\" content=\"3 minutes\" \/>\n<script type=\"application\/ld+json\" class=\"yoast-schema-graph\">{\"@context\":\"https:\\\/\\\/schema.org\",\"@graph\":[{\"@type\":\"WebPage\",\"@id\":\"https:\\\/\\\/www.agriturismovillanova.it\\\/fr\\\/activites\\\/\",\"url\":\"https:\\\/\\\/www.agriturismovillanova.it\\\/fr\\\/activites\\\/\",\"name\":\"Activit\u00e9s pour un sejour dans les Cinque Terre | Agritourisme Villanova\",\"isPartOf\":{\"@id\":\"https:\\\/\\\/www.agriturismovillanova.it\\\/fr\\\/#website\"},\"primaryImageOfPage\":{\"@id\":\"https:\\\/\\\/www.agriturismovillanova.it\\\/fr\\\/activites\\\/#primaryimage\"},\"image\":{\"@id\":\"https:\\\/\\\/www.agriturismovillanova.it\\\/fr\\\/activites\\\/#primaryimage\"},\"thumbnailUrl\":\"https:\\\/\\\/www.agriturismovillanova.it\\\/wp-content\\\/uploads\\\/2022\\\/02\\\/header-activities.jpg\",\"datePublished\":\"2022-02-15T15:32:39+00:00\",\"dateModified\":\"2025-05-31T18:24:27+00:00\",\"description\":\"L'emplacement id\u00e9al de Villanova offre \u00e0 nos clients un large choix d'activit\u00e9s pour mieux profiter des Cinque Terre dans une agritourisme.\",\"inLanguage\":\"fr-FR\",\"potentialAction\":[{\"@type\":\"ReadAction\",\"target\":[\"https:\\\/\\\/www.agriturismovillanova.it\\\/fr\\\/activites\\\/\"]}]},{\"@type\":\"ImageObject\",\"inLanguage\":\"fr-FR\",\"@id\":\"https:\\\/\\\/www.agriturismovillanova.it\\\/fr\\\/activites\\\/#primaryimage\",\"url\":\"https:\\\/\\\/www.agriturismovillanova.it\\\/wp-content\\\/uploads\\\/2022\\\/02\\\/header-activities.jpg\",\"contentUrl\":\"https:\\\/\\\/www.agriturismovillanova.it\\\/wp-content\\\/uploads\\\/2022\\\/02\\\/header-activities.jpg\",\"width\":1920,\"height\":920},{\"@type\":\"WebSite\",\"@id\":\"https:\\\/\\\/www.agriturismovillanova.it\\\/fr\\\/#website\",\"url\":\"https:\\\/\\\/www.agriturismovillanova.it\\\/fr\\\/\",\"name\":\"Villanova Agriturismo\",\"description\":\"Nature &amp; wellness\",\"publisher\":{\"@id\":\"https:\\\/\\\/www.agriturismovillanova.it\\\/fr\\\/#organization\"},\"potentialAction\":[{\"@type\":\"SearchAction\",\"target\":{\"@type\":\"EntryPoint\",\"urlTemplate\":\"https:\\\/\\\/www.agriturismovillanova.it\\\/fr\\\/?s={search_term_string}\"},\"query-input\":{\"@type\":\"PropertyValueSpecification\",\"valueRequired\":true,\"valueName\":\"search_term_string\"}}],\"inLanguage\":\"fr-FR\"},{\"@type\":\"Organization\",\"@id\":\"https:\\\/\\\/www.agriturismovillanova.it\\\/fr\\\/#organization\",\"name\":\"Villanova Agriturismo\",\"url\":\"https:\\\/\\\/www.agriturismovillanova.it\\\/fr\\\/\",\"logo\":{\"@type\":\"ImageObject\",\"inLanguage\":\"fr-FR\",\"@id\":\"https:\\\/\\\/www.agriturismovillanova.it\\\/fr\\\/#\\\/schema\\\/logo\\\/image\\\/\",\"url\":\"https:\\\/\\\/www.agriturismovillanova.it\\\/wp-content\\\/uploads\\\/2022\\\/02\\\/logo.svg\",\"contentUrl\":\"https:\\\/\\\/www.agriturismovillanova.it\\\/wp-content\\\/uploads\\\/2022\\\/02\\\/logo.svg\",\"caption\":\"Villanova Agriturismo\"},\"image\":{\"@id\":\"https:\\\/\\\/www.agriturismovillanova.it\\\/fr\\\/#\\\/schema\\\/logo\\\/image\\\/\"}}]}<\/script>\n<!-- \/ Yoast SEO plugin. -->","yoast_head_json":{"title":"Activit\u00e9s pour un sejour dans les Cinque Terre | Agritourisme Villanova","description":"L'emplacement id\u00e9al de Villanova offre \u00e0 nos clients un large choix d'activit\u00e9s pour mieux profiter des Cinque Terre dans une agritourisme.","robots":{"index":"index","follow":"follow","max-snippet":"max-snippet:-1","max-image-preview":"max-image-preview:large","max-video-preview":"max-video-preview:-1"},"canonical":"https:\/\/www.agriturismovillanova.it\/fr\/activites\/","og_locale":"fr_FR","og_type":"article","og_title":"Activit\u00e9s pour un sejour dans les Cinque Terre | Agritourisme Villanova","og_description":"L'emplacement id\u00e9al de Villanova offre \u00e0 nos clients un large choix d'activit\u00e9s pour mieux profiter des Cinque Terre dans une agritourisme.","og_url":"https:\/\/www.agriturismovillanova.it\/fr\/activites\/","og_site_name":"Villanova Agriturismo","article_modified_time":"2025-05-31T18:24:27+00:00","og_image":[{"width":1920,"height":920,"url":"https:\/\/www.agriturismovillanova.it\/wp-content\/uploads\/2022\/02\/header-activities.jpg","type":"image\/jpeg"}],"twitter_card":"summary_large_image","twitter_misc":{"Dur\u00e9e de lecture estim\u00e9e":"3 minutes"},"schema":{"@context":"https:\/\/schema.org","@graph":[{"@type":"WebPage","@id":"https:\/\/www.agriturismovillanova.it\/fr\/activites\/","url":"https:\/\/www.agriturismovillanova.it\/fr\/activites\/","name":"Activit\u00e9s pour un sejour dans les Cinque Terre | Agritourisme Villanova","isPartOf":{"@id":"https:\/\/www.agriturismovillanova.it\/fr\/#website"},"primaryImageOfPage":{"@id":"https:\/\/www.agriturismovillanova.it\/fr\/activites\/#primaryimage"},"image":{"@id":"https:\/\/www.agriturismovillanova.it\/fr\/activites\/#primaryimage"},"thumbnailUrl":"https:\/\/www.agriturismovillanova.it\/wp-content\/uploads\/2022\/02\/header-activities.jpg","datePublished":"2022-02-15T15:32:39+00:00","dateModified":"2025-05-31T18:24:27+00:00","description":"L'emplacement id\u00e9al de Villanova offre \u00e0 nos clients un large choix d'activit\u00e9s pour mieux profiter des Cinque Terre dans une agritourisme.","inLanguage":"fr-FR","potentialAction":[{"@type":"ReadAction","target":["https:\/\/www.agriturismovillanova.it\/fr\/activites\/"]}]},{"@type":"ImageObject","inLanguage":"fr-FR","@id":"https:\/\/www.agriturismovillanova.it\/fr\/activites\/#primaryimage","url":"https:\/\/www.agriturismovillanova.it\/wp-content\/uploads\/2022\/02\/header-activities.jpg","contentUrl":"https:\/\/www.agriturismovillanova.it\/wp-content\/uploads\/2022\/02\/header-activities.jpg","width":1920,"height":920},{"@type":"WebSite","@id":"https:\/\/www.agriturismovillanova.it\/fr\/#website","url":"https:\/\/www.agriturismovillanova.it\/fr\/","name":"Villanova Agriturismo","description":"Nature &amp; wellness","publisher":{"@id":"https:\/\/www.agriturismovillanova.it\/fr\/#organization"},"potentialAction":[{"@type":"SearchAction","target":{"@type":"EntryPoint","urlTemplate":"https:\/\/www.agriturismovillanova.it\/fr\/?s={search_term_string}"},"query-input":{"@type":"PropertyValueSpecification","valueRequired":true,"valueName":"search_term_string"}}],"inLanguage":"fr-FR"},{"@type":"Organization","@id":"https:\/\/www.agriturismovillanova.it\/fr\/#organization","name":"Villanova Agriturismo","url":"https:\/\/www.agriturismovillanova.it\/fr\/","logo":{"@type":"ImageObject","inLanguage":"fr-FR","@id":"https:\/\/www.agriturismovillanova.it\/fr\/#\/schema\/logo\/image\/","url":"https:\/\/www.agriturismovillanova.it\/wp-content\/uploads\/2022\/02\/logo.svg","contentUrl":"https:\/\/www.agriturismovillanova.it\/wp-content\/uploads\/2022\/02\/logo.svg","caption":"Villanova Agriturismo"},"image":{"@id":"https:\/\/www.agriturismovillanova.it\/fr\/#\/schema\/logo\/image\/"}}]}},"_links":{"self":[{"href":"https:\/\/www.agriturismovillanova.it\/fr\/wp-json\/wp\/v2\/pages\/694","targetHints":{"allow":["GET"]}}],"collection":[{"href":"https:\/\/www.agriturismovillanova.it\/fr\/wp-json\/wp\/v2\/pages"}],"about":[{"href":"https:\/\/www.agriturismovillanova.it\/fr\/wp-json\/wp\/v2\/types\/page"}],"author":[{"embeddable":true,"href":"https:\/\/www.agriturismovillanova.it\/fr\/wp-json\/wp\/v2\/users\/1"}],"replies":[{"embeddable":true,"href":"https:\/\/www.agriturismovillanova.it\/fr\/wp-json\/wp\/v2\/comments?post=694"}],"version-history":[{"count":11,"href":"https:\/\/www.agriturismovillanova.it\/fr\/wp-json\/wp\/v2\/pages\/694\/revisions"}],"predecessor-version":[{"id":6430,"href":"https:\/\/www.agriturismovillanova.it\/fr\/wp-json\/wp\/v2\/pages\/694\/revisions\/6430"}],"wp:featuredmedia":[{"embeddable":true,"href":"https:\/\/www.agriturismovillanova.it\/fr\/wp-json\/wp\/v2\/media\/879"}],"wp:attachment":[{"href":"https:\/\/www.agriturismovillanova.it\/fr\/wp-json\/wp\/v2\/media?parent=694"}],"curies":[{"name":"wp","href":"https:\/\/api.w.org\/{rel}","templated":true}]}}