{"id":656,"date":"2022-02-15T15:20:35","date_gmt":"2022-02-15T14:20:35","guid":{"rendered":"https:\/\/www.agriturismovillanova.it\/levanto-et-cinque-terre\/"},"modified":"2025-05-31T20:21:48","modified_gmt":"2025-05-31T18:21:48","slug":"levanto-et-cinque-terre","status":"publish","type":"page","link":"https:\/\/www.agriturismovillanova.it\/fr\/levanto-et-cinque-terre\/","title":{"rendered":"Levanto et Cinque Terre"},"content":{"rendered":"\t\t<div data-elementor-type=\"wp-page\" data-elementor-id=\"656\" class=\"elementor elementor-656 elementor-26\" data-elementor-post-type=\"page\">\n\t\t\t\t\t\t<section class=\"elementor-section elementor-top-section elementor-element elementor-element-66c8dc4 elementor-section-full_width elementor-section-height-default elementor-section-height-default\" data-id=\"66c8dc4\" data-element_type=\"section\" data-e-type=\"section\">\n\t\t\t\t\t\t<div class=\"elementor-container elementor-column-gap-default\">\n\t\t\t\t\t<div class=\"elementor-column elementor-col-50 elementor-top-column elementor-element elementor-element-40c1724\" data-id=\"40c1724\" data-element_type=\"column\" data-e-type=\"column\">\n\t\t\t<div class=\"elementor-widget-wrap elementor-element-populated\">\n\t\t\t\t\t\t<div class=\"elementor-element elementor-element-362eb2e title-with-graph elementor-widget elementor-widget-heading\" data-id=\"362eb2e\" data-element_type=\"widget\" data-e-type=\"widget\" data-widget_type=\"heading.default\">\n\t\t\t\t<div class=\"elementor-widget-container\">\n\t\t\t\t\t<h2 class=\"elementor-heading-title elementor-size-default\">Levanto est une vieille bourgade portuaire dans une vall\u00e9e entour\u00e9e d\u2019oliviers et de pins. <\/h2>\t\t\t\t<\/div>\n\t\t\t\t<\/div>\n\t\t\t\t\t<\/div>\n\t\t<\/div>\n\t\t\t\t<div class=\"elementor-column elementor-col-50 elementor-top-column elementor-element elementor-element-600154a\" data-id=\"600154a\" data-element_type=\"column\" data-e-type=\"column\">\n\t\t\t<div class=\"elementor-widget-wrap elementor-element-populated\">\n\t\t\t\t\t\t<div class=\"elementor-element elementor-element-713ade8 elementor-widget elementor-widget-text-editor\" data-id=\"713ade8\" data-element_type=\"widget\" data-e-type=\"widget\" data-widget_type=\"text-editor.default\">\n\t\t\t\t<div class=\"elementor-widget-container\">\n\t\t\t\t\t\t\t\t\t<p>C\u2019est le point de d\u00e9part id\u00e9al pour visiter les <strong>Cinque Terre <\/strong>ou explorer la c\u00f4te septentrional, bien plus calme. On y trouve aussi de tr\u00e8s bons restaurants, des bars, des caf\u00e9s, des magasins et un march\u00e9 couvert de fruits, de l\u00e9gumes et de poissons.<\/p>\n\t\t\t\t\t\t\t\t<\/div>\n\t\t\t\t<\/div>\n\t\t\t\t\t<\/div>\n\t\t<\/div>\n\t\t\t\t\t<\/div>\n\t\t<\/section>\n\t\t\t\t<section class=\"elementor-section elementor-top-section elementor-element elementor-element-345d14d elementor-section-full_width elementor-reverse-mobile elementor-section-height-default elementor-section-height-default\" data-id=\"345d14d\" data-element_type=\"section\" data-e-type=\"section\">\n\t\t\t\t\t\t<div class=\"elementor-container elementor-column-gap-no\">\n\t\t\t\t\t<div class=\"elementor-column elementor-col-50 elementor-top-column elementor-element elementor-element-ebd74b6\" data-id=\"ebd74b6\" data-element_type=\"column\" data-e-type=\"column\">\n\t\t\t<div class=\"elementor-widget-wrap elementor-element-populated\">\n\t\t\t\t\t\t<div class=\"elementor-element elementor-element-4ae5f2e elementor-widget elementor-widget-image\" data-id=\"4ae5f2e\" data-element_type=\"widget\" data-e-type=\"widget\" data-widget_type=\"image.default\">\n\t\t\t\t<div class=\"elementor-widget-container\">\n\t\t\t\t\t\t\t\t\t\t\t\t\t\t\t<img fetchpriority=\"high\" decoding=\"async\" width=\"945\" height=\"434\" src=\"https:\/\/www.agriturismovillanova.it\/wp-content\/uploads\/2022\/02\/levanto-chiesa.png\" class=\"attachment-full size-full wp-image-629\" alt=\"\" srcset=\"https:\/\/www.agriturismovillanova.it\/wp-content\/uploads\/2022\/02\/levanto-chiesa.png 945w, https:\/\/www.agriturismovillanova.it\/wp-content\/uploads\/2022\/02\/levanto-chiesa-300x138.png 300w, https:\/\/www.agriturismovillanova.it\/wp-content\/uploads\/2022\/02\/levanto-chiesa-768x353.png 768w\" sizes=\"(max-width: 945px) 100vw, 945px\" \/>\t\t\t\t\t\t\t\t\t\t\t\t\t\t\t<\/div>\n\t\t\t\t<\/div>\n\t\t\t\t\t<\/div>\n\t\t<\/div>\n\t\t\t\t<div class=\"elementor-column elementor-col-50 elementor-top-column elementor-element elementor-element-3b67093\" data-id=\"3b67093\" data-element_type=\"column\" data-e-type=\"column\">\n\t\t\t<div class=\"elementor-widget-wrap elementor-element-populated\">\n\t\t\t\t\t\t<div class=\"elementor-element elementor-element-68ce20f elementor-widget elementor-widget-text-editor\" data-id=\"68ce20f\" data-element_type=\"widget\" data-e-type=\"widget\" data-widget_type=\"text-editor.default\">\n\t\t\t\t<div class=\"elementor-widget-container\">\n\t\t\t\t\t\t\t\t\t<p>Le centre historique de Levanto remonte au moyen \u00e2ge et a \u00e9t\u00e9 impeccablement conserv\u00e9. Vous allez d\u00e9couvrir tous ses charmes au fil de vos promenades, tel que l\u2019enceinte m\u00e9di\u00e9vale, le ch\u00e2teau, l\u2019Eglise Sant\u2019Andrea datant du XIIIe si\u00e8cle, la Loggia, ou encore la Casa Restani.<\/p>\n\t\t\t\t\t\t\t\t<\/div>\n\t\t\t\t<\/div>\n\t\t\t\t\t<\/div>\n\t\t<\/div>\n\t\t\t\t\t<\/div>\n\t\t<\/section>\n\t\t\t\t<section class=\"elementor-section elementor-top-section elementor-element elementor-element-ea46b97 elementor-section-full_width elementor-section-height-default elementor-section-height-default\" data-id=\"ea46b97\" data-element_type=\"section\" data-e-type=\"section\">\n\t\t\t\t\t\t<div class=\"elementor-container elementor-column-gap-no\">\n\t\t\t\t\t<div class=\"elementor-column elementor-col-50 elementor-top-column elementor-element elementor-element-71bc6dc\" data-id=\"71bc6dc\" data-element_type=\"column\" data-e-type=\"column\">\n\t\t\t<div class=\"elementor-widget-wrap elementor-element-populated\">\n\t\t\t\t\t\t<div class=\"elementor-element elementor-element-b38f165 elementor-widget elementor-widget-text-editor\" data-id=\"b38f165\" data-element_type=\"widget\" data-e-type=\"widget\" data-widget_type=\"text-editor.default\">\n\t\t\t\t<div class=\"elementor-widget-container\">\n\t\t\t\t\t\t\t\t\t<p>Les cinques villages du Parc National des Cinque Terre (Monterosso, Vernazza, Corniglia, Manarola, Riomaggiore) sont facilement accessibles de Levanto en train, en bateau ou encore en empruntant le sentier de randonn\u00e9e rejoignant Levanto a Monterrosso. Mais le sentier le plus connu est le sentier \u201cAzzuro\u201d qui s\u00b4\u00e9tire le long de la cote. Tout particuli\u00e8rement, la \u201cVia dell\u2019 Amore\u201d offre \u00e0 ses visiteurs un panorama ravissant, notamment au couch\u00e9 du soleil. D\u2019autres sentiers, conduisant vers la montagne, sont moins fr\u00e9quent\u00e9 et offre une vue imprenable sur les petits villages et les communes de la vall\u00e9e.<\/p>\n\t\t\t\t\t\t\t\t<\/div>\n\t\t\t\t<\/div>\n\t\t\t\t\t<\/div>\n\t\t<\/div>\n\t\t\t\t<div class=\"elementor-column elementor-col-50 elementor-top-column elementor-element elementor-element-e3bb81e\" data-id=\"e3bb81e\" data-element_type=\"column\" data-e-type=\"column\">\n\t\t\t<div class=\"elementor-widget-wrap elementor-element-populated\">\n\t\t\t\t\t\t<div class=\"elementor-element elementor-element-4a5b785 elementor-widget elementor-widget-image\" data-id=\"4a5b785\" data-element_type=\"widget\" data-e-type=\"widget\" data-widget_type=\"image.default\">\n\t\t\t\t<div class=\"elementor-widget-container\">\n\t\t\t\t\t\t\t\t\t\t\t\t\t\t\t<img decoding=\"async\" width=\"960\" height=\"434\" src=\"https:\/\/www.agriturismovillanova.it\/wp-content\/uploads\/2022\/02\/cinque-terre.png\" class=\"attachment-full size-full wp-image-633\" alt=\"\" srcset=\"https:\/\/www.agriturismovillanova.it\/wp-content\/uploads\/2022\/02\/cinque-terre.png 960w, https:\/\/www.agriturismovillanova.it\/wp-content\/uploads\/2022\/02\/cinque-terre-300x136.png 300w, https:\/\/www.agriturismovillanova.it\/wp-content\/uploads\/2022\/02\/cinque-terre-768x347.png 768w\" sizes=\"(max-width: 960px) 100vw, 960px\" \/>\t\t\t\t\t\t\t\t\t\t\t\t\t\t\t<\/div>\n\t\t\t\t<\/div>\n\t\t\t\t\t<\/div>\n\t\t<\/div>\n\t\t\t\t\t<\/div>\n\t\t<\/section>\n\t\t\t\t<section class=\"elementor-section elementor-top-section elementor-element elementor-element-9816fa7 elementor-section-full_width elementor-reverse-mobile elementor-section-height-default elementor-section-height-default\" data-id=\"9816fa7\" data-element_type=\"section\" data-e-type=\"section\">\n\t\t\t\t\t\t<div class=\"elementor-container elementor-column-gap-no\">\n\t\t\t\t\t<div class=\"elementor-column elementor-col-50 elementor-top-column elementor-element elementor-element-ca63b49\" data-id=\"ca63b49\" data-element_type=\"column\" data-e-type=\"column\">\n\t\t\t<div class=\"elementor-widget-wrap elementor-element-populated\">\n\t\t\t\t\t\t<div class=\"elementor-element elementor-element-0836011 elementor-widget elementor-widget-image\" data-id=\"0836011\" data-element_type=\"widget\" data-e-type=\"widget\" data-widget_type=\"image.default\">\n\t\t\t\t<div class=\"elementor-widget-container\">\n\t\t\t\t\t\t\t\t\t\t\t\t\t\t\t<img decoding=\"async\" width=\"945\" height=\"434\" src=\"https:\/\/www.agriturismovillanova.it\/wp-content\/uploads\/2022\/02\/levanto-camminate.png\" class=\"attachment-full size-full wp-image-637\" alt=\"\" srcset=\"https:\/\/www.agriturismovillanova.it\/wp-content\/uploads\/2022\/02\/levanto-camminate.png 945w, https:\/\/www.agriturismovillanova.it\/wp-content\/uploads\/2022\/02\/levanto-camminate-300x138.png 300w, https:\/\/www.agriturismovillanova.it\/wp-content\/uploads\/2022\/02\/levanto-camminate-768x353.png 768w\" sizes=\"(max-width: 945px) 100vw, 945px\" \/>\t\t\t\t\t\t\t\t\t\t\t\t\t\t\t<\/div>\n\t\t\t\t<\/div>\n\t\t\t\t\t<\/div>\n\t\t<\/div>\n\t\t\t\t<div class=\"elementor-column elementor-col-50 elementor-top-column elementor-element elementor-element-070f863\" data-id=\"070f863\" data-element_type=\"column\" data-e-type=\"column\">\n\t\t\t<div class=\"elementor-widget-wrap elementor-element-populated\">\n\t\t\t\t\t\t<div class=\"elementor-element elementor-element-6d7077e elementor-widget elementor-widget-text-editor\" data-id=\"6d7077e\" data-element_type=\"widget\" data-e-type=\"widget\" data-widget_type=\"text-editor.default\">\n\t\t\t\t<div class=\"elementor-widget-container\">\n\t\t\t\t\t\t\t\t\t<p>La diversit\u00e9 de la v\u00e9g\u00e9tation m\u00e9diterran\u00e9enne et ses cultures en terrasse de vignes et d\u2019oliviers poussent \u00e0 s\u00b4aventurer \u00e0 la d\u00e9couverte de ce territoire. Le Parc National des Cinque Terre, paysage atypique et unique au monde, tout comme ses 7.000 kilom\u00e8tre de murets construits au cours des si\u00e8cles pass\u00e9s pour obtenir des terrains arables, est entr\u00e9 au patrimoine mondial de l\u2019UNESCO en 1998.<\/p>\n\t\t\t\t\t\t\t\t<\/div>\n\t\t\t\t<\/div>\n\t\t\t\t\t<\/div>\n\t\t<\/div>\n\t\t\t\t\t<\/div>\n\t\t<\/section>\n\t\t\t\t<section class=\"elementor-section elementor-top-section elementor-element elementor-element-9cf7907 elementor-section-boxed elementor-section-height-default elementor-section-height-default\" data-id=\"9cf7907\" data-element_type=\"section\" data-e-type=\"section\">\n\t\t\t\t\t\t<div class=\"elementor-container elementor-column-gap-default\">\n\t\t\t\t\t<div class=\"elementor-column elementor-col-33 elementor-top-column elementor-element elementor-element-0489868\" data-id=\"0489868\" data-element_type=\"column\" data-e-type=\"column\">\n\t\t\t<div class=\"elementor-widget-wrap elementor-element-populated\">\n\t\t\t\t\t\t<div class=\"elementor-element elementor-element-08ac830 elementor-widget elementor-widget-image\" data-id=\"08ac830\" data-element_type=\"widget\" data-e-type=\"widget\" data-widget_type=\"image.default\">\n\t\t\t\t<div class=\"elementor-widget-container\">\n\t\t\t\t\t\t\t\t\t\t\t\t\t\t\t<img loading=\"lazy\" decoding=\"async\" width=\"1037\" height=\"1007\" src=\"https:\/\/www.agriturismovillanova.it\/wp-content\/uploads\/2022\/02\/camminata.png\" class=\"attachment-full size-full wp-image-649\" alt=\"\" srcset=\"https:\/\/www.agriturismovillanova.it\/wp-content\/uploads\/2022\/02\/camminata.png 1037w, https:\/\/www.agriturismovillanova.it\/wp-content\/uploads\/2022\/02\/camminata-300x291.png 300w, https:\/\/www.agriturismovillanova.it\/wp-content\/uploads\/2022\/02\/camminata-1024x994.png 1024w, https:\/\/www.agriturismovillanova.it\/wp-content\/uploads\/2022\/02\/camminata-768x746.png 768w\" sizes=\"(max-width: 1037px) 100vw, 1037px\" \/>\t\t\t\t\t\t\t\t\t\t\t\t\t\t\t<\/div>\n\t\t\t\t<\/div>\n\t\t\t\t\t<\/div>\n\t\t<\/div>\n\t\t\t\t<div class=\"elementor-column elementor-col-33 elementor-top-column elementor-element elementor-element-31e6802\" data-id=\"31e6802\" data-element_type=\"column\" data-e-type=\"column\">\n\t\t\t<div class=\"elementor-widget-wrap elementor-element-populated\">\n\t\t\t\t\t\t<div class=\"elementor-element elementor-element-5889fc6 elementor-widget elementor-widget-image\" data-id=\"5889fc6\" data-element_type=\"widget\" data-e-type=\"widget\" data-widget_type=\"image.default\">\n\t\t\t\t<div class=\"elementor-widget-container\">\n\t\t\t\t\t\t\t\t\t\t\t\t\t\t\t<img loading=\"lazy\" decoding=\"async\" width=\"1037\" height=\"1007\" src=\"https:\/\/www.agriturismovillanova.it\/wp-content\/uploads\/2022\/02\/mare.png\" class=\"attachment-full size-full wp-image-645\" alt=\"\" srcset=\"https:\/\/www.agriturismovillanova.it\/wp-content\/uploads\/2022\/02\/mare.png 1037w, https:\/\/www.agriturismovillanova.it\/wp-content\/uploads\/2022\/02\/mare-300x291.png 300w, https:\/\/www.agriturismovillanova.it\/wp-content\/uploads\/2022\/02\/mare-1024x994.png 1024w, https:\/\/www.agriturismovillanova.it\/wp-content\/uploads\/2022\/02\/mare-768x746.png 768w\" sizes=\"(max-width: 1037px) 100vw, 1037px\" \/>\t\t\t\t\t\t\t\t\t\t\t\t\t\t\t<\/div>\n\t\t\t\t<\/div>\n\t\t\t\t\t<\/div>\n\t\t<\/div>\n\t\t\t\t<div class=\"elementor-column elementor-col-33 elementor-top-column elementor-element elementor-element-71b373c\" data-id=\"71b373c\" data-element_type=\"column\" data-e-type=\"column\">\n\t\t\t<div class=\"elementor-widget-wrap elementor-element-populated\">\n\t\t\t\t\t\t<div class=\"elementor-element elementor-element-7d13bb4 elementor-widget elementor-widget-image\" data-id=\"7d13bb4\" data-element_type=\"widget\" data-e-type=\"widget\" data-widget_type=\"image.default\">\n\t\t\t\t<div class=\"elementor-widget-container\">\n\t\t\t\t\t\t\t\t\t\t\t\t\t\t\t<img loading=\"lazy\" decoding=\"async\" width=\"1037\" height=\"1007\" src=\"https:\/\/www.agriturismovillanova.it\/wp-content\/uploads\/2022\/02\/cinqueterre.png\" class=\"attachment-full size-full wp-image-641\" alt=\"\" srcset=\"https:\/\/www.agriturismovillanova.it\/wp-content\/uploads\/2022\/02\/cinqueterre.png 1037w, https:\/\/www.agriturismovillanova.it\/wp-content\/uploads\/2022\/02\/cinqueterre-300x291.png 300w, https:\/\/www.agriturismovillanova.it\/wp-content\/uploads\/2022\/02\/cinqueterre-1024x994.png 1024w, https:\/\/www.agriturismovillanova.it\/wp-content\/uploads\/2022\/02\/cinqueterre-768x746.png 768w\" sizes=\"(max-width: 1037px) 100vw, 1037px\" \/>\t\t\t\t\t\t\t\t\t\t\t\t\t\t\t<\/div>\n\t\t\t\t<\/div>\n\t\t\t\t\t<\/div>\n\t\t<\/div>\n\t\t\t\t\t<\/div>\n\t\t<\/section>\n\t\t\t\t<\/div>\n\t\t","protected":false},"excerpt":{"rendered":"<p>Levanto est une vieille bourgade portuaire dans une vall\u00e9e entour\u00e9e d\u2019oliviers et de pins. C\u2019est le point de d\u00e9part id\u00e9al pour visiter les Cinque Terre ou explorer la c\u00f4te septentrional, bien plus calme. On y trouve aussi de tr\u00e8s bons restaurants, des bars, des caf\u00e9s, des magasins et un march\u00e9 couvert de fruits, de l\u00e9gumes [&hellip;]<\/p>\n","protected":false},"author":1,"featured_media":873,"parent":0,"menu_order":0,"comment_status":"closed","ping_status":"closed","template":"","meta":{"footnotes":""},"class_list":["post-656","page","type-page","status-publish","has-post-thumbnail","hentry"],"yoast_head":"<!-- This site is optimized with the Yoast SEO plugin v27.3 - https:\/\/yoast.com\/product\/yoast-seo-wordpress\/ -->\n<title>Agritourisme Cinque Terre Levanto | Villanova Agritourisme<\/title>\n<meta name=\"description\" content=\"La ferme Villanova permet de d\u00e9couvrir les Cinque Terre en s\u00e9journant dans une structure de r\u00eave du XVIIIe si\u00e8cle entour\u00e9e par la nature.\" \/>\n<meta name=\"robots\" content=\"index, follow, max-snippet:-1, max-image-preview:large, max-video-preview:-1\" \/>\n<link rel=\"canonical\" href=\"https:\/\/www.agriturismovillanova.it\/fr\/levanto-et-cinque-terre\/\" \/>\n<meta property=\"og:locale\" content=\"fr_FR\" \/>\n<meta property=\"og:type\" content=\"article\" \/>\n<meta property=\"og:title\" content=\"Agritourisme Cinque Terre Levanto | Villanova Agritourisme\" \/>\n<meta property=\"og:description\" content=\"La ferme Villanova permet de d\u00e9couvrir les Cinque Terre en s\u00e9journant dans une structure de r\u00eave du XVIIIe si\u00e8cle entour\u00e9e par la nature.\" \/>\n<meta property=\"og:url\" content=\"https:\/\/www.agriturismovillanova.it\/fr\/levanto-et-cinque-terre\/\" \/>\n<meta property=\"og:site_name\" content=\"Villanova Agriturismo\" \/>\n<meta property=\"article:modified_time\" content=\"2025-05-31T18:21:48+00:00\" \/>\n<meta property=\"og:image\" content=\"https:\/\/www.agriturismovillanova.it\/wp-content\/uploads\/2022\/02\/header-cinqueterre.jpg\" \/>\n\t<meta property=\"og:image:width\" content=\"1920\" \/>\n\t<meta property=\"og:image:height\" content=\"920\" \/>\n\t<meta property=\"og:image:type\" content=\"image\/jpeg\" \/>\n<meta name=\"twitter:card\" content=\"summary_large_image\" \/>\n<meta name=\"twitter:label1\" content=\"Dur\u00e9e de lecture estim\u00e9e\" \/>\n\t<meta name=\"twitter:data1\" content=\"1 minute\" \/>\n<script type=\"application\/ld+json\" class=\"yoast-schema-graph\">{\"@context\":\"https:\\\/\\\/schema.org\",\"@graph\":[{\"@type\":\"WebPage\",\"@id\":\"https:\\\/\\\/www.agriturismovillanova.it\\\/fr\\\/levanto-et-cinque-terre\\\/\",\"url\":\"https:\\\/\\\/www.agriturismovillanova.it\\\/fr\\\/levanto-et-cinque-terre\\\/\",\"name\":\"Agritourisme Cinque Terre Levanto | Villanova Agritourisme\",\"isPartOf\":{\"@id\":\"https:\\\/\\\/www.agriturismovillanova.it\\\/fr\\\/#website\"},\"primaryImageOfPage\":{\"@id\":\"https:\\\/\\\/www.agriturismovillanova.it\\\/fr\\\/levanto-et-cinque-terre\\\/#primaryimage\"},\"image\":{\"@id\":\"https:\\\/\\\/www.agriturismovillanova.it\\\/fr\\\/levanto-et-cinque-terre\\\/#primaryimage\"},\"thumbnailUrl\":\"https:\\\/\\\/www.agriturismovillanova.it\\\/wp-content\\\/uploads\\\/2022\\\/02\\\/header-cinqueterre.jpg\",\"datePublished\":\"2022-02-15T14:20:35+00:00\",\"dateModified\":\"2025-05-31T18:21:48+00:00\",\"description\":\"La ferme Villanova permet de d\u00e9couvrir les Cinque Terre en s\u00e9journant dans une structure de r\u00eave du XVIIIe si\u00e8cle entour\u00e9e par la nature.\",\"inLanguage\":\"fr-FR\",\"potentialAction\":[{\"@type\":\"ReadAction\",\"target\":[\"https:\\\/\\\/www.agriturismovillanova.it\\\/fr\\\/levanto-et-cinque-terre\\\/\"]}]},{\"@type\":\"ImageObject\",\"inLanguage\":\"fr-FR\",\"@id\":\"https:\\\/\\\/www.agriturismovillanova.it\\\/fr\\\/levanto-et-cinque-terre\\\/#primaryimage\",\"url\":\"https:\\\/\\\/www.agriturismovillanova.it\\\/wp-content\\\/uploads\\\/2022\\\/02\\\/header-cinqueterre.jpg\",\"contentUrl\":\"https:\\\/\\\/www.agriturismovillanova.it\\\/wp-content\\\/uploads\\\/2022\\\/02\\\/header-cinqueterre.jpg\",\"width\":1920,\"height\":920},{\"@type\":\"WebSite\",\"@id\":\"https:\\\/\\\/www.agriturismovillanova.it\\\/fr\\\/#website\",\"url\":\"https:\\\/\\\/www.agriturismovillanova.it\\\/fr\\\/\",\"name\":\"Villanova Agriturismo\",\"description\":\"Nature &amp; wellness\",\"publisher\":{\"@id\":\"https:\\\/\\\/www.agriturismovillanova.it\\\/fr\\\/#organization\"},\"potentialAction\":[{\"@type\":\"SearchAction\",\"target\":{\"@type\":\"EntryPoint\",\"urlTemplate\":\"https:\\\/\\\/www.agriturismovillanova.it\\\/fr\\\/?s={search_term_string}\"},\"query-input\":{\"@type\":\"PropertyValueSpecification\",\"valueRequired\":true,\"valueName\":\"search_term_string\"}}],\"inLanguage\":\"fr-FR\"},{\"@type\":\"Organization\",\"@id\":\"https:\\\/\\\/www.agriturismovillanova.it\\\/fr\\\/#organization\",\"name\":\"Villanova Agriturismo\",\"url\":\"https:\\\/\\\/www.agriturismovillanova.it\\\/fr\\\/\",\"logo\":{\"@type\":\"ImageObject\",\"inLanguage\":\"fr-FR\",\"@id\":\"https:\\\/\\\/www.agriturismovillanova.it\\\/fr\\\/#\\\/schema\\\/logo\\\/image\\\/\",\"url\":\"https:\\\/\\\/www.agriturismovillanova.it\\\/wp-content\\\/uploads\\\/2022\\\/02\\\/logo.svg\",\"contentUrl\":\"https:\\\/\\\/www.agriturismovillanova.it\\\/wp-content\\\/uploads\\\/2022\\\/02\\\/logo.svg\",\"caption\":\"Villanova Agriturismo\"},\"image\":{\"@id\":\"https:\\\/\\\/www.agriturismovillanova.it\\\/fr\\\/#\\\/schema\\\/logo\\\/image\\\/\"}}]}<\/script>\n<!-- \/ Yoast SEO plugin. -->","yoast_head_json":{"title":"Agritourisme Cinque Terre Levanto | Villanova Agritourisme","description":"La ferme Villanova permet de d\u00e9couvrir les Cinque Terre en s\u00e9journant dans une structure de r\u00eave du XVIIIe si\u00e8cle entour\u00e9e par la nature.","robots":{"index":"index","follow":"follow","max-snippet":"max-snippet:-1","max-image-preview":"max-image-preview:large","max-video-preview":"max-video-preview:-1"},"canonical":"https:\/\/www.agriturismovillanova.it\/fr\/levanto-et-cinque-terre\/","og_locale":"fr_FR","og_type":"article","og_title":"Agritourisme Cinque Terre Levanto | Villanova Agritourisme","og_description":"La ferme Villanova permet de d\u00e9couvrir les Cinque Terre en s\u00e9journant dans une structure de r\u00eave du XVIIIe si\u00e8cle entour\u00e9e par la nature.","og_url":"https:\/\/www.agriturismovillanova.it\/fr\/levanto-et-cinque-terre\/","og_site_name":"Villanova Agriturismo","article_modified_time":"2025-05-31T18:21:48+00:00","og_image":[{"width":1920,"height":920,"url":"https:\/\/www.agriturismovillanova.it\/wp-content\/uploads\/2022\/02\/header-cinqueterre.jpg","type":"image\/jpeg"}],"twitter_card":"summary_large_image","twitter_misc":{"Dur\u00e9e de lecture estim\u00e9e":"1 minute"},"schema":{"@context":"https:\/\/schema.org","@graph":[{"@type":"WebPage","@id":"https:\/\/www.agriturismovillanova.it\/fr\/levanto-et-cinque-terre\/","url":"https:\/\/www.agriturismovillanova.it\/fr\/levanto-et-cinque-terre\/","name":"Agritourisme Cinque Terre Levanto | Villanova Agritourisme","isPartOf":{"@id":"https:\/\/www.agriturismovillanova.it\/fr\/#website"},"primaryImageOfPage":{"@id":"https:\/\/www.agriturismovillanova.it\/fr\/levanto-et-cinque-terre\/#primaryimage"},"image":{"@id":"https:\/\/www.agriturismovillanova.it\/fr\/levanto-et-cinque-terre\/#primaryimage"},"thumbnailUrl":"https:\/\/www.agriturismovillanova.it\/wp-content\/uploads\/2022\/02\/header-cinqueterre.jpg","datePublished":"2022-02-15T14:20:35+00:00","dateModified":"2025-05-31T18:21:48+00:00","description":"La ferme Villanova permet de d\u00e9couvrir les Cinque Terre en s\u00e9journant dans une structure de r\u00eave du XVIIIe si\u00e8cle entour\u00e9e par la nature.","inLanguage":"fr-FR","potentialAction":[{"@type":"ReadAction","target":["https:\/\/www.agriturismovillanova.it\/fr\/levanto-et-cinque-terre\/"]}]},{"@type":"ImageObject","inLanguage":"fr-FR","@id":"https:\/\/www.agriturismovillanova.it\/fr\/levanto-et-cinque-terre\/#primaryimage","url":"https:\/\/www.agriturismovillanova.it\/wp-content\/uploads\/2022\/02\/header-cinqueterre.jpg","contentUrl":"https:\/\/www.agriturismovillanova.it\/wp-content\/uploads\/2022\/02\/header-cinqueterre.jpg","width":1920,"height":920},{"@type":"WebSite","@id":"https:\/\/www.agriturismovillanova.it\/fr\/#website","url":"https:\/\/www.agriturismovillanova.it\/fr\/","name":"Villanova Agriturismo","description":"Nature &amp; wellness","publisher":{"@id":"https:\/\/www.agriturismovillanova.it\/fr\/#organization"},"potentialAction":[{"@type":"SearchAction","target":{"@type":"EntryPoint","urlTemplate":"https:\/\/www.agriturismovillanova.it\/fr\/?s={search_term_string}"},"query-input":{"@type":"PropertyValueSpecification","valueRequired":true,"valueName":"search_term_string"}}],"inLanguage":"fr-FR"},{"@type":"Organization","@id":"https:\/\/www.agriturismovillanova.it\/fr\/#organization","name":"Villanova Agriturismo","url":"https:\/\/www.agriturismovillanova.it\/fr\/","logo":{"@type":"ImageObject","inLanguage":"fr-FR","@id":"https:\/\/www.agriturismovillanova.it\/fr\/#\/schema\/logo\/image\/","url":"https:\/\/www.agriturismovillanova.it\/wp-content\/uploads\/2022\/02\/logo.svg","contentUrl":"https:\/\/www.agriturismovillanova.it\/wp-content\/uploads\/2022\/02\/logo.svg","caption":"Villanova Agriturismo"},"image":{"@id":"https:\/\/www.agriturismovillanova.it\/fr\/#\/schema\/logo\/image\/"}}]}},"_links":{"self":[{"href":"https:\/\/www.agriturismovillanova.it\/fr\/wp-json\/wp\/v2\/pages\/656","targetHints":{"allow":["GET"]}}],"collection":[{"href":"https:\/\/www.agriturismovillanova.it\/fr\/wp-json\/wp\/v2\/pages"}],"about":[{"href":"https:\/\/www.agriturismovillanova.it\/fr\/wp-json\/wp\/v2\/types\/page"}],"author":[{"embeddable":true,"href":"https:\/\/www.agriturismovillanova.it\/fr\/wp-json\/wp\/v2\/users\/1"}],"replies":[{"embeddable":true,"href":"https:\/\/www.agriturismovillanova.it\/fr\/wp-json\/wp\/v2\/comments?post=656"}],"version-history":[{"count":10,"href":"https:\/\/www.agriturismovillanova.it\/fr\/wp-json\/wp\/v2\/pages\/656\/revisions"}],"predecessor-version":[{"id":6429,"href":"https:\/\/www.agriturismovillanova.it\/fr\/wp-json\/wp\/v2\/pages\/656\/revisions\/6429"}],"wp:featuredmedia":[{"embeddable":true,"href":"https:\/\/www.agriturismovillanova.it\/fr\/wp-json\/wp\/v2\/media\/873"}],"wp:attachment":[{"href":"https:\/\/www.agriturismovillanova.it\/fr\/wp-json\/wp\/v2\/media?parent=656"}],"curies":[{"name":"wp","href":"https:\/\/api.w.org\/{rel}","templated":true}]}}