{"id":696,"date":"2022-02-15T16:38:20","date_gmt":"2022-02-15T15:38:20","guid":{"rendered":"https:\/\/www.agriturismovillanova.it\/aktivitaeten\/"},"modified":"2025-06-13T11:38:51","modified_gmt":"2025-06-13T09:38:51","slug":"aktivitaeten","status":"publish","type":"page","link":"https:\/\/www.agriturismovillanova.it\/de\/aktivitaeten\/","title":{"rendered":"Aktivit\u00e4ten"},"content":{"rendered":"\t\t<div data-elementor-type=\"wp-page\" data-elementor-id=\"696\" class=\"elementor elementor-696 elementor-24\" data-elementor-post-type=\"page\">\n\t\t\t\t\t\t<section class=\"elementor-section elementor-top-section elementor-element elementor-element-fdd488d elementor-section-full_width elementor-section-height-default elementor-section-height-default\" data-id=\"fdd488d\" data-element_type=\"section\" data-e-type=\"section\">\n\t\t\t\t\t\t<div class=\"elementor-container elementor-column-gap-default\">\n\t\t\t\t\t<div class=\"elementor-column elementor-col-50 elementor-top-column elementor-element elementor-element-ae515a1\" data-id=\"ae515a1\" data-element_type=\"column\" data-e-type=\"column\">\n\t\t\t<div class=\"elementor-widget-wrap elementor-element-populated\">\n\t\t\t\t\t\t<div class=\"elementor-element elementor-element-1e78102 title-with-graph elementor-widget elementor-widget-heading\" data-id=\"1e78102\" data-element_type=\"widget\" data-e-type=\"widget\" data-widget_type=\"heading.default\">\n\t\t\t\t<div class=\"elementor-widget-container\">\n\t\t\t\t\t<h2 class=\"elementor-heading-title elementor-size-default\">Villanovas ideale Lage erm\u00f6glicht unseren G\u00e4sten ein breites Spektrum von Aktivit\u00e4ten.<\/h2>\t\t\t\t<\/div>\n\t\t\t\t<\/div>\n\t\t\t\t\t<\/div>\n\t\t<\/div>\n\t\t\t\t<div class=\"elementor-column elementor-col-50 elementor-top-column elementor-element elementor-element-3fcc09f\" data-id=\"3fcc09f\" data-element_type=\"column\" data-e-type=\"column\">\n\t\t\t<div class=\"elementor-widget-wrap elementor-element-populated\">\n\t\t\t\t\t\t<div class=\"elementor-element elementor-element-93a7e32 elementor-widget elementor-widget-text-editor\" data-id=\"93a7e32\" data-element_type=\"widget\" data-e-type=\"widget\" data-widget_type=\"text-editor.default\">\n\t\t\t\t<div class=\"elementor-widget-container\">\n\t\t\t\t\t\t\t\t\t<p>Abseits der Menschenmengen, in der weiten Natur, ist Villanova ein Paradies f\u00fcr Naturliebhaber und Wanderer. Ein Wanderpfad verbindet Villanova direkt mit dem einzigartigen Cinque Terre Nationalpark, der 1998 als Weltkulturerbe von der UNESCO ausgezeichnet wurde<\/p>\n<p>Villanova ist auch ein Paradies fuer Kinder, die in dem weitl\u00e4ufigen Gel\u00e4nde Spass und Abenteuer erleben k\u00f6nnen.<\/p>\n<p>An der Rezeption erhalten Sie auf Wunsch noch zus\u00e4tzliche Informationen und Einzelheiten bez\u00fcglich unserer Aktivit\u00e4ten und Ausfl\u00fcge.<\/p>\n\t\t\t\t\t\t\t\t<\/div>\n\t\t\t\t<\/div>\n\t\t\t\t\t<\/div>\n\t\t<\/div>\n\t\t\t\t\t<\/div>\n\t\t<\/section>\n\t\t\t\t<section class=\"elementor-section elementor-top-section elementor-element elementor-element-6720f4d elementor-section-full_width elementor-reverse-mobile elementor-section-height-default elementor-section-height-default\" data-id=\"6720f4d\" data-element_type=\"section\" data-e-type=\"section\">\n\t\t\t\t\t\t<div class=\"elementor-container elementor-column-gap-no\">\n\t\t\t\t\t<div class=\"elementor-column elementor-col-50 elementor-top-column elementor-element elementor-element-b6c64da\" data-id=\"b6c64da\" data-element_type=\"column\" data-e-type=\"column\">\n\t\t\t<div class=\"elementor-widget-wrap elementor-element-populated\">\n\t\t\t\t\t\t<div class=\"elementor-element elementor-element-fd55951 elementor-widget elementor-widget-image\" data-id=\"fd55951\" data-element_type=\"widget\" data-e-type=\"widget\" data-widget_type=\"image.default\">\n\t\t\t\t<div class=\"elementor-widget-container\">\n\t\t\t\t\t\t\t\t\t\t\t\t\t\t\t<img fetchpriority=\"high\" decoding=\"async\" width=\"1757\" height=\"944\" src=\"https:\/\/www.agriturismovillanova.it\/wp-content\/uploads\/2022\/02\/attivita-1.png\" class=\"attachment-full size-full wp-image-676\" alt=\"\" srcset=\"https:\/\/www.agriturismovillanova.it\/wp-content\/uploads\/2022\/02\/attivita-1.png 1757w, https:\/\/www.agriturismovillanova.it\/wp-content\/uploads\/2022\/02\/attivita-1-300x161.png 300w, https:\/\/www.agriturismovillanova.it\/wp-content\/uploads\/2022\/02\/attivita-1-1024x550.png 1024w, https:\/\/www.agriturismovillanova.it\/wp-content\/uploads\/2022\/02\/attivita-1-768x413.png 768w, https:\/\/www.agriturismovillanova.it\/wp-content\/uploads\/2022\/02\/attivita-1-1536x825.png 1536w\" sizes=\"(max-width: 1757px) 100vw, 1757px\" \/>\t\t\t\t\t\t\t\t\t\t\t\t\t\t\t<\/div>\n\t\t\t\t<\/div>\n\t\t\t\t\t<\/div>\n\t\t<\/div>\n\t\t\t\t<div class=\"elementor-column elementor-col-50 elementor-top-column elementor-element elementor-element-7187ea5\" data-id=\"7187ea5\" data-element_type=\"column\" data-e-type=\"column\">\n\t\t\t<div class=\"elementor-widget-wrap elementor-element-populated\">\n\t\t\t\t\t\t<div class=\"elementor-element elementor-element-6027d2f elementor-widget elementor-widget-text-editor\" data-id=\"6027d2f\" data-element_type=\"widget\" data-e-type=\"widget\" data-widget_type=\"text-editor.default\">\n\t\t\t\t<div class=\"elementor-widget-container\">\n\t\t\t\t\t\t\t\t\t<p>Der n\u00e4chste Ort von Villanova aus ist <strong>Levanto, 5 Minuten mit dem Auto und 30 Minuten zu Fuss<\/strong>, ein St\u00e4dtchen, das Unterhaltung und Spass bietet.<br \/>Sporteinrichtungen vermieten Boote, Kanus und Windsurfingausstattungen. Das Meer vor Levanto ist bekannt f\u00fcr seine ausgezeichnete Surfing Qualit\u00e4t.<\/p>\n\t\t\t\t\t\t\t\t<\/div>\n\t\t\t\t<\/div>\n\t\t\t\t\t<\/div>\n\t\t<\/div>\n\t\t\t\t\t<\/div>\n\t\t<\/section>\n\t\t\t\t<section class=\"elementor-section elementor-top-section elementor-element elementor-element-9d2ecb6 elementor-section-full_width elementor-section-height-default elementor-section-height-default\" data-id=\"9d2ecb6\" data-element_type=\"section\" data-e-type=\"section\">\n\t\t\t\t\t\t<div class=\"elementor-container elementor-column-gap-no\">\n\t\t\t\t\t<div class=\"elementor-column elementor-col-50 elementor-top-column elementor-element elementor-element-241468d\" data-id=\"241468d\" data-element_type=\"column\" data-e-type=\"column\">\n\t\t\t<div class=\"elementor-widget-wrap elementor-element-populated\">\n\t\t\t\t\t\t<div class=\"elementor-element elementor-element-b9b2b78 elementor-widget elementor-widget-text-editor\" data-id=\"b9b2b78\" data-element_type=\"widget\" data-e-type=\"widget\" data-widget_type=\"text-editor.default\">\n\t\t\t\t<div class=\"elementor-widget-container\">\n\t\t\t\t\t\t\t\t\t<p>Es gibt auch zwei Tauchschulen, welche Exkursionen und Tauchkurse mit Abschlusszertificat anbieten. Der lange Sandstrand hat mehrere \u00f6ffentliche und private Bereiche, letztere mit Zugang zu einem grossen Freibad. Ausserdem gibt es in der Ortschaft zwei neue Tennispl\u00e4tze.<\/p>\n\t\t\t\t\t\t\t\t<\/div>\n\t\t\t\t<\/div>\n\t\t\t\t\t<\/div>\n\t\t<\/div>\n\t\t\t\t<div class=\"elementor-column elementor-col-50 elementor-top-column elementor-element elementor-element-2f02ad7\" data-id=\"2f02ad7\" data-element_type=\"column\" data-e-type=\"column\">\n\t\t\t<div class=\"elementor-widget-wrap elementor-element-populated\">\n\t\t\t\t\t\t<div class=\"elementor-element elementor-element-2f70edb elementor-widget elementor-widget-image\" data-id=\"2f70edb\" data-element_type=\"widget\" data-e-type=\"widget\" data-widget_type=\"image.default\">\n\t\t\t\t<div class=\"elementor-widget-container\">\n\t\t\t\t\t\t\t\t\t\t\t\t\t\t\t<img decoding=\"async\" width=\"1757\" height=\"944\" src=\"https:\/\/www.agriturismovillanova.it\/wp-content\/uploads\/2022\/02\/attivita-2.png\" class=\"attachment-full size-full wp-image-681\" alt=\"\" srcset=\"https:\/\/www.agriturismovillanova.it\/wp-content\/uploads\/2022\/02\/attivita-2.png 1757w, https:\/\/www.agriturismovillanova.it\/wp-content\/uploads\/2022\/02\/attivita-2-300x161.png 300w, https:\/\/www.agriturismovillanova.it\/wp-content\/uploads\/2022\/02\/attivita-2-1024x550.png 1024w, https:\/\/www.agriturismovillanova.it\/wp-content\/uploads\/2022\/02\/attivita-2-768x413.png 768w, https:\/\/www.agriturismovillanova.it\/wp-content\/uploads\/2022\/02\/attivita-2-1536x825.png 1536w\" sizes=\"(max-width: 1757px) 100vw, 1757px\" \/>\t\t\t\t\t\t\t\t\t\t\t\t\t\t\t<\/div>\n\t\t\t\t<\/div>\n\t\t\t\t\t<\/div>\n\t\t<\/div>\n\t\t\t\t\t<\/div>\n\t\t<\/section>\n\t\t\t\t<section class=\"elementor-section elementor-top-section elementor-element elementor-element-9c9dbc8 elementor-section-full_width elementor-reverse-mobile elementor-section-height-default elementor-section-height-default\" data-id=\"9c9dbc8\" data-element_type=\"section\" data-e-type=\"section\">\n\t\t\t\t\t\t<div class=\"elementor-container elementor-column-gap-no\">\n\t\t\t\t\t<div class=\"elementor-column elementor-col-50 elementor-top-column elementor-element elementor-element-7af33d5\" data-id=\"7af33d5\" data-element_type=\"column\" data-e-type=\"column\">\n\t\t\t<div class=\"elementor-widget-wrap elementor-element-populated\">\n\t\t\t\t\t\t<div class=\"elementor-element elementor-element-980dcc4 elementor-widget elementor-widget-image\" data-id=\"980dcc4\" data-element_type=\"widget\" data-e-type=\"widget\" data-widget_type=\"image.default\">\n\t\t\t\t<div class=\"elementor-widget-container\">\n\t\t\t\t\t\t\t\t\t\t\t\t\t\t\t<img decoding=\"async\" width=\"960\" height=\"434\" src=\"https:\/\/www.agriturismovillanova.it\/wp-content\/uploads\/2022\/02\/levanto2.png\" class=\"attachment-full size-full wp-image-689\" alt=\"\" srcset=\"https:\/\/www.agriturismovillanova.it\/wp-content\/uploads\/2022\/02\/levanto2.png 960w, https:\/\/www.agriturismovillanova.it\/wp-content\/uploads\/2022\/02\/levanto2-300x136.png 300w, https:\/\/www.agriturismovillanova.it\/wp-content\/uploads\/2022\/02\/levanto2-768x347.png 768w\" sizes=\"(max-width: 960px) 100vw, 960px\" \/>\t\t\t\t\t\t\t\t\t\t\t\t\t\t\t<\/div>\n\t\t\t\t<\/div>\n\t\t\t\t\t<\/div>\n\t\t<\/div>\n\t\t\t\t<div class=\"elementor-column elementor-col-50 elementor-top-column elementor-element elementor-element-808e16d\" data-id=\"808e16d\" data-element_type=\"column\" data-e-type=\"column\">\n\t\t\t<div class=\"elementor-widget-wrap elementor-element-populated\">\n\t\t\t\t\t\t<div class=\"elementor-element elementor-element-d198892 elementor-widget elementor-widget-text-editor\" data-id=\"d198892\" data-element_type=\"widget\" data-e-type=\"widget\" data-widget_type=\"text-editor.default\">\n\t\t\t\t<div class=\"elementor-widget-container\">\n\t\t\t\t\t\t\t\t\t<p>Eine der wichtigsten Attraktionen ist jedoch das grosse Angebot von Wanderwegen die von Levanto in das Gebiet der Cinque Terre f\u00fchren. Besucher haben viele M\u00f6glichkeiten sich die K\u00fcste zu erschliessen. Schiffsfahrten finden t\u00e4glich von April bis Oktober statt; in dieser Zeit f\u00fchrt der Schiffsverkehr an Wochenenden auch bis nach Portofino und zu dem gr\u00f6ssten Aquarium Europas in Genua.<\/p>\n\t\t\t\t\t\t\t\t<\/div>\n\t\t\t\t<\/div>\n\t\t\t\t\t<\/div>\n\t\t<\/div>\n\t\t\t\t\t<\/div>\n\t\t<\/section>\n\t\t\t\t<section class=\"elementor-section elementor-top-section elementor-element elementor-element-991de18 elementor-section-full_width elementor-section-height-default elementor-section-height-default\" data-id=\"991de18\" data-element_type=\"section\" data-e-type=\"section\">\n\t\t\t\t\t\t<div class=\"elementor-container elementor-column-gap-no\">\n\t\t\t\t\t<div class=\"elementor-column elementor-col-50 elementor-top-column elementor-element elementor-element-fec2946\" data-id=\"fec2946\" data-element_type=\"column\" data-e-type=\"column\">\n\t\t\t<div class=\"elementor-widget-wrap elementor-element-populated\">\n\t\t\t\t\t\t<div class=\"elementor-element elementor-element-49534d5 elementor-widget elementor-widget-text-editor\" data-id=\"49534d5\" data-element_type=\"widget\" data-e-type=\"widget\" data-widget_type=\"text-editor.default\">\n\t\t\t\t<div class=\"elementor-widget-container\">\n\t\t\t\t\t\t\t\t\t<p>Von Villanova aus k\u00f6nnen auch andere ber\u00fchmte Sehensw\u00fcrdigkeiten mit Zug, F\u00e4hre oder Auto erreicht werden wie z.B. die K\u00fcstenst\u00e4dte <strong>Portovenere<\/strong>, <strong>Lerici und Tellaro am Golf der Poeten in La Spezia oder Portofino<\/strong> und <strong>Santa Margharita<\/strong> n\u00f6rdlich von Levanto und das Dorf Varese Ligure im Vara Tal. Oder verbringen Sie einen erholsamen Tag in den Thermen von Montecatini, besichtigen Sie die Marmorsteinbr\u00fcche von Carrara oder besuchen Sie das Gebiet der Lunigiana mit seinen 100 Schl\u00f6ssern.<\/p>\n\t\t\t\t\t\t\t\t<\/div>\n\t\t\t\t<\/div>\n\t\t\t\t\t<\/div>\n\t\t<\/div>\n\t\t\t\t<div class=\"elementor-column elementor-col-50 elementor-top-column elementor-element elementor-element-f7b2fdb\" data-id=\"f7b2fdb\" data-element_type=\"column\" data-e-type=\"column\">\n\t\t\t<div class=\"elementor-widget-wrap elementor-element-populated\">\n\t\t\t\t\t\t<div class=\"elementor-element elementor-element-f41024f elementor-widget elementor-widget-image\" data-id=\"f41024f\" data-element_type=\"widget\" data-e-type=\"widget\" data-widget_type=\"image.default\">\n\t\t\t\t<div class=\"elementor-widget-container\">\n\t\t\t\t\t\t\t\t\t\t\t\t\t\t\t<img loading=\"lazy\" decoding=\"async\" width=\"960\" height=\"434\" src=\"https:\/\/www.agriturismovillanova.it\/wp-content\/uploads\/2022\/02\/levanto-1.png\" class=\"attachment-full size-full wp-image-685\" alt=\"\" srcset=\"https:\/\/www.agriturismovillanova.it\/wp-content\/uploads\/2022\/02\/levanto-1.png 960w, https:\/\/www.agriturismovillanova.it\/wp-content\/uploads\/2022\/02\/levanto-1-300x136.png 300w, https:\/\/www.agriturismovillanova.it\/wp-content\/uploads\/2022\/02\/levanto-1-768x347.png 768w\" sizes=\"(max-width: 960px) 100vw, 960px\" \/>\t\t\t\t\t\t\t\t\t\t\t\t\t\t\t<\/div>\n\t\t\t\t<\/div>\n\t\t\t\t\t<\/div>\n\t\t<\/div>\n\t\t\t\t\t<\/div>\n\t\t<\/section>\n\t\t\t\t<\/div>\n\t\t","protected":false},"excerpt":{"rendered":"<p>Villanovas ideale Lage erm\u00f6glicht unseren G\u00e4sten ein breites Spektrum von Aktivit\u00e4ten. Abseits der Menschenmengen, in der weiten Natur, ist Villanova ein Paradies f\u00fcr Naturliebhaber und Wanderer. Ein Wanderpfad verbindet Villanova direkt mit dem einzigartigen Cinque Terre Nationalpark, der 1998 als Weltkulturerbe von der UNESCO ausgezeichnet wurde Villanova ist auch ein Paradies fuer Kinder, die in [&hellip;]<\/p>\n","protected":false},"author":1,"featured_media":880,"parent":0,"menu_order":0,"comment_status":"closed","ping_status":"closed","template":"","meta":{"footnotes":""},"class_list":["post-696","page","type-page","status-publish","has-post-thumbnail","hentry"],"yoast_head":"<!-- This site is optimized with the Yoast SEO plugin v27.3 - https:\/\/yoast.com\/product\/yoast-seo-wordpress\/ -->\n<title>Was tun in Levanto und in den Cinque Terre? Aktivit\u00e4ten | Villanova<\/title>\n<meta name=\"description\" content=\"Kanufahren, Windsurfen, Ausfl\u00fcge entlang der K\u00fcste... Eine gro\u00dfe Auswahl an Aktivit\u00e4ten zwischen Levanto und den Cinque Terre.\" \/>\n<meta name=\"robots\" content=\"index, follow, max-snippet:-1, max-image-preview:large, max-video-preview:-1\" \/>\n<link rel=\"canonical\" href=\"https:\/\/www.agriturismovillanova.it\/de\/aktivitaeten\/\" \/>\n<meta property=\"og:locale\" content=\"de_DE\" \/>\n<meta property=\"og:type\" content=\"article\" \/>\n<meta property=\"og:title\" content=\"Was tun in Levanto und in den Cinque Terre? Aktivit\u00e4ten | Villanova\" \/>\n<meta property=\"og:description\" content=\"Kanufahren, Windsurfen, Ausfl\u00fcge entlang der K\u00fcste... Eine gro\u00dfe Auswahl an Aktivit\u00e4ten zwischen Levanto und den Cinque Terre.\" \/>\n<meta property=\"og:url\" content=\"https:\/\/www.agriturismovillanova.it\/de\/aktivitaeten\/\" \/>\n<meta property=\"og:site_name\" content=\"Villanova Agriturismo\" \/>\n<meta property=\"article:modified_time\" content=\"2025-06-13T09:38:51+00:00\" \/>\n<meta property=\"og:image\" content=\"https:\/\/www.agriturismovillanova.it\/wp-content\/uploads\/2022\/02\/header-activities.jpg\" \/>\n\t<meta property=\"og:image:width\" content=\"1920\" \/>\n\t<meta property=\"og:image:height\" content=\"920\" \/>\n\t<meta property=\"og:image:type\" content=\"image\/jpeg\" \/>\n<meta name=\"twitter:card\" content=\"summary_large_image\" \/>\n<meta name=\"twitter:label1\" content=\"Gesch\u00e4tzte Lesezeit\" \/>\n\t<meta name=\"twitter:data1\" content=\"3\u00a0Minuten\" \/>\n<script type=\"application\/ld+json\" class=\"yoast-schema-graph\">{\"@context\":\"https:\\\/\\\/schema.org\",\"@graph\":[{\"@type\":\"WebPage\",\"@id\":\"https:\\\/\\\/www.agriturismovillanova.it\\\/de\\\/aktivitaeten\\\/\",\"url\":\"https:\\\/\\\/www.agriturismovillanova.it\\\/de\\\/aktivitaeten\\\/\",\"name\":\"Was tun in Levanto und in den Cinque Terre? Aktivit\u00e4ten | Villanova\",\"isPartOf\":{\"@id\":\"https:\\\/\\\/www.agriturismovillanova.it\\\/de\\\/#website\"},\"primaryImageOfPage\":{\"@id\":\"https:\\\/\\\/www.agriturismovillanova.it\\\/de\\\/aktivitaeten\\\/#primaryimage\"},\"image\":{\"@id\":\"https:\\\/\\\/www.agriturismovillanova.it\\\/de\\\/aktivitaeten\\\/#primaryimage\"},\"thumbnailUrl\":\"https:\\\/\\\/www.agriturismovillanova.it\\\/wp-content\\\/uploads\\\/2022\\\/02\\\/header-activities.jpg\",\"datePublished\":\"2022-02-15T15:38:20+00:00\",\"dateModified\":\"2025-06-13T09:38:51+00:00\",\"description\":\"Kanufahren, Windsurfen, Ausfl\u00fcge entlang der K\u00fcste... Eine gro\u00dfe Auswahl an Aktivit\u00e4ten zwischen Levanto und den Cinque Terre.\",\"inLanguage\":\"de\",\"potentialAction\":[{\"@type\":\"ReadAction\",\"target\":[\"https:\\\/\\\/www.agriturismovillanova.it\\\/de\\\/aktivitaeten\\\/\"]}]},{\"@type\":\"ImageObject\",\"inLanguage\":\"de\",\"@id\":\"https:\\\/\\\/www.agriturismovillanova.it\\\/de\\\/aktivitaeten\\\/#primaryimage\",\"url\":\"https:\\\/\\\/www.agriturismovillanova.it\\\/wp-content\\\/uploads\\\/2022\\\/02\\\/header-activities.jpg\",\"contentUrl\":\"https:\\\/\\\/www.agriturismovillanova.it\\\/wp-content\\\/uploads\\\/2022\\\/02\\\/header-activities.jpg\",\"width\":1920,\"height\":920},{\"@type\":\"WebSite\",\"@id\":\"https:\\\/\\\/www.agriturismovillanova.it\\\/de\\\/#website\",\"url\":\"https:\\\/\\\/www.agriturismovillanova.it\\\/de\\\/\",\"name\":\"Villanova Agriturismo\",\"description\":\"Nature &amp; wellness\",\"publisher\":{\"@id\":\"https:\\\/\\\/www.agriturismovillanova.it\\\/de\\\/#organization\"},\"potentialAction\":[{\"@type\":\"SearchAction\",\"target\":{\"@type\":\"EntryPoint\",\"urlTemplate\":\"https:\\\/\\\/www.agriturismovillanova.it\\\/de\\\/?s={search_term_string}\"},\"query-input\":{\"@type\":\"PropertyValueSpecification\",\"valueRequired\":true,\"valueName\":\"search_term_string\"}}],\"inLanguage\":\"de\"},{\"@type\":\"Organization\",\"@id\":\"https:\\\/\\\/www.agriturismovillanova.it\\\/de\\\/#organization\",\"name\":\"Villanova Agriturismo\",\"url\":\"https:\\\/\\\/www.agriturismovillanova.it\\\/de\\\/\",\"logo\":{\"@type\":\"ImageObject\",\"inLanguage\":\"de\",\"@id\":\"https:\\\/\\\/www.agriturismovillanova.it\\\/de\\\/#\\\/schema\\\/logo\\\/image\\\/\",\"url\":\"https:\\\/\\\/www.agriturismovillanova.it\\\/wp-content\\\/uploads\\\/2022\\\/02\\\/logo.svg\",\"contentUrl\":\"https:\\\/\\\/www.agriturismovillanova.it\\\/wp-content\\\/uploads\\\/2022\\\/02\\\/logo.svg\",\"caption\":\"Villanova Agriturismo\"},\"image\":{\"@id\":\"https:\\\/\\\/www.agriturismovillanova.it\\\/de\\\/#\\\/schema\\\/logo\\\/image\\\/\"}}]}<\/script>\n<!-- \/ Yoast SEO plugin. -->","yoast_head_json":{"title":"Was tun in Levanto und in den Cinque Terre? Aktivit\u00e4ten | Villanova","description":"Kanufahren, Windsurfen, Ausfl\u00fcge entlang der K\u00fcste... Eine gro\u00dfe Auswahl an Aktivit\u00e4ten zwischen Levanto und den Cinque Terre.","robots":{"index":"index","follow":"follow","max-snippet":"max-snippet:-1","max-image-preview":"max-image-preview:large","max-video-preview":"max-video-preview:-1"},"canonical":"https:\/\/www.agriturismovillanova.it\/de\/aktivitaeten\/","og_locale":"de_DE","og_type":"article","og_title":"Was tun in Levanto und in den Cinque Terre? Aktivit\u00e4ten | Villanova","og_description":"Kanufahren, Windsurfen, Ausfl\u00fcge entlang der K\u00fcste... Eine gro\u00dfe Auswahl an Aktivit\u00e4ten zwischen Levanto und den Cinque Terre.","og_url":"https:\/\/www.agriturismovillanova.it\/de\/aktivitaeten\/","og_site_name":"Villanova Agriturismo","article_modified_time":"2025-06-13T09:38:51+00:00","og_image":[{"width":1920,"height":920,"url":"https:\/\/www.agriturismovillanova.it\/wp-content\/uploads\/2022\/02\/header-activities.jpg","type":"image\/jpeg"}],"twitter_card":"summary_large_image","twitter_misc":{"Gesch\u00e4tzte Lesezeit":"3\u00a0Minuten"},"schema":{"@context":"https:\/\/schema.org","@graph":[{"@type":"WebPage","@id":"https:\/\/www.agriturismovillanova.it\/de\/aktivitaeten\/","url":"https:\/\/www.agriturismovillanova.it\/de\/aktivitaeten\/","name":"Was tun in Levanto und in den Cinque Terre? Aktivit\u00e4ten | Villanova","isPartOf":{"@id":"https:\/\/www.agriturismovillanova.it\/de\/#website"},"primaryImageOfPage":{"@id":"https:\/\/www.agriturismovillanova.it\/de\/aktivitaeten\/#primaryimage"},"image":{"@id":"https:\/\/www.agriturismovillanova.it\/de\/aktivitaeten\/#primaryimage"},"thumbnailUrl":"https:\/\/www.agriturismovillanova.it\/wp-content\/uploads\/2022\/02\/header-activities.jpg","datePublished":"2022-02-15T15:38:20+00:00","dateModified":"2025-06-13T09:38:51+00:00","description":"Kanufahren, Windsurfen, Ausfl\u00fcge entlang der K\u00fcste... Eine gro\u00dfe Auswahl an Aktivit\u00e4ten zwischen Levanto und den Cinque Terre.","inLanguage":"de","potentialAction":[{"@type":"ReadAction","target":["https:\/\/www.agriturismovillanova.it\/de\/aktivitaeten\/"]}]},{"@type":"ImageObject","inLanguage":"de","@id":"https:\/\/www.agriturismovillanova.it\/de\/aktivitaeten\/#primaryimage","url":"https:\/\/www.agriturismovillanova.it\/wp-content\/uploads\/2022\/02\/header-activities.jpg","contentUrl":"https:\/\/www.agriturismovillanova.it\/wp-content\/uploads\/2022\/02\/header-activities.jpg","width":1920,"height":920},{"@type":"WebSite","@id":"https:\/\/www.agriturismovillanova.it\/de\/#website","url":"https:\/\/www.agriturismovillanova.it\/de\/","name":"Villanova Agriturismo","description":"Nature &amp; wellness","publisher":{"@id":"https:\/\/www.agriturismovillanova.it\/de\/#organization"},"potentialAction":[{"@type":"SearchAction","target":{"@type":"EntryPoint","urlTemplate":"https:\/\/www.agriturismovillanova.it\/de\/?s={search_term_string}"},"query-input":{"@type":"PropertyValueSpecification","valueRequired":true,"valueName":"search_term_string"}}],"inLanguage":"de"},{"@type":"Organization","@id":"https:\/\/www.agriturismovillanova.it\/de\/#organization","name":"Villanova Agriturismo","url":"https:\/\/www.agriturismovillanova.it\/de\/","logo":{"@type":"ImageObject","inLanguage":"de","@id":"https:\/\/www.agriturismovillanova.it\/de\/#\/schema\/logo\/image\/","url":"https:\/\/www.agriturismovillanova.it\/wp-content\/uploads\/2022\/02\/logo.svg","contentUrl":"https:\/\/www.agriturismovillanova.it\/wp-content\/uploads\/2022\/02\/logo.svg","caption":"Villanova Agriturismo"},"image":{"@id":"https:\/\/www.agriturismovillanova.it\/de\/#\/schema\/logo\/image\/"}}]}},"_links":{"self":[{"href":"https:\/\/www.agriturismovillanova.it\/de\/wp-json\/wp\/v2\/pages\/696","targetHints":{"allow":["GET"]}}],"collection":[{"href":"https:\/\/www.agriturismovillanova.it\/de\/wp-json\/wp\/v2\/pages"}],"about":[{"href":"https:\/\/www.agriturismovillanova.it\/de\/wp-json\/wp\/v2\/types\/page"}],"author":[{"embeddable":true,"href":"https:\/\/www.agriturismovillanova.it\/de\/wp-json\/wp\/v2\/users\/1"}],"replies":[{"embeddable":true,"href":"https:\/\/www.agriturismovillanova.it\/de\/wp-json\/wp\/v2\/comments?post=696"}],"version-history":[{"count":15,"href":"https:\/\/www.agriturismovillanova.it\/de\/wp-json\/wp\/v2\/pages\/696\/revisions"}],"predecessor-version":[{"id":6452,"href":"https:\/\/www.agriturismovillanova.it\/de\/wp-json\/wp\/v2\/pages\/696\/revisions\/6452"}],"wp:featuredmedia":[{"embeddable":true,"href":"https:\/\/www.agriturismovillanova.it\/de\/wp-json\/wp\/v2\/media\/880"}],"wp:attachment":[{"href":"https:\/\/www.agriturismovillanova.it\/de\/wp-json\/wp\/v2\/media?parent=696"}],"curies":[{"name":"wp","href":"https:\/\/api.w.org\/{rel}","templated":true}]}}