{"id":672,"date":"2022-02-15T16:09:34","date_gmt":"2022-02-15T15:09:34","guid":{"rendered":"https:\/\/www.agriturismovillanova.it\/angebote\/"},"modified":"2025-09-24T21:07:38","modified_gmt":"2025-09-24T19:07:38","slug":"angebote","status":"publish","type":"page","link":"https:\/\/www.agriturismovillanova.it\/de\/angebote\/","title":{"rendered":"Angebote"},"content":{"rendered":"\t\t<div data-elementor-type=\"wp-page\" data-elementor-id=\"672\" class=\"elementor elementor-672 elementor-30\" data-elementor-post-type=\"page\">\n\t\t\t\t\t\t<section class=\"elementor-section elementor-top-section elementor-element elementor-element-d535287 elementor-section-full_width elementor-section-height-default elementor-section-height-default\" data-id=\"d535287\" data-element_type=\"section\" data-e-type=\"section\">\n\t\t\t\t\t\t<div class=\"elementor-container elementor-column-gap-default\">\n\t\t\t\t\t<div class=\"elementor-column elementor-col-50 elementor-top-column elementor-element elementor-element-ea3c6a7\" data-id=\"ea3c6a7\" data-element_type=\"column\" data-e-type=\"column\">\n\t\t\t<div class=\"elementor-widget-wrap elementor-element-populated\">\n\t\t\t\t\t\t<div class=\"elementor-element elementor-element-ce0547d title-with-graph elementor-widget elementor-widget-heading\" data-id=\"ce0547d\" data-element_type=\"widget\" data-e-type=\"widget\" data-widget_type=\"heading.default\">\n\t\t\t\t<div class=\"elementor-widget-container\">\n\t\t\t\t\t<h2 class=\"elementor-heading-title elementor-size-default\">Sonderangebot \u201cJubil\u00e4um\u201d.<\/h2>\t\t\t\t<\/div>\n\t\t\t\t<\/div>\n\t\t\t\t\t<\/div>\n\t\t<\/div>\n\t\t\t\t<div class=\"elementor-column elementor-col-50 elementor-top-column elementor-element elementor-element-28dd6dc\" data-id=\"28dd6dc\" data-element_type=\"column\" data-e-type=\"column\">\n\t\t\t<div class=\"elementor-widget-wrap elementor-element-populated\">\n\t\t\t\t\t\t<div class=\"elementor-element elementor-element-af96bf6 elementor-widget elementor-widget-text-editor\" data-id=\"af96bf6\" data-element_type=\"widget\" data-e-type=\"widget\" data-widget_type=\"text-editor.default\">\n\t\t\t\t<div class=\"elementor-widget-container\">\n\t\t\t\t\t\t\t\t\t<p><strong>Villanova<\/strong> freut sich, sein <strong>Jubil\u00e4um<\/strong> zu feiern. \u00dcbernachten Sie in einer unserer bezaubernden Unterk\u00fcnfte und entdecken Sie die Sch\u00f6nheit dieser Region, ihre Traditionen, ihre Kultur und ihre kulinarischen K\u00f6stlichkeiten.<\/p>\n<p><strong>Buchen Sie jetzt<\/strong> und profitieren Sie von unserem Sonderrabatt zur Feier unseres Jubil\u00e4ums. <strong>Das Angebot ist begrenzt!<\/strong><\/p>\n<p><strong>Geben Sie Ihre Reisedaten in das Online-Buchungsformular ein und entdecken Sie alle unsere Sonderangebote!<\/strong><\/p>\n\t\t\t\t\t\t\t\t<\/div>\n\t\t\t\t<\/div>\n\t\t\t\t\t<\/div>\n\t\t<\/div>\n\t\t\t\t\t<\/div>\n\t\t<\/section>\n\t\t\t\t<section class=\"elementor-section elementor-top-section elementor-element elementor-element-82ae8ca elementor-section-boxed elementor-section-height-default elementor-section-height-default\" data-id=\"82ae8ca\" data-element_type=\"section\" data-e-type=\"section\">\n\t\t\t\t\t\t<div class=\"elementor-container elementor-column-gap-default\">\n\t\t\t\t\t<div class=\"elementor-column elementor-col-100 elementor-top-column elementor-element elementor-element-b742ac0\" data-id=\"b742ac0\" data-element_type=\"column\" data-e-type=\"column\">\n\t\t\t<div class=\"elementor-widget-wrap elementor-element-populated\">\n\t\t\t\t\t\t<div class=\"elementor-element elementor-element-708ee88 elementor-arrows-position-inside elementor-pagination-position-outside elementor-widget elementor-widget-image-carousel\" data-id=\"708ee88\" data-element_type=\"widget\" data-e-type=\"widget\" data-settings=\"{&quot;navigation&quot;:&quot;both&quot;,&quot;autoplay&quot;:&quot;yes&quot;,&quot;pause_on_hover&quot;:&quot;yes&quot;,&quot;pause_on_interaction&quot;:&quot;yes&quot;,&quot;autoplay_speed&quot;:5000,&quot;infinite&quot;:&quot;yes&quot;,&quot;speed&quot;:500}\" data-widget_type=\"image-carousel.default\">\n\t\t\t\t<div class=\"elementor-widget-container\">\n\t\t\t\t\t\t\t<div class=\"elementor-image-carousel-wrapper swiper\" role=\"region\" aria-roledescription=\"carousel\" aria-label=\"Image Carousel\" dir=\"ltr\">\n\t\t\t<div class=\"elementor-image-carousel swiper-wrapper\" aria-live=\"off\">\n\t\t\t\t\t\t\t\t<div class=\"swiper-slide\" role=\"group\" aria-roledescription=\"slide\" aria-label=\"1 von 7\"><figure class=\"swiper-slide-inner\"><img decoding=\"async\" class=\"swiper-slide-image\" src=\"https:\/\/www.agriturismovillanova.it\/wp-content\/uploads\/2022\/02\/terrace.png\" alt=\"terrace\" \/><\/figure><\/div><div class=\"swiper-slide\" role=\"group\" aria-roledescription=\"slide\" aria-label=\"2 von 7\"><figure class=\"swiper-slide-inner\"><img decoding=\"async\" class=\"swiper-slide-image\" src=\"https:\/\/www.agriturismovillanova.it\/wp-content\/uploads\/2022\/02\/pool.png\" alt=\"pool\" \/><\/figure><\/div><div class=\"swiper-slide\" role=\"group\" aria-roledescription=\"slide\" aria-label=\"3 von 7\"><figure class=\"swiper-slide-inner\"><img decoding=\"async\" class=\"swiper-slide-image\" src=\"https:\/\/www.agriturismovillanova.it\/wp-content\/uploads\/2022\/02\/cottage.jpg\" alt=\"cottage\" \/><\/figure><\/div><div class=\"swiper-slide\" role=\"group\" aria-roledescription=\"slide\" aria-label=\"4 von 7\"><figure class=\"swiper-slide-inner\"><img decoding=\"async\" class=\"swiper-slide-image\" src=\"https:\/\/www.agriturismovillanova.it\/wp-content\/uploads\/2022\/02\/pool3.png\" alt=\"pool3\" \/><\/figure><\/div><div class=\"swiper-slide\" role=\"group\" aria-roledescription=\"slide\" aria-label=\"5 von 7\"><figure class=\"swiper-slide-inner\"><img decoding=\"async\" class=\"swiper-slide-image\" src=\"https:\/\/www.agriturismovillanova.it\/wp-content\/uploads\/2022\/02\/breakfast.png\" alt=\"breakfast\" \/><\/figure><\/div><div class=\"swiper-slide\" role=\"group\" aria-roledescription=\"slide\" aria-label=\"6 von 7\"><figure class=\"swiper-slide-inner\"><img decoding=\"async\" class=\"swiper-slide-image\" src=\"https:\/\/www.agriturismovillanova.it\/wp-content\/uploads\/2022\/02\/pool2.png\" alt=\"pool2\" \/><\/figure><\/div><div class=\"swiper-slide\" role=\"group\" aria-roledescription=\"slide\" aria-label=\"7 von 7\"><figure class=\"swiper-slide-inner\"><img decoding=\"async\" class=\"swiper-slide-image\" src=\"https:\/\/www.agriturismovillanova.it\/wp-content\/uploads\/2022\/02\/pool-solarium.png\" alt=\"pool-solarium\" \/><\/figure><\/div>\t\t\t<\/div>\n\t\t\t\t\t\t\t\t\t\t\t\t<div class=\"elementor-swiper-button elementor-swiper-button-prev\" role=\"button\" tabindex=\"0\">\n\t\t\t\t\t\t<i aria-hidden=\"true\" class=\"eicon-chevron-left\"><\/i>\t\t\t\t\t<\/div>\n\t\t\t\t\t<div class=\"elementor-swiper-button elementor-swiper-button-next\" role=\"button\" tabindex=\"0\">\n\t\t\t\t\t\t<i aria-hidden=\"true\" class=\"eicon-chevron-right\"><\/i>\t\t\t\t\t<\/div>\n\t\t\t\t\n\t\t\t\t\t\t\t\t\t<div class=\"swiper-pagination\"><\/div>\n\t\t\t\t\t\t\t\t\t<\/div>\n\t\t\t\t\t\t<\/div>\n\t\t\t\t<\/div>\n\t\t\t\t\t<\/div>\n\t\t<\/div>\n\t\t\t\t\t<\/div>\n\t\t<\/section>\n\t\t\t\t<\/div>\n\t\t","protected":false},"excerpt":{"rendered":"<p>Sonderangebot \u201cJubil\u00e4um\u201d. Villanova freut sich, sein Jubil\u00e4um zu feiern. \u00dcbernachten Sie in einer unserer bezaubernden Unterk\u00fcnfte und entdecken Sie die Sch\u00f6nheit dieser Region, ihre Traditionen, ihre Kultur und ihre kulinarischen K\u00f6stlichkeiten. Buchen Sie jetzt und profitieren Sie von unserem Sonderrabatt zur Feier unseres Jubil\u00e4ums. Das Angebot ist begrenzt! Geben Sie Ihre Reisedaten in das Online-Buchungsformular [&hellip;]<\/p>\n","protected":false},"author":1,"featured_media":3781,"parent":0,"menu_order":0,"comment_status":"closed","ping_status":"closed","template":"","meta":{"footnotes":""},"class_list":["post-672","page","type-page","status-publish","has-post-thumbnail","hentry"],"yoast_head":"<!-- This site is optimized with the Yoast SEO plugin v27.3 - https:\/\/yoast.com\/product\/yoast-seo-wordpress\/ -->\n<title>Angebote Hotel Cinque Terre Levanto Bauernhof B&amp;B | Villanova<\/title>\n<meta name=\"description\" content=\"Verbringen Sie Ihren Urlaub in den Cinque Terre zu einem ganz besonderen Preis. Buchen Sie Ihr Zimmer oder Apartment in Villanova di Levanto.\" \/>\n<meta name=\"robots\" content=\"index, follow, max-snippet:-1, max-image-preview:large, max-video-preview:-1\" \/>\n<link rel=\"canonical\" href=\"https:\/\/www.agriturismovillanova.it\/de\/angebote\/\" \/>\n<meta property=\"og:locale\" content=\"de_DE\" \/>\n<meta property=\"og:type\" content=\"article\" \/>\n<meta property=\"og:title\" content=\"Angebote Hotel Cinque Terre Levanto Bauernhof B&amp;B | Villanova\" \/>\n<meta property=\"og:description\" content=\"Verbringen Sie Ihren Urlaub in den Cinque Terre zu einem ganz besonderen Preis. Buchen Sie Ihr Zimmer oder Apartment in Villanova di Levanto.\" \/>\n<meta property=\"og:url\" content=\"https:\/\/www.agriturismovillanova.it\/de\/angebote\/\" \/>\n<meta property=\"og:site_name\" content=\"Villanova Agriturismo\" \/>\n<meta property=\"article:modified_time\" content=\"2025-09-24T19:07:38+00:00\" \/>\n<meta property=\"og:image\" content=\"https:\/\/www.agriturismovillanova.it\/wp-content\/uploads\/2022\/10\/header-deals-2.jpg\" \/>\n\t<meta property=\"og:image:width\" content=\"1920\" \/>\n\t<meta property=\"og:image:height\" content=\"920\" \/>\n\t<meta property=\"og:image:type\" content=\"image\/jpeg\" \/>\n<meta name=\"twitter:card\" content=\"summary_large_image\" \/>\n<script type=\"application\/ld+json\" class=\"yoast-schema-graph\">{\"@context\":\"https:\\\/\\\/schema.org\",\"@graph\":[{\"@type\":\"WebPage\",\"@id\":\"https:\\\/\\\/www.agriturismovillanova.it\\\/de\\\/angebote\\\/\",\"url\":\"https:\\\/\\\/www.agriturismovillanova.it\\\/de\\\/angebote\\\/\",\"name\":\"Angebote Hotel Cinque Terre Levanto Bauernhof B&B | Villanova\",\"isPartOf\":{\"@id\":\"https:\\\/\\\/www.agriturismovillanova.it\\\/de\\\/#website\"},\"primaryImageOfPage\":{\"@id\":\"https:\\\/\\\/www.agriturismovillanova.it\\\/de\\\/angebote\\\/#primaryimage\"},\"image\":{\"@id\":\"https:\\\/\\\/www.agriturismovillanova.it\\\/de\\\/angebote\\\/#primaryimage\"},\"thumbnailUrl\":\"https:\\\/\\\/www.agriturismovillanova.it\\\/wp-content\\\/uploads\\\/2022\\\/10\\\/header-deals-2.jpg\",\"datePublished\":\"2022-02-15T15:09:34+00:00\",\"dateModified\":\"2025-09-24T19:07:38+00:00\",\"description\":\"Verbringen Sie Ihren Urlaub in den Cinque Terre zu einem ganz besonderen Preis. Buchen Sie Ihr Zimmer oder Apartment in Villanova di Levanto.\",\"inLanguage\":\"de\",\"potentialAction\":[{\"@type\":\"ReadAction\",\"target\":[\"https:\\\/\\\/www.agriturismovillanova.it\\\/de\\\/angebote\\\/\"]}]},{\"@type\":\"ImageObject\",\"inLanguage\":\"de\",\"@id\":\"https:\\\/\\\/www.agriturismovillanova.it\\\/de\\\/angebote\\\/#primaryimage\",\"url\":\"https:\\\/\\\/www.agriturismovillanova.it\\\/wp-content\\\/uploads\\\/2022\\\/10\\\/header-deals-2.jpg\",\"contentUrl\":\"https:\\\/\\\/www.agriturismovillanova.it\\\/wp-content\\\/uploads\\\/2022\\\/10\\\/header-deals-2.jpg\",\"width\":1920,\"height\":920},{\"@type\":\"WebSite\",\"@id\":\"https:\\\/\\\/www.agriturismovillanova.it\\\/de\\\/#website\",\"url\":\"https:\\\/\\\/www.agriturismovillanova.it\\\/de\\\/\",\"name\":\"Villanova Agriturismo\",\"description\":\"Nature &amp; wellness\",\"publisher\":{\"@id\":\"https:\\\/\\\/www.agriturismovillanova.it\\\/de\\\/#organization\"},\"potentialAction\":[{\"@type\":\"SearchAction\",\"target\":{\"@type\":\"EntryPoint\",\"urlTemplate\":\"https:\\\/\\\/www.agriturismovillanova.it\\\/de\\\/?s={search_term_string}\"},\"query-input\":{\"@type\":\"PropertyValueSpecification\",\"valueRequired\":true,\"valueName\":\"search_term_string\"}}],\"inLanguage\":\"de\"},{\"@type\":\"Organization\",\"@id\":\"https:\\\/\\\/www.agriturismovillanova.it\\\/de\\\/#organization\",\"name\":\"Villanova Agriturismo\",\"url\":\"https:\\\/\\\/www.agriturismovillanova.it\\\/de\\\/\",\"logo\":{\"@type\":\"ImageObject\",\"inLanguage\":\"de\",\"@id\":\"https:\\\/\\\/www.agriturismovillanova.it\\\/de\\\/#\\\/schema\\\/logo\\\/image\\\/\",\"url\":\"https:\\\/\\\/www.agriturismovillanova.it\\\/wp-content\\\/uploads\\\/2022\\\/02\\\/logo.svg\",\"contentUrl\":\"https:\\\/\\\/www.agriturismovillanova.it\\\/wp-content\\\/uploads\\\/2022\\\/02\\\/logo.svg\",\"caption\":\"Villanova Agriturismo\"},\"image\":{\"@id\":\"https:\\\/\\\/www.agriturismovillanova.it\\\/de\\\/#\\\/schema\\\/logo\\\/image\\\/\"}}]}<\/script>\n<!-- \/ Yoast SEO plugin. -->","yoast_head_json":{"title":"Angebote Hotel Cinque Terre Levanto Bauernhof B&B | Villanova","description":"Verbringen Sie Ihren Urlaub in den Cinque Terre zu einem ganz besonderen Preis. Buchen Sie Ihr Zimmer oder Apartment in Villanova di Levanto.","robots":{"index":"index","follow":"follow","max-snippet":"max-snippet:-1","max-image-preview":"max-image-preview:large","max-video-preview":"max-video-preview:-1"},"canonical":"https:\/\/www.agriturismovillanova.it\/de\/angebote\/","og_locale":"de_DE","og_type":"article","og_title":"Angebote Hotel Cinque Terre Levanto Bauernhof B&B | Villanova","og_description":"Verbringen Sie Ihren Urlaub in den Cinque Terre zu einem ganz besonderen Preis. Buchen Sie Ihr Zimmer oder Apartment in Villanova di Levanto.","og_url":"https:\/\/www.agriturismovillanova.it\/de\/angebote\/","og_site_name":"Villanova Agriturismo","article_modified_time":"2025-09-24T19:07:38+00:00","og_image":[{"width":1920,"height":920,"url":"https:\/\/www.agriturismovillanova.it\/wp-content\/uploads\/2022\/10\/header-deals-2.jpg","type":"image\/jpeg"}],"twitter_card":"summary_large_image","schema":{"@context":"https:\/\/schema.org","@graph":[{"@type":"WebPage","@id":"https:\/\/www.agriturismovillanova.it\/de\/angebote\/","url":"https:\/\/www.agriturismovillanova.it\/de\/angebote\/","name":"Angebote Hotel Cinque Terre Levanto Bauernhof B&B | Villanova","isPartOf":{"@id":"https:\/\/www.agriturismovillanova.it\/de\/#website"},"primaryImageOfPage":{"@id":"https:\/\/www.agriturismovillanova.it\/de\/angebote\/#primaryimage"},"image":{"@id":"https:\/\/www.agriturismovillanova.it\/de\/angebote\/#primaryimage"},"thumbnailUrl":"https:\/\/www.agriturismovillanova.it\/wp-content\/uploads\/2022\/10\/header-deals-2.jpg","datePublished":"2022-02-15T15:09:34+00:00","dateModified":"2025-09-24T19:07:38+00:00","description":"Verbringen Sie Ihren Urlaub in den Cinque Terre zu einem ganz besonderen Preis. Buchen Sie Ihr Zimmer oder Apartment in Villanova di Levanto.","inLanguage":"de","potentialAction":[{"@type":"ReadAction","target":["https:\/\/www.agriturismovillanova.it\/de\/angebote\/"]}]},{"@type":"ImageObject","inLanguage":"de","@id":"https:\/\/www.agriturismovillanova.it\/de\/angebote\/#primaryimage","url":"https:\/\/www.agriturismovillanova.it\/wp-content\/uploads\/2022\/10\/header-deals-2.jpg","contentUrl":"https:\/\/www.agriturismovillanova.it\/wp-content\/uploads\/2022\/10\/header-deals-2.jpg","width":1920,"height":920},{"@type":"WebSite","@id":"https:\/\/www.agriturismovillanova.it\/de\/#website","url":"https:\/\/www.agriturismovillanova.it\/de\/","name":"Villanova Agriturismo","description":"Nature &amp; wellness","publisher":{"@id":"https:\/\/www.agriturismovillanova.it\/de\/#organization"},"potentialAction":[{"@type":"SearchAction","target":{"@type":"EntryPoint","urlTemplate":"https:\/\/www.agriturismovillanova.it\/de\/?s={search_term_string}"},"query-input":{"@type":"PropertyValueSpecification","valueRequired":true,"valueName":"search_term_string"}}],"inLanguage":"de"},{"@type":"Organization","@id":"https:\/\/www.agriturismovillanova.it\/de\/#organization","name":"Villanova Agriturismo","url":"https:\/\/www.agriturismovillanova.it\/de\/","logo":{"@type":"ImageObject","inLanguage":"de","@id":"https:\/\/www.agriturismovillanova.it\/de\/#\/schema\/logo\/image\/","url":"https:\/\/www.agriturismovillanova.it\/wp-content\/uploads\/2022\/02\/logo.svg","contentUrl":"https:\/\/www.agriturismovillanova.it\/wp-content\/uploads\/2022\/02\/logo.svg","caption":"Villanova Agriturismo"},"image":{"@id":"https:\/\/www.agriturismovillanova.it\/de\/#\/schema\/logo\/image\/"}}]}},"_links":{"self":[{"href":"https:\/\/www.agriturismovillanova.it\/de\/wp-json\/wp\/v2\/pages\/672","targetHints":{"allow":["GET"]}}],"collection":[{"href":"https:\/\/www.agriturismovillanova.it\/de\/wp-json\/wp\/v2\/pages"}],"about":[{"href":"https:\/\/www.agriturismovillanova.it\/de\/wp-json\/wp\/v2\/types\/page"}],"author":[{"embeddable":true,"href":"https:\/\/www.agriturismovillanova.it\/de\/wp-json\/wp\/v2\/users\/1"}],"replies":[{"embeddable":true,"href":"https:\/\/www.agriturismovillanova.it\/de\/wp-json\/wp\/v2\/comments?post=672"}],"version-history":[{"count":16,"href":"https:\/\/www.agriturismovillanova.it\/de\/wp-json\/wp\/v2\/pages\/672\/revisions"}],"predecessor-version":[{"id":6519,"href":"https:\/\/www.agriturismovillanova.it\/de\/wp-json\/wp\/v2\/pages\/672\/revisions\/6519"}],"wp:featuredmedia":[{"embeddable":true,"href":"https:\/\/www.agriturismovillanova.it\/de\/wp-json\/wp\/v2\/media\/3781"}],"wp:attachment":[{"href":"https:\/\/www.agriturismovillanova.it\/de\/wp-json\/wp\/v2\/media?parent=672"}],"curies":[{"name":"wp","href":"https:\/\/api.w.org\/{rel}","templated":true}]}}