{"id":660,"date":"2022-02-15T15:35:41","date_gmt":"2022-02-15T14:35:41","guid":{"rendered":"https:\/\/www.agriturismovillanova.it\/levanto-und-cinque-terre\/"},"modified":"2025-06-13T11:41:05","modified_gmt":"2025-06-13T09:41:05","slug":"levanto-und-cinque-terre","status":"publish","type":"page","link":"https:\/\/www.agriturismovillanova.it\/de\/levanto-und-cinque-terre\/","title":{"rendered":"Levanto und Cinque Terre"},"content":{"rendered":"\t\t<div data-elementor-type=\"wp-page\" data-elementor-id=\"660\" class=\"elementor elementor-660 elementor-26\" data-elementor-post-type=\"page\">\n\t\t\t\t\t\t<section class=\"elementor-section elementor-top-section elementor-element elementor-element-66c8dc4 elementor-section-full_width elementor-section-height-default elementor-section-height-default\" data-id=\"66c8dc4\" data-element_type=\"section\" data-e-type=\"section\">\n\t\t\t\t\t\t<div class=\"elementor-container elementor-column-gap-default\">\n\t\t\t\t\t<div class=\"elementor-column elementor-col-50 elementor-top-column elementor-element elementor-element-40c1724\" data-id=\"40c1724\" data-element_type=\"column\" data-e-type=\"column\">\n\t\t\t<div class=\"elementor-widget-wrap elementor-element-populated\">\n\t\t\t\t\t\t<div class=\"elementor-element elementor-element-362eb2e title-with-graph elementor-widget elementor-widget-heading\" data-id=\"362eb2e\" data-element_type=\"widget\" data-e-type=\"widget\" data-widget_type=\"heading.default\">\n\t\t\t\t<div class=\"elementor-widget-container\">\n\t\t\t\t\t<h2 class=\"elementor-heading-title elementor-size-default\">Levanto mit seinem breiten Sandstrand, liegt in einem Tal umgeben von Olivenhainen und mediterraner Vegetation.<\/h2>\t\t\t\t<\/div>\n\t\t\t\t<\/div>\n\t\t\t\t\t<\/div>\n\t\t<\/div>\n\t\t\t\t<div class=\"elementor-column elementor-col-50 elementor-top-column elementor-element elementor-element-600154a\" data-id=\"600154a\" data-element_type=\"column\" data-e-type=\"column\">\n\t\t\t<div class=\"elementor-widget-wrap elementor-element-populated\">\n\t\t\t\t\t\t<div class=\"elementor-element elementor-element-713ade8 elementor-widget elementor-widget-text-editor\" data-id=\"713ade8\" data-element_type=\"widget\" data-e-type=\"widget\" data-widget_type=\"text-editor.default\">\n\t\t\t\t<div class=\"elementor-widget-container\">\n\t\t\t\t\t\t\t\t\t<p>Es ist ein ausgezeichneter Ausgangspunkt f\u00fcr Leute die die <strong>Cinque Terre<\/strong> besuchen m\u00f6chten und gleichzeitig den weniger \u00fcberf\u00fcllten, n\u00f6rdlichen K\u00fcstenstreifen erkunden wollen. Levanto ist gr\u00f6\u00dfer als die Cinque Terre D\u00f6rfer und besitzt viele gute Restaurants, Gesch\u00e4fte, Bars und Caf\u00e9s und der frische Fisch- und Gem\u00fcsemarkt ist t\u00e4glich ge\u00f6ffnet.<\/p>\n\t\t\t\t\t\t\t\t<\/div>\n\t\t\t\t<\/div>\n\t\t\t\t\t<\/div>\n\t\t<\/div>\n\t\t\t\t\t<\/div>\n\t\t<\/section>\n\t\t\t\t<section class=\"elementor-section elementor-top-section elementor-element elementor-element-345d14d elementor-section-full_width elementor-reverse-mobile elementor-section-height-default elementor-section-height-default\" data-id=\"345d14d\" data-element_type=\"section\" data-e-type=\"section\">\n\t\t\t\t\t\t<div class=\"elementor-container elementor-column-gap-no\">\n\t\t\t\t\t<div class=\"elementor-column elementor-col-50 elementor-top-column elementor-element elementor-element-ebd74b6\" data-id=\"ebd74b6\" data-element_type=\"column\" data-e-type=\"column\">\n\t\t\t<div class=\"elementor-widget-wrap elementor-element-populated\">\n\t\t\t\t\t\t<div class=\"elementor-element elementor-element-4ae5f2e elementor-widget elementor-widget-image\" data-id=\"4ae5f2e\" data-element_type=\"widget\" data-e-type=\"widget\" data-widget_type=\"image.default\">\n\t\t\t\t<div class=\"elementor-widget-container\">\n\t\t\t\t\t\t\t\t\t\t\t\t\t\t\t<img fetchpriority=\"high\" decoding=\"async\" width=\"945\" height=\"434\" src=\"https:\/\/www.agriturismovillanova.it\/wp-content\/uploads\/2022\/02\/levanto-chiesa.png\" class=\"attachment-full size-full wp-image-630\" alt=\"\" srcset=\"https:\/\/www.agriturismovillanova.it\/wp-content\/uploads\/2022\/02\/levanto-chiesa.png 945w, https:\/\/www.agriturismovillanova.it\/wp-content\/uploads\/2022\/02\/levanto-chiesa-300x138.png 300w, https:\/\/www.agriturismovillanova.it\/wp-content\/uploads\/2022\/02\/levanto-chiesa-768x353.png 768w\" sizes=\"(max-width: 945px) 100vw, 945px\" \/>\t\t\t\t\t\t\t\t\t\t\t\t\t\t\t<\/div>\n\t\t\t\t<\/div>\n\t\t\t\t\t<\/div>\n\t\t<\/div>\n\t\t\t\t<div class=\"elementor-column elementor-col-50 elementor-top-column elementor-element elementor-element-3b67093\" data-id=\"3b67093\" data-element_type=\"column\" data-e-type=\"column\">\n\t\t\t<div class=\"elementor-widget-wrap elementor-element-populated\">\n\t\t\t\t\t\t<div class=\"elementor-element elementor-element-68ce20f elementor-widget elementor-widget-text-editor\" data-id=\"68ce20f\" data-element_type=\"widget\" data-e-type=\"widget\" data-widget_type=\"text-editor.default\">\n\t\t\t\t<div class=\"elementor-widget-container\">\n\t\t\t\t\t\t\t\t\t<p>Der historische Teil der Stadt, aus dem 13. Jahrhundert, kann \u00fcber eine selbst gef\u00fchrte Tour erkundet werden welche Levantos interessante Vergangenheit als wichtiges Zentrum des Seehandels enth\u00fcllt. Einige historische Sch\u00e4tze von Levanto sind, die Kirche von Sant\u2019Andrea mit seiner Fassade aus wei\u00dfem Marmor im Wechsel mit dem lokalen schwarzen Serpentine Stein und seiner herrlichen Rosette, die mittelalterliche Loggia und das Haus Restani, ein Handelshaus mit Ma\u00dfwerk verziert.<\/p>\n\t\t\t\t\t\t\t\t<\/div>\n\t\t\t\t<\/div>\n\t\t\t\t\t<\/div>\n\t\t<\/div>\n\t\t\t\t\t<\/div>\n\t\t<\/section>\n\t\t\t\t<section class=\"elementor-section elementor-top-section elementor-element elementor-element-ea46b97 elementor-section-full_width elementor-section-height-default elementor-section-height-default\" data-id=\"ea46b97\" data-element_type=\"section\" data-e-type=\"section\">\n\t\t\t\t\t\t<div class=\"elementor-container elementor-column-gap-no\">\n\t\t\t\t\t<div class=\"elementor-column elementor-col-50 elementor-top-column elementor-element elementor-element-71bc6dc\" data-id=\"71bc6dc\" data-element_type=\"column\" data-e-type=\"column\">\n\t\t\t<div class=\"elementor-widget-wrap elementor-element-populated\">\n\t\t\t\t\t\t<div class=\"elementor-element elementor-element-b38f165 elementor-widget elementor-widget-text-editor\" data-id=\"b38f165\" data-element_type=\"widget\" data-e-type=\"widget\" data-widget_type=\"text-editor.default\">\n\t\t\t\t<div class=\"elementor-widget-container\">\n\t\t\t\t\t\t\t\t\t<p>Von Levanto aus sind die 5 D\u00f6rfer des Cinque Terre Nationalpark (Monterosso, Vernazza, Corniglia, Manarola, Riomaggiore) durch eine kurze Zugfahrt, mit der F\u00e4hre oder zu Fu\u00df zu erreichen, indem man den wundersch\u00f6nen Wanderweg der Levanto mit Monterosso verbindet nimmt. Der bekannteste dieser Wanderwege, benannt <strong>\u201cAzzurro\u201d<\/strong>, verbindet alle f\u00fcnf D\u00f6rfer entlang der K\u00fcste. Ganz besonders spektakul\u00e4r ist die <strong>\u201cVia dell\u2019Amore\u201d<\/strong>, die einen fabelhaften Panorama und Blick auf das Meer bietet, vor allem am Sonnenuntergang.<\/p>\n\t\t\t\t\t\t\t\t<\/div>\n\t\t\t\t<\/div>\n\t\t\t\t\t<\/div>\n\t\t<\/div>\n\t\t\t\t<div class=\"elementor-column elementor-col-50 elementor-top-column elementor-element elementor-element-e3bb81e\" data-id=\"e3bb81e\" data-element_type=\"column\" data-e-type=\"column\">\n\t\t\t<div class=\"elementor-widget-wrap elementor-element-populated\">\n\t\t\t\t\t\t<div class=\"elementor-element elementor-element-4a5b785 elementor-widget elementor-widget-image\" data-id=\"4a5b785\" data-element_type=\"widget\" data-e-type=\"widget\" data-widget_type=\"image.default\">\n\t\t\t\t<div class=\"elementor-widget-container\">\n\t\t\t\t\t\t\t\t\t\t\t\t\t\t\t<img decoding=\"async\" width=\"960\" height=\"434\" src=\"https:\/\/www.agriturismovillanova.it\/wp-content\/uploads\/2022\/02\/cinque-terre.png\" class=\"attachment-full size-full wp-image-634\" alt=\"\" srcset=\"https:\/\/www.agriturismovillanova.it\/wp-content\/uploads\/2022\/02\/cinque-terre.png 960w, https:\/\/www.agriturismovillanova.it\/wp-content\/uploads\/2022\/02\/cinque-terre-300x136.png 300w, https:\/\/www.agriturismovillanova.it\/wp-content\/uploads\/2022\/02\/cinque-terre-768x347.png 768w\" sizes=\"(max-width: 960px) 100vw, 960px\" \/>\t\t\t\t\t\t\t\t\t\t\t\t\t\t\t<\/div>\n\t\t\t\t<\/div>\n\t\t\t\t\t<\/div>\n\t\t<\/div>\n\t\t\t\t\t<\/div>\n\t\t<\/section>\n\t\t\t\t<section class=\"elementor-section elementor-top-section elementor-element elementor-element-9816fa7 elementor-section-full_width elementor-reverse-mobile elementor-section-height-default elementor-section-height-default\" data-id=\"9816fa7\" data-element_type=\"section\" data-e-type=\"section\">\n\t\t\t\t\t\t<div class=\"elementor-container elementor-column-gap-no\">\n\t\t\t\t\t<div class=\"elementor-column elementor-col-50 elementor-top-column elementor-element elementor-element-ca63b49\" data-id=\"ca63b49\" data-element_type=\"column\" data-e-type=\"column\">\n\t\t\t<div class=\"elementor-widget-wrap elementor-element-populated\">\n\t\t\t\t\t\t<div class=\"elementor-element elementor-element-0836011 elementor-widget elementor-widget-image\" data-id=\"0836011\" data-element_type=\"widget\" data-e-type=\"widget\" data-widget_type=\"image.default\">\n\t\t\t\t<div class=\"elementor-widget-container\">\n\t\t\t\t\t\t\t\t\t\t\t\t\t\t\t<img decoding=\"async\" width=\"945\" height=\"434\" src=\"https:\/\/www.agriturismovillanova.it\/wp-content\/uploads\/2022\/02\/levanto-camminate.png\" class=\"attachment-full size-full wp-image-638\" alt=\"\" srcset=\"https:\/\/www.agriturismovillanova.it\/wp-content\/uploads\/2022\/02\/levanto-camminate.png 945w, https:\/\/www.agriturismovillanova.it\/wp-content\/uploads\/2022\/02\/levanto-camminate-300x138.png 300w, https:\/\/www.agriturismovillanova.it\/wp-content\/uploads\/2022\/02\/levanto-camminate-768x353.png 768w\" sizes=\"(max-width: 945px) 100vw, 945px\" \/>\t\t\t\t\t\t\t\t\t\t\t\t\t\t\t<\/div>\n\t\t\t\t<\/div>\n\t\t\t\t\t<\/div>\n\t\t<\/div>\n\t\t\t\t<div class=\"elementor-column elementor-col-50 elementor-top-column elementor-element elementor-element-070f863\" data-id=\"070f863\" data-element_type=\"column\" data-e-type=\"column\">\n\t\t\t<div class=\"elementor-widget-wrap elementor-element-populated\">\n\t\t\t\t\t\t<div class=\"elementor-element elementor-element-6d7077e elementor-widget elementor-widget-text-editor\" data-id=\"6d7077e\" data-element_type=\"widget\" data-e-type=\"widget\" data-widget_type=\"text-editor.default\">\n\t\t\t\t<div class=\"elementor-widget-container\">\n\t\t\t\t\t\t\t\t\t<p>Andere, h\u00f6her gelegene und weniger bewanderte Wege, bieten einen spektakul\u00e4ren Blick auf die kleinen D\u00f6rfer und Buchten der Region. Die Vielfalt der mediterranen Vegetation, im Wechsel mit Weinterrassen und Olivenhainen ist eine Wanderung wert.<br \/><strong>Der Cinque Terre Nationalpark<\/strong>, eine h\u00f6chst ungew\u00f6hnliche Kulturlandschaft mit ihren insgesamt sieben tausend Kilometer langen Trockenmauern, \u00fcber Jahrhunderte m\u00fchselig angelegt um Terrassen f\u00fcr Ackerland zu bauen, wurde zum <strong>UNESCO-Weltkulturerbe erkl\u00e4rt.<\/strong><\/p>\n<p>\n\t\t\t\t\t\t\t\t<\/div>\n\t\t\t\t<\/div>\n\t\t\t\t\t<\/div>\n\t\t<\/div>\n\t\t\t\t\t<\/div>\n\t\t<\/section>\n\t\t\t\t<section class=\"elementor-section elementor-top-section elementor-element elementor-element-9cf7907 elementor-section-boxed elementor-section-height-default elementor-section-height-default\" data-id=\"9cf7907\" data-element_type=\"section\" data-e-type=\"section\">\n\t\t\t\t\t\t<div class=\"elementor-container elementor-column-gap-default\">\n\t\t\t\t\t<div class=\"elementor-column elementor-col-33 elementor-top-column elementor-element elementor-element-0489868\" data-id=\"0489868\" data-element_type=\"column\" data-e-type=\"column\">\n\t\t\t<div class=\"elementor-widget-wrap elementor-element-populated\">\n\t\t\t\t\t\t<div class=\"elementor-element elementor-element-08ac830 elementor-widget elementor-widget-image\" data-id=\"08ac830\" data-element_type=\"widget\" data-e-type=\"widget\" data-widget_type=\"image.default\">\n\t\t\t\t<div class=\"elementor-widget-container\">\n\t\t\t\t\t\t\t\t\t\t\t\t\t\t\t<img loading=\"lazy\" decoding=\"async\" width=\"1037\" height=\"1007\" src=\"https:\/\/www.agriturismovillanova.it\/wp-content\/uploads\/2022\/02\/camminata.png\" class=\"attachment-full size-full wp-image-650\" alt=\"\" srcset=\"https:\/\/www.agriturismovillanova.it\/wp-content\/uploads\/2022\/02\/camminata.png 1037w, https:\/\/www.agriturismovillanova.it\/wp-content\/uploads\/2022\/02\/camminata-300x291.png 300w, https:\/\/www.agriturismovillanova.it\/wp-content\/uploads\/2022\/02\/camminata-1024x994.png 1024w, https:\/\/www.agriturismovillanova.it\/wp-content\/uploads\/2022\/02\/camminata-768x746.png 768w\" sizes=\"(max-width: 1037px) 100vw, 1037px\" \/>\t\t\t\t\t\t\t\t\t\t\t\t\t\t\t<\/div>\n\t\t\t\t<\/div>\n\t\t\t\t\t<\/div>\n\t\t<\/div>\n\t\t\t\t<div class=\"elementor-column elementor-col-33 elementor-top-column elementor-element elementor-element-31e6802\" data-id=\"31e6802\" data-element_type=\"column\" data-e-type=\"column\">\n\t\t\t<div class=\"elementor-widget-wrap elementor-element-populated\">\n\t\t\t\t\t\t<div class=\"elementor-element elementor-element-5889fc6 elementor-widget elementor-widget-image\" data-id=\"5889fc6\" data-element_type=\"widget\" data-e-type=\"widget\" data-widget_type=\"image.default\">\n\t\t\t\t<div class=\"elementor-widget-container\">\n\t\t\t\t\t\t\t\t\t\t\t\t\t\t\t<img loading=\"lazy\" decoding=\"async\" width=\"1037\" height=\"1007\" src=\"https:\/\/www.agriturismovillanova.it\/wp-content\/uploads\/2022\/02\/mare.png\" class=\"attachment-full size-full wp-image-646\" alt=\"\" srcset=\"https:\/\/www.agriturismovillanova.it\/wp-content\/uploads\/2022\/02\/mare.png 1037w, https:\/\/www.agriturismovillanova.it\/wp-content\/uploads\/2022\/02\/mare-300x291.png 300w, https:\/\/www.agriturismovillanova.it\/wp-content\/uploads\/2022\/02\/mare-1024x994.png 1024w, https:\/\/www.agriturismovillanova.it\/wp-content\/uploads\/2022\/02\/mare-768x746.png 768w\" sizes=\"(max-width: 1037px) 100vw, 1037px\" \/>\t\t\t\t\t\t\t\t\t\t\t\t\t\t\t<\/div>\n\t\t\t\t<\/div>\n\t\t\t\t\t<\/div>\n\t\t<\/div>\n\t\t\t\t<div class=\"elementor-column elementor-col-33 elementor-top-column elementor-element elementor-element-71b373c\" data-id=\"71b373c\" data-element_type=\"column\" data-e-type=\"column\">\n\t\t\t<div class=\"elementor-widget-wrap elementor-element-populated\">\n\t\t\t\t\t\t<div class=\"elementor-element elementor-element-7d13bb4 elementor-widget elementor-widget-image\" data-id=\"7d13bb4\" data-element_type=\"widget\" data-e-type=\"widget\" data-widget_type=\"image.default\">\n\t\t\t\t<div class=\"elementor-widget-container\">\n\t\t\t\t\t\t\t\t\t\t\t\t\t\t\t<img loading=\"lazy\" decoding=\"async\" width=\"1037\" height=\"1007\" src=\"https:\/\/www.agriturismovillanova.it\/wp-content\/uploads\/2022\/02\/cinqueterre.png\" class=\"attachment-full size-full wp-image-642\" alt=\"\" srcset=\"https:\/\/www.agriturismovillanova.it\/wp-content\/uploads\/2022\/02\/cinqueterre.png 1037w, https:\/\/www.agriturismovillanova.it\/wp-content\/uploads\/2022\/02\/cinqueterre-300x291.png 300w, https:\/\/www.agriturismovillanova.it\/wp-content\/uploads\/2022\/02\/cinqueterre-1024x994.png 1024w, https:\/\/www.agriturismovillanova.it\/wp-content\/uploads\/2022\/02\/cinqueterre-768x746.png 768w\" sizes=\"(max-width: 1037px) 100vw, 1037px\" \/>\t\t\t\t\t\t\t\t\t\t\t\t\t\t\t<\/div>\n\t\t\t\t<\/div>\n\t\t\t\t\t<\/div>\n\t\t<\/div>\n\t\t\t\t\t<\/div>\n\t\t<\/section>\n\t\t\t\t<\/div>\n\t\t","protected":false},"excerpt":{"rendered":"<p>Levanto mit seinem breiten Sandstrand, liegt in einem Tal umgeben von Olivenhainen und mediterraner Vegetation. Es ist ein ausgezeichneter Ausgangspunkt f\u00fcr Leute die die Cinque Terre besuchen m\u00f6chten und gleichzeitig den weniger \u00fcberf\u00fcllten, n\u00f6rdlichen K\u00fcstenstreifen erkunden wollen. Levanto ist gr\u00f6\u00dfer als die Cinque Terre D\u00f6rfer und besitzt viele gute Restaurants, Gesch\u00e4fte, Bars und Caf\u00e9s und [&hellip;]<\/p>\n","protected":false},"author":1,"featured_media":874,"parent":0,"menu_order":0,"comment_status":"closed","ping_status":"closed","template":"","meta":{"footnotes":""},"class_list":["post-660","page","type-page","status-publish","has-post-thumbnail","hentry"],"yoast_head":"<!-- This site is optimized with the Yoast SEO plugin v27.3 - https:\/\/yoast.com\/product\/yoast-seo-wordpress\/ -->\n<title>Was tun in den Cinque Terre und Levanto | Villanova Bauernhof<\/title>\n<meta name=\"description\" content=\"Levanto ist eine kleine Stadt voller guter Restaurants, Gesch\u00e4fte, Bars und Caf\u00e9s, in denen Sie die Cinque Terre besuchen k\u00f6nnen.\" \/>\n<meta name=\"robots\" content=\"index, follow, max-snippet:-1, max-image-preview:large, max-video-preview:-1\" \/>\n<link rel=\"canonical\" href=\"https:\/\/www.agriturismovillanova.it\/de\/levanto-und-cinque-terre\/\" \/>\n<meta property=\"og:locale\" content=\"de_DE\" \/>\n<meta property=\"og:type\" content=\"article\" \/>\n<meta property=\"og:title\" content=\"Was tun in den Cinque Terre und Levanto | Villanova Bauernhof\" \/>\n<meta property=\"og:description\" content=\"Levanto ist eine kleine Stadt voller guter Restaurants, Gesch\u00e4fte, Bars und Caf\u00e9s, in denen Sie die Cinque Terre besuchen k\u00f6nnen.\" \/>\n<meta property=\"og:url\" content=\"https:\/\/www.agriturismovillanova.it\/de\/levanto-und-cinque-terre\/\" \/>\n<meta property=\"og:site_name\" content=\"Villanova Agriturismo\" \/>\n<meta property=\"article:modified_time\" content=\"2025-06-13T09:41:05+00:00\" \/>\n<meta property=\"og:image\" content=\"https:\/\/www.agriturismovillanova.it\/wp-content\/uploads\/2022\/02\/header-cinqueterre.jpg\" \/>\n\t<meta property=\"og:image:width\" content=\"1920\" \/>\n\t<meta property=\"og:image:height\" content=\"920\" \/>\n\t<meta property=\"og:image:type\" content=\"image\/jpeg\" \/>\n<meta name=\"twitter:card\" content=\"summary_large_image\" \/>\n<meta name=\"twitter:label1\" content=\"Gesch\u00e4tzte Lesezeit\" \/>\n\t<meta name=\"twitter:data1\" content=\"3\u00a0Minuten\" \/>\n<script type=\"application\/ld+json\" class=\"yoast-schema-graph\">{\"@context\":\"https:\\\/\\\/schema.org\",\"@graph\":[{\"@type\":\"WebPage\",\"@id\":\"https:\\\/\\\/www.agriturismovillanova.it\\\/de\\\/levanto-und-cinque-terre\\\/\",\"url\":\"https:\\\/\\\/www.agriturismovillanova.it\\\/de\\\/levanto-und-cinque-terre\\\/\",\"name\":\"Was tun in den Cinque Terre und Levanto | Villanova Bauernhof\",\"isPartOf\":{\"@id\":\"https:\\\/\\\/www.agriturismovillanova.it\\\/de\\\/#website\"},\"primaryImageOfPage\":{\"@id\":\"https:\\\/\\\/www.agriturismovillanova.it\\\/de\\\/levanto-und-cinque-terre\\\/#primaryimage\"},\"image\":{\"@id\":\"https:\\\/\\\/www.agriturismovillanova.it\\\/de\\\/levanto-und-cinque-terre\\\/#primaryimage\"},\"thumbnailUrl\":\"https:\\\/\\\/www.agriturismovillanova.it\\\/wp-content\\\/uploads\\\/2022\\\/02\\\/header-cinqueterre.jpg\",\"datePublished\":\"2022-02-15T14:35:41+00:00\",\"dateModified\":\"2025-06-13T09:41:05+00:00\",\"description\":\"Levanto ist eine kleine Stadt voller guter Restaurants, Gesch\u00e4fte, Bars und Caf\u00e9s, in denen Sie die Cinque Terre besuchen k\u00f6nnen.\",\"inLanguage\":\"de\",\"potentialAction\":[{\"@type\":\"ReadAction\",\"target\":[\"https:\\\/\\\/www.agriturismovillanova.it\\\/de\\\/levanto-und-cinque-terre\\\/\"]}]},{\"@type\":\"ImageObject\",\"inLanguage\":\"de\",\"@id\":\"https:\\\/\\\/www.agriturismovillanova.it\\\/de\\\/levanto-und-cinque-terre\\\/#primaryimage\",\"url\":\"https:\\\/\\\/www.agriturismovillanova.it\\\/wp-content\\\/uploads\\\/2022\\\/02\\\/header-cinqueterre.jpg\",\"contentUrl\":\"https:\\\/\\\/www.agriturismovillanova.it\\\/wp-content\\\/uploads\\\/2022\\\/02\\\/header-cinqueterre.jpg\",\"width\":1920,\"height\":920},{\"@type\":\"WebSite\",\"@id\":\"https:\\\/\\\/www.agriturismovillanova.it\\\/de\\\/#website\",\"url\":\"https:\\\/\\\/www.agriturismovillanova.it\\\/de\\\/\",\"name\":\"Villanova Agriturismo\",\"description\":\"Nature &amp; wellness\",\"publisher\":{\"@id\":\"https:\\\/\\\/www.agriturismovillanova.it\\\/de\\\/#organization\"},\"potentialAction\":[{\"@type\":\"SearchAction\",\"target\":{\"@type\":\"EntryPoint\",\"urlTemplate\":\"https:\\\/\\\/www.agriturismovillanova.it\\\/de\\\/?s={search_term_string}\"},\"query-input\":{\"@type\":\"PropertyValueSpecification\",\"valueRequired\":true,\"valueName\":\"search_term_string\"}}],\"inLanguage\":\"de\"},{\"@type\":\"Organization\",\"@id\":\"https:\\\/\\\/www.agriturismovillanova.it\\\/de\\\/#organization\",\"name\":\"Villanova Agriturismo\",\"url\":\"https:\\\/\\\/www.agriturismovillanova.it\\\/de\\\/\",\"logo\":{\"@type\":\"ImageObject\",\"inLanguage\":\"de\",\"@id\":\"https:\\\/\\\/www.agriturismovillanova.it\\\/de\\\/#\\\/schema\\\/logo\\\/image\\\/\",\"url\":\"https:\\\/\\\/www.agriturismovillanova.it\\\/wp-content\\\/uploads\\\/2022\\\/02\\\/logo.svg\",\"contentUrl\":\"https:\\\/\\\/www.agriturismovillanova.it\\\/wp-content\\\/uploads\\\/2022\\\/02\\\/logo.svg\",\"caption\":\"Villanova Agriturismo\"},\"image\":{\"@id\":\"https:\\\/\\\/www.agriturismovillanova.it\\\/de\\\/#\\\/schema\\\/logo\\\/image\\\/\"}}]}<\/script>\n<!-- \/ Yoast SEO plugin. -->","yoast_head_json":{"title":"Was tun in den Cinque Terre und Levanto | Villanova Bauernhof","description":"Levanto ist eine kleine Stadt voller guter Restaurants, Gesch\u00e4fte, Bars und Caf\u00e9s, in denen Sie die Cinque Terre besuchen k\u00f6nnen.","robots":{"index":"index","follow":"follow","max-snippet":"max-snippet:-1","max-image-preview":"max-image-preview:large","max-video-preview":"max-video-preview:-1"},"canonical":"https:\/\/www.agriturismovillanova.it\/de\/levanto-und-cinque-terre\/","og_locale":"de_DE","og_type":"article","og_title":"Was tun in den Cinque Terre und Levanto | Villanova Bauernhof","og_description":"Levanto ist eine kleine Stadt voller guter Restaurants, Gesch\u00e4fte, Bars und Caf\u00e9s, in denen Sie die Cinque Terre besuchen k\u00f6nnen.","og_url":"https:\/\/www.agriturismovillanova.it\/de\/levanto-und-cinque-terre\/","og_site_name":"Villanova Agriturismo","article_modified_time":"2025-06-13T09:41:05+00:00","og_image":[{"width":1920,"height":920,"url":"https:\/\/www.agriturismovillanova.it\/wp-content\/uploads\/2022\/02\/header-cinqueterre.jpg","type":"image\/jpeg"}],"twitter_card":"summary_large_image","twitter_misc":{"Gesch\u00e4tzte Lesezeit":"3\u00a0Minuten"},"schema":{"@context":"https:\/\/schema.org","@graph":[{"@type":"WebPage","@id":"https:\/\/www.agriturismovillanova.it\/de\/levanto-und-cinque-terre\/","url":"https:\/\/www.agriturismovillanova.it\/de\/levanto-und-cinque-terre\/","name":"Was tun in den Cinque Terre und Levanto | Villanova Bauernhof","isPartOf":{"@id":"https:\/\/www.agriturismovillanova.it\/de\/#website"},"primaryImageOfPage":{"@id":"https:\/\/www.agriturismovillanova.it\/de\/levanto-und-cinque-terre\/#primaryimage"},"image":{"@id":"https:\/\/www.agriturismovillanova.it\/de\/levanto-und-cinque-terre\/#primaryimage"},"thumbnailUrl":"https:\/\/www.agriturismovillanova.it\/wp-content\/uploads\/2022\/02\/header-cinqueterre.jpg","datePublished":"2022-02-15T14:35:41+00:00","dateModified":"2025-06-13T09:41:05+00:00","description":"Levanto ist eine kleine Stadt voller guter Restaurants, Gesch\u00e4fte, Bars und Caf\u00e9s, in denen Sie die Cinque Terre besuchen k\u00f6nnen.","inLanguage":"de","potentialAction":[{"@type":"ReadAction","target":["https:\/\/www.agriturismovillanova.it\/de\/levanto-und-cinque-terre\/"]}]},{"@type":"ImageObject","inLanguage":"de","@id":"https:\/\/www.agriturismovillanova.it\/de\/levanto-und-cinque-terre\/#primaryimage","url":"https:\/\/www.agriturismovillanova.it\/wp-content\/uploads\/2022\/02\/header-cinqueterre.jpg","contentUrl":"https:\/\/www.agriturismovillanova.it\/wp-content\/uploads\/2022\/02\/header-cinqueterre.jpg","width":1920,"height":920},{"@type":"WebSite","@id":"https:\/\/www.agriturismovillanova.it\/de\/#website","url":"https:\/\/www.agriturismovillanova.it\/de\/","name":"Villanova Agriturismo","description":"Nature &amp; wellness","publisher":{"@id":"https:\/\/www.agriturismovillanova.it\/de\/#organization"},"potentialAction":[{"@type":"SearchAction","target":{"@type":"EntryPoint","urlTemplate":"https:\/\/www.agriturismovillanova.it\/de\/?s={search_term_string}"},"query-input":{"@type":"PropertyValueSpecification","valueRequired":true,"valueName":"search_term_string"}}],"inLanguage":"de"},{"@type":"Organization","@id":"https:\/\/www.agriturismovillanova.it\/de\/#organization","name":"Villanova Agriturismo","url":"https:\/\/www.agriturismovillanova.it\/de\/","logo":{"@type":"ImageObject","inLanguage":"de","@id":"https:\/\/www.agriturismovillanova.it\/de\/#\/schema\/logo\/image\/","url":"https:\/\/www.agriturismovillanova.it\/wp-content\/uploads\/2022\/02\/logo.svg","contentUrl":"https:\/\/www.agriturismovillanova.it\/wp-content\/uploads\/2022\/02\/logo.svg","caption":"Villanova Agriturismo"},"image":{"@id":"https:\/\/www.agriturismovillanova.it\/de\/#\/schema\/logo\/image\/"}}]}},"_links":{"self":[{"href":"https:\/\/www.agriturismovillanova.it\/de\/wp-json\/wp\/v2\/pages\/660","targetHints":{"allow":["GET"]}}],"collection":[{"href":"https:\/\/www.agriturismovillanova.it\/de\/wp-json\/wp\/v2\/pages"}],"about":[{"href":"https:\/\/www.agriturismovillanova.it\/de\/wp-json\/wp\/v2\/types\/page"}],"author":[{"embeddable":true,"href":"https:\/\/www.agriturismovillanova.it\/de\/wp-json\/wp\/v2\/users\/1"}],"replies":[{"embeddable":true,"href":"https:\/\/www.agriturismovillanova.it\/de\/wp-json\/wp\/v2\/comments?post=660"}],"version-history":[{"count":16,"href":"https:\/\/www.agriturismovillanova.it\/de\/wp-json\/wp\/v2\/pages\/660\/revisions"}],"predecessor-version":[{"id":6454,"href":"https:\/\/www.agriturismovillanova.it\/de\/wp-json\/wp\/v2\/pages\/660\/revisions\/6454"}],"wp:featuredmedia":[{"embeddable":true,"href":"https:\/\/www.agriturismovillanova.it\/de\/wp-json\/wp\/v2\/media\/874"}],"wp:attachment":[{"href":"https:\/\/www.agriturismovillanova.it\/de\/wp-json\/wp\/v2\/media?parent=660"}],"curies":[{"name":"wp","href":"https:\/\/api.w.org\/{rel}","templated":true}]}}