{"id":2428,"date":"2022-03-16T12:03:14","date_gmt":"2022-03-16T11:03:14","guid":{"rendered":"https:\/\/www.agriturismovillanova.it\/newsletter-subscription\/"},"modified":"2024-03-05T10:53:31","modified_gmt":"2024-03-05T09:53:31","slug":"newsletter-subscription","status":"publish","type":"page","link":"https:\/\/www.agriturismovillanova.it\/de\/newsletter-subscription\/","title":{"rendered":"Abonnieren Sie den Newsletter"},"content":{"rendered":"\t\t<div data-elementor-type=\"wp-page\" data-elementor-id=\"2428\" class=\"elementor elementor-2428 elementor-2390\" data-elementor-post-type=\"page\">\n\t\t\t\t\t\t<section class=\"elementor-section elementor-top-section elementor-element elementor-element-162f2e8 elementor-section-boxed elementor-section-height-default elementor-section-height-default\" data-id=\"162f2e8\" data-element_type=\"section\" data-e-type=\"section\">\n\t\t\t\t\t\t<div class=\"elementor-container elementor-column-gap-default\">\n\t\t\t\t\t<div class=\"elementor-column elementor-col-100 elementor-top-column elementor-element elementor-element-a0d5689\" data-id=\"a0d5689\" data-element_type=\"column\" data-e-type=\"column\">\n\t\t\t<div class=\"elementor-widget-wrap elementor-element-populated\">\n\t\t\t\t\t\t<div class=\"elementor-element elementor-element-49fa989 elementor-button-align-start elementor-widget elementor-widget-form\" data-id=\"49fa989\" data-element_type=\"widget\" data-e-type=\"widget\" data-settings=\"{&quot;step_next_label&quot;:&quot; N\\u00e4chste&quot;,&quot;step_previous_label&quot;:&quot; Vorherige&quot;,&quot;button_width&quot;:&quot;100&quot;,&quot;step_type&quot;:&quot;number_text&quot;,&quot;step_icon_shape&quot;:&quot;circle&quot;}\" data-widget_type=\"form.default\">\n\t\t\t\t<div class=\"elementor-widget-container\">\n\t\t\t\t\t\t\t<form class=\"elementor-form\" method=\"post\" name=\"Neue Form\" aria-label=\"Neue Form\">\n\t\t\t<input type=\"hidden\" name=\"post_id\" value=\"2428\"\/>\n\t\t\t<input type=\"hidden\" name=\"form_id\" value=\"49fa989\"\/>\n\t\t\t<input type=\"hidden\" name=\"referer_title\" value=\"Villanova Agriturismo\" \/>\n\n\t\t\t\n\t\t\t<div class=\"elementor-form-fields-wrapper elementor-labels-above\">\n\t\t\t\t\t\t\t\t<div class=\"elementor-field-type-text elementor-field-group elementor-column elementor-field-group-name elementor-col-50 elementor-field-required\">\n\t\t\t\t\t\t\t\t\t\t\t\t<label for=\"form-field-name\" class=\"elementor-field-label\">\n\t\t\t\t\t\t\t\tName\t\t\t\t\t\t\t<\/label>\n\t\t\t\t\t\t\t\t\t\t\t\t\t\t<input size=\"1\" type=\"text\" name=\"form_fields[name]\" id=\"form-field-name\" class=\"elementor-field elementor-size-sm  elementor-field-textual\" placeholder=\"Name\" required=\"required\">\n\t\t\t\t\t\t\t\t\t\t\t<\/div>\n\t\t\t\t\t\t\t\t<div class=\"elementor-field-type-text elementor-field-group elementor-column elementor-field-group-field_d67633a elementor-col-50 elementor-field-required\">\n\t\t\t\t\t\t\t\t\t\t\t\t<label for=\"form-field-field_d67633a\" class=\"elementor-field-label\">\n\t\t\t\t\t\t\t\tNachname\t\t\t\t\t\t\t<\/label>\n\t\t\t\t\t\t\t\t\t\t\t\t\t\t<input size=\"1\" type=\"text\" name=\"form_fields[field_d67633a]\" id=\"form-field-field_d67633a\" class=\"elementor-field elementor-size-sm  elementor-field-textual\" placeholder=\"Nachname\" required=\"required\">\n\t\t\t\t\t\t\t\t\t\t\t<\/div>\n\t\t\t\t\t\t\t\t<div class=\"elementor-field-type-email elementor-field-group elementor-column elementor-field-group-email elementor-col-50 elementor-field-required\">\n\t\t\t\t\t\t\t\t\t\t\t\t<label for=\"form-field-email\" class=\"elementor-field-label\">\n\t\t\t\t\t\t\t\tEmail\t\t\t\t\t\t\t<\/label>\n\t\t\t\t\t\t\t\t\t\t\t\t\t\t<input size=\"1\" type=\"email\" name=\"form_fields[email]\" id=\"form-field-email\" class=\"elementor-field elementor-size-sm  elementor-field-textual\" placeholder=\"Email\" required=\"required\">\n\t\t\t\t\t\t\t\t\t\t\t<\/div>\n\t\t\t\t\t\t\t\t<div class=\"elementor-field-type-text elementor-field-group elementor-column elementor-field-group-azienda elementor-col-50\">\n\t\t\t\t\t\t\t\t\t\t\t\t<label for=\"form-field-azienda\" class=\"elementor-field-label\">\n\t\t\t\t\t\t\t\tAgentur\t\t\t\t\t\t\t<\/label>\n\t\t\t\t\t\t\t\t\t\t\t\t\t\t<input size=\"1\" type=\"text\" name=\"form_fields[azienda]\" id=\"form-field-azienda\" class=\"elementor-field elementor-size-sm  elementor-field-textual\" placeholder=\"Agentur\">\n\t\t\t\t\t\t\t\t\t\t\t<\/div>\n\t\t\t\t\t\t\t\t<div class=\"elementor-field-type-text elementor-field-group elementor-column elementor-field-group-district elementor-col-50\">\n\t\t\t\t\t\t\t\t\t\t\t\t<label for=\"form-field-district\" class=\"elementor-field-label\">\n\t\t\t\t\t\t\t\tProvinz\t\t\t\t\t\t\t<\/label>\n\t\t\t\t\t\t\t\t\t\t\t\t\t\t<input size=\"1\" type=\"text\" name=\"form_fields[district]\" id=\"form-field-district\" class=\"elementor-field elementor-size-sm  elementor-field-textual\" placeholder=\"Provinz\">\n\t\t\t\t\t\t\t\t\t\t\t<\/div>\n\t\t\t\t\t\t\t\t<div class=\"elementor-field-type-text elementor-field-group elementor-column elementor-field-group-state elementor-col-50\">\n\t\t\t\t\t\t\t\t\t\t\t\t<label for=\"form-field-state\" class=\"elementor-field-label\">\n\t\t\t\t\t\t\t\tZustand\t\t\t\t\t\t\t<\/label>\n\t\t\t\t\t\t\t\t\t\t\t\t\t\t<input size=\"1\" type=\"text\" name=\"form_fields[state]\" id=\"form-field-state\" class=\"elementor-field elementor-size-sm  elementor-field-textual\" placeholder=\"Zustand\">\n\t\t\t\t\t\t\t\t\t\t\t<\/div>\n\t\t\t\t\t\t\t\t<div class=\"elementor-field-type-html elementor-field-group elementor-column elementor-field-group-field_6913c92 elementor-col-100\">\n\t\t\t\t\t<p> Sehr geehrter Kunde,<br\/>\r\n\r\nBitte beachten Sie, dass die von Ihnen \u00fcbermittelten Daten auf elektronischem Wege gem\u00e4\u00df den Grunds\u00e4tzen der geltenden Datenschutzgesetze und -vorschriften verarbeitet werden (EU-Verordnung n. 679, 2016 - D. Legisl. 196\/2003)ausschlie\u00dflich zum Zweck der Bereitstellung der angeforderten Informationen und m\u00f6glicherweise zur Platzierung\/Best\u00e4tigung Ihrer Buchung von Zimmer(s) und anderen Dienstleistungen\/Annehmlichkeiten. Die vollst\u00e4ndige Datenschutzerkl\u00e4rung zu Verarbeitungsmethoden und -zwecken finden Sie unter folgendem Link: <a href=\"https:\/\/www.agriturismovillanova.it\/de\/privacy-policy\/\" targwet=\"_blank\">https:\/\/www.agriturismovillanova.i\/new2022\/de\/privacy-privacy-policy. <\/p>\r\n<p>Wenn Sie daran interessiert sind, unseren Newsletter \/ regelm\u00e4\u00dfige Updates zu Sonderpreisen und Werbeaktionen zu erhalten (an eine von Ihnen angegebene Adresse zu senden), m\u00fcssen Sie ausdr\u00fccklich zustimmen. Sie k\u00f6nnen diese Einwilligung jederzeit widerrufen, wie in der Richtlinie angegeben. <\/p>\t\t\t\t<\/div>\n\t\t\t\t\t\t\t\t<div class=\"elementor-field-type-acceptance elementor-field-group elementor-column elementor-field-group-privacy elementor-col-100 elementor-field-required\">\n\t\t\t\t\t\t\t\t\t\t\t\t<label for=\"form-field-privacy\" class=\"elementor-field-label\">\n\t\t\t\t\t\t\t\tPrivacy\t\t\t\t\t\t\t<\/label>\n\t\t\t\t\t\t\t\t<div class=\"elementor-field-subgroup\">\n\t\t\t<span class=\"elementor-field-option\">\n\t\t\t\t<input type=\"checkbox\" name=\"form_fields[privacy]\" id=\"form-field-privacy\" class=\"elementor-field elementor-size-sm  elementor-acceptance-field\" required=\"required\">\n\t\t\t\t<label for=\"form-field-privacy\">Ich best\u00e4tige den Erhalt der <a href=\"https:\/\/www.agriturismovillanova.it\/de\/privacy-policy\/\" target=\"_blank\">privacy policy<\/a>.<\/label>\t\t\t<\/span>\n\t\t<\/div>\n\t\t\t\t\t\t<\/div>\n\t\t\t\t\t\t\t\t<div class=\"elementor-field-type-acceptance elementor-field-group elementor-column elementor-field-group-field_ffc4a25 elementor-col-100\">\n\t\t\t\t\t\t\t\t\t\t\t\t<label for=\"form-field-field_ffc4a25\" class=\"elementor-field-label\">\n\t\t\t\t\t\t\t\tMarketing\t\t\t\t\t\t\t<\/label>\n\t\t\t\t\t\t\t\t<div class=\"elementor-field-subgroup\">\n\t\t\t<span class=\"elementor-field-option\">\n\t\t\t\t<input type=\"checkbox\" name=\"form_fields[field_ffc4a25]\" id=\"form-field-field_ffc4a25\" class=\"elementor-field elementor-size-sm  elementor-acceptance-field\">\n\t\t\t\t<label for=\"form-field-field_ffc4a25\">I authorise the mailing of newsletters and periodic notices on special rates\/promotions to the address I have supplied.<\/label>\t\t\t<\/span>\n\t\t<\/div>\n\t\t\t\t\t\t<\/div>\n\t\t\t\t\t\t\t\t<div class=\"elementor-field-group elementor-column elementor-field-type-submit elementor-col-100 e-form__buttons\">\n\t\t\t\t\t<button class=\"elementor-button elementor-size-sm\" type=\"submit\">\n\t\t\t\t\t\t<span class=\"elementor-button-content-wrapper\">\n\t\t\t\t\t\t\t\t\t\t\t\t\t\t\t\t\t\t\t\t\t\t<span class=\"elementor-button-text\">Subscribe<\/span>\n\t\t\t\t\t\t\t\t\t\t\t\t\t<\/span>\n\t\t\t\t\t<\/button>\n\t\t\t\t<\/div>\n\t\t\t<\/div>\n\t\t<\/form>\n\t\t\t\t\t\t<\/div>\n\t\t\t\t<\/div>\n\t\t\t\t\t<\/div>\n\t\t<\/div>\n\t\t\t\t\t<\/div>\n\t\t<\/section>\n\t\t\t\t<\/div>\n\t\t","protected":false},"excerpt":{"rendered":"","protected":false},"author":1,"featured_media":1780,"parent":0,"menu_order":0,"comment_status":"closed","ping_status":"closed","template":"","meta":{"footnotes":""},"class_list":["post-2428","page","type-page","status-publish","has-post-thumbnail","hentry"],"yoast_head":"<!-- This site is optimized with the Yoast SEO plugin v27.3 - https:\/\/yoast.com\/product\/yoast-seo-wordpress\/ -->\n<title>Abonnieren Sie den Newsletter - Villanova Bauernhof<\/title>\n<meta name=\"robots\" content=\"index, follow, max-snippet:-1, max-image-preview:large, max-video-preview:-1\" \/>\n<link rel=\"canonical\" href=\"https:\/\/www.agriturismovillanova.it\/de\/newsletter-subscription\/\" \/>\n<meta property=\"og:locale\" content=\"de_DE\" \/>\n<meta property=\"og:type\" content=\"article\" \/>\n<meta property=\"og:title\" content=\"Abonnieren Sie den Newsletter - Villanova Bauernhof\" \/>\n<meta property=\"og:url\" content=\"https:\/\/www.agriturismovillanova.it\/de\/newsletter-subscription\/\" \/>\n<meta property=\"og:site_name\" content=\"Villanova Agriturismo\" \/>\n<meta property=\"article:modified_time\" content=\"2024-03-05T09:53:31+00:00\" \/>\n<meta property=\"og:image\" content=\"https:\/\/www.agriturismovillanova.it\/wp-content\/uploads\/2022\/02\/breakfast-1.jpg\" \/>\n\t<meta property=\"og:image:width\" content=\"858\" \/>\n\t<meta property=\"og:image:height\" content=\"688\" \/>\n\t<meta property=\"og:image:type\" content=\"image\/jpeg\" \/>\n<meta name=\"twitter:card\" content=\"summary_large_image\" \/>\n<script type=\"application\/ld+json\" class=\"yoast-schema-graph\">{\"@context\":\"https:\\\/\\\/schema.org\",\"@graph\":[{\"@type\":\"WebPage\",\"@id\":\"https:\\\/\\\/www.agriturismovillanova.it\\\/de\\\/newsletter-subscription\\\/\",\"url\":\"https:\\\/\\\/www.agriturismovillanova.it\\\/de\\\/newsletter-subscription\\\/\",\"name\":\"Abonnieren Sie den Newsletter - Villanova Bauernhof\",\"isPartOf\":{\"@id\":\"https:\\\/\\\/www.agriturismovillanova.it\\\/de\\\/#website\"},\"primaryImageOfPage\":{\"@id\":\"https:\\\/\\\/www.agriturismovillanova.it\\\/de\\\/newsletter-subscription\\\/#primaryimage\"},\"image\":{\"@id\":\"https:\\\/\\\/www.agriturismovillanova.it\\\/de\\\/newsletter-subscription\\\/#primaryimage\"},\"thumbnailUrl\":\"https:\\\/\\\/www.agriturismovillanova.it\\\/wp-content\\\/uploads\\\/2022\\\/02\\\/breakfast-1.jpg\",\"datePublished\":\"2022-03-16T11:03:14+00:00\",\"dateModified\":\"2024-03-05T09:53:31+00:00\",\"inLanguage\":\"de\",\"potentialAction\":[{\"@type\":\"ReadAction\",\"target\":[\"https:\\\/\\\/www.agriturismovillanova.it\\\/de\\\/newsletter-subscription\\\/\"]}]},{\"@type\":\"ImageObject\",\"inLanguage\":\"de\",\"@id\":\"https:\\\/\\\/www.agriturismovillanova.it\\\/de\\\/newsletter-subscription\\\/#primaryimage\",\"url\":\"https:\\\/\\\/www.agriturismovillanova.it\\\/wp-content\\\/uploads\\\/2022\\\/02\\\/breakfast-1.jpg\",\"contentUrl\":\"https:\\\/\\\/www.agriturismovillanova.it\\\/wp-content\\\/uploads\\\/2022\\\/02\\\/breakfast-1.jpg\",\"width\":858,\"height\":688},{\"@type\":\"WebSite\",\"@id\":\"https:\\\/\\\/www.agriturismovillanova.it\\\/de\\\/#website\",\"url\":\"https:\\\/\\\/www.agriturismovillanova.it\\\/de\\\/\",\"name\":\"Villanova Agriturismo\",\"description\":\"Nature &amp; wellness\",\"publisher\":{\"@id\":\"https:\\\/\\\/www.agriturismovillanova.it\\\/de\\\/#organization\"},\"potentialAction\":[{\"@type\":\"SearchAction\",\"target\":{\"@type\":\"EntryPoint\",\"urlTemplate\":\"https:\\\/\\\/www.agriturismovillanova.it\\\/de\\\/?s={search_term_string}\"},\"query-input\":{\"@type\":\"PropertyValueSpecification\",\"valueRequired\":true,\"valueName\":\"search_term_string\"}}],\"inLanguage\":\"de\"},{\"@type\":\"Organization\",\"@id\":\"https:\\\/\\\/www.agriturismovillanova.it\\\/de\\\/#organization\",\"name\":\"Villanova Agriturismo\",\"url\":\"https:\\\/\\\/www.agriturismovillanova.it\\\/de\\\/\",\"logo\":{\"@type\":\"ImageObject\",\"inLanguage\":\"de\",\"@id\":\"https:\\\/\\\/www.agriturismovillanova.it\\\/de\\\/#\\\/schema\\\/logo\\\/image\\\/\",\"url\":\"https:\\\/\\\/www.agriturismovillanova.it\\\/wp-content\\\/uploads\\\/2022\\\/02\\\/logo.svg\",\"contentUrl\":\"https:\\\/\\\/www.agriturismovillanova.it\\\/wp-content\\\/uploads\\\/2022\\\/02\\\/logo.svg\",\"caption\":\"Villanova Agriturismo\"},\"image\":{\"@id\":\"https:\\\/\\\/www.agriturismovillanova.it\\\/de\\\/#\\\/schema\\\/logo\\\/image\\\/\"}}]}<\/script>\n<!-- \/ Yoast SEO plugin. -->","yoast_head_json":{"title":"Abonnieren Sie den Newsletter - Villanova Bauernhof","robots":{"index":"index","follow":"follow","max-snippet":"max-snippet:-1","max-image-preview":"max-image-preview:large","max-video-preview":"max-video-preview:-1"},"canonical":"https:\/\/www.agriturismovillanova.it\/de\/newsletter-subscription\/","og_locale":"de_DE","og_type":"article","og_title":"Abonnieren Sie den Newsletter - Villanova Bauernhof","og_url":"https:\/\/www.agriturismovillanova.it\/de\/newsletter-subscription\/","og_site_name":"Villanova Agriturismo","article_modified_time":"2024-03-05T09:53:31+00:00","og_image":[{"width":858,"height":688,"url":"https:\/\/www.agriturismovillanova.it\/wp-content\/uploads\/2022\/02\/breakfast-1.jpg","type":"image\/jpeg"}],"twitter_card":"summary_large_image","schema":{"@context":"https:\/\/schema.org","@graph":[{"@type":"WebPage","@id":"https:\/\/www.agriturismovillanova.it\/de\/newsletter-subscription\/","url":"https:\/\/www.agriturismovillanova.it\/de\/newsletter-subscription\/","name":"Abonnieren Sie den Newsletter - Villanova Bauernhof","isPartOf":{"@id":"https:\/\/www.agriturismovillanova.it\/de\/#website"},"primaryImageOfPage":{"@id":"https:\/\/www.agriturismovillanova.it\/de\/newsletter-subscription\/#primaryimage"},"image":{"@id":"https:\/\/www.agriturismovillanova.it\/de\/newsletter-subscription\/#primaryimage"},"thumbnailUrl":"https:\/\/www.agriturismovillanova.it\/wp-content\/uploads\/2022\/02\/breakfast-1.jpg","datePublished":"2022-03-16T11:03:14+00:00","dateModified":"2024-03-05T09:53:31+00:00","inLanguage":"de","potentialAction":[{"@type":"ReadAction","target":["https:\/\/www.agriturismovillanova.it\/de\/newsletter-subscription\/"]}]},{"@type":"ImageObject","inLanguage":"de","@id":"https:\/\/www.agriturismovillanova.it\/de\/newsletter-subscription\/#primaryimage","url":"https:\/\/www.agriturismovillanova.it\/wp-content\/uploads\/2022\/02\/breakfast-1.jpg","contentUrl":"https:\/\/www.agriturismovillanova.it\/wp-content\/uploads\/2022\/02\/breakfast-1.jpg","width":858,"height":688},{"@type":"WebSite","@id":"https:\/\/www.agriturismovillanova.it\/de\/#website","url":"https:\/\/www.agriturismovillanova.it\/de\/","name":"Villanova Agriturismo","description":"Nature &amp; wellness","publisher":{"@id":"https:\/\/www.agriturismovillanova.it\/de\/#organization"},"potentialAction":[{"@type":"SearchAction","target":{"@type":"EntryPoint","urlTemplate":"https:\/\/www.agriturismovillanova.it\/de\/?s={search_term_string}"},"query-input":{"@type":"PropertyValueSpecification","valueRequired":true,"valueName":"search_term_string"}}],"inLanguage":"de"},{"@type":"Organization","@id":"https:\/\/www.agriturismovillanova.it\/de\/#organization","name":"Villanova Agriturismo","url":"https:\/\/www.agriturismovillanova.it\/de\/","logo":{"@type":"ImageObject","inLanguage":"de","@id":"https:\/\/www.agriturismovillanova.it\/de\/#\/schema\/logo\/image\/","url":"https:\/\/www.agriturismovillanova.it\/wp-content\/uploads\/2022\/02\/logo.svg","contentUrl":"https:\/\/www.agriturismovillanova.it\/wp-content\/uploads\/2022\/02\/logo.svg","caption":"Villanova Agriturismo"},"image":{"@id":"https:\/\/www.agriturismovillanova.it\/de\/#\/schema\/logo\/image\/"}}]}},"_links":{"self":[{"href":"https:\/\/www.agriturismovillanova.it\/de\/wp-json\/wp\/v2\/pages\/2428","targetHints":{"allow":["GET"]}}],"collection":[{"href":"https:\/\/www.agriturismovillanova.it\/de\/wp-json\/wp\/v2\/pages"}],"about":[{"href":"https:\/\/www.agriturismovillanova.it\/de\/wp-json\/wp\/v2\/types\/page"}],"author":[{"embeddable":true,"href":"https:\/\/www.agriturismovillanova.it\/de\/wp-json\/wp\/v2\/users\/1"}],"replies":[{"embeddable":true,"href":"https:\/\/www.agriturismovillanova.it\/de\/wp-json\/wp\/v2\/comments?post=2428"}],"version-history":[{"count":6,"href":"https:\/\/www.agriturismovillanova.it\/de\/wp-json\/wp\/v2\/pages\/2428\/revisions"}],"predecessor-version":[{"id":2481,"href":"https:\/\/www.agriturismovillanova.it\/de\/wp-json\/wp\/v2\/pages\/2428\/revisions\/2481"}],"wp:featuredmedia":[{"embeddable":true,"href":"https:\/\/www.agriturismovillanova.it\/de\/wp-json\/wp\/v2\/media\/1780"}],"wp:attachment":[{"href":"https:\/\/www.agriturismovillanova.it\/de\/wp-json\/wp\/v2\/media?parent=2428"}],"curies":[{"name":"wp","href":"https:\/\/api.w.org\/{rel}","templated":true}]}}