{"id":2411,"date":"2022-03-16T11:52:40","date_gmt":"2022-03-16T10:52:40","guid":{"rendered":"https:\/\/www.agriturismovillanova.it\/privacy-policy\/"},"modified":"2022-03-16T11:52:40","modified_gmt":"2022-03-16T10:52:40","slug":"privacy-policy","status":"publish","type":"page","link":"https:\/\/www.agriturismovillanova.it\/de\/privacy-policy\/","title":{"rendered":"Privacy Policy"},"content":{"rendered":"\t\t<div data-elementor-type=\"wp-page\" data-elementor-id=\"2411\" class=\"elementor elementor-2411 elementor-3\" data-elementor-post-type=\"page\">\n\t\t\t\t\t\t<section class=\"elementor-section elementor-top-section elementor-element elementor-element-3908bc60 elementor-section-boxed elementor-section-height-default elementor-section-height-default\" data-id=\"3908bc60\" data-element_type=\"section\" data-e-type=\"section\">\n\t\t\t\t\t\t<div class=\"elementor-container elementor-column-gap-default\">\n\t\t\t\t\t<div class=\"elementor-column elementor-col-100 elementor-top-column elementor-element elementor-element-505b3d46\" data-id=\"505b3d46\" data-element_type=\"column\" data-e-type=\"column\">\n\t\t\t<div class=\"elementor-widget-wrap elementor-element-populated\">\n\t\t\t\t\t\t<div class=\"elementor-element elementor-element-28c2c11a elementor-widget elementor-widget-text-editor\" data-id=\"28c2c11a\" data-element_type=\"widget\" data-e-type=\"widget\" data-widget_type=\"text-editor.default\">\n\t\t\t\t<div class=\"elementor-widget-container\">\n\t\t\t\t\t\t\t\t\t<div class=\"vc_row wpb_row section vc_row-fluid bg-parallax-parent none\">\n<div class=\" full_section_inner clearfix\">\n<div class=\"wpb_column vc_column_container vc_col-sm-12\">\n<div class=\"vc_column-inner \">\n<div class=\"wpb_wrapper\">\n<div class=\"wpb_text_column wpb_content_element \">\n<div class=\"wpb_wrapper\">\n<div class=\"vc_row wpb_row section vc_row-fluid bg-parallax-parent none\">\n<div class=\" full_section_inner clearfix\">\n<div class=\"wpb_column vc_column_container vc_col-sm-12\">\n<div class=\"vc_column-inner \">\n<div class=\"wpb_wrapper\">\n<div class=\"wpb_text_column wpb_content_element \">\n<div class=\"wpb_wrapper\">\n<p><strong>ZIEL DES SCHUTZES PERS\u00d6NLICHER DATEN<\/strong><\/p>\n<p>Agriturismo Villanova garantiert den Schutz pers\u00f6nlicher Daten (art. 7 des D.LGS. n. 196\/\u201903), wie aus der folgenden Mitteilung hervorgeht.<\/p>\n<p>Die pers\u00f6nlichen Daten werden so verarbeitet, dass das Unternehmen \u201eAgriturismo Villanova\u201c in der Lage ist, die auf der Seite beschriebenen Dienstleistungen entsprechend anzubieten.<\/p>\n<p>&nbsp;<\/p>\n<p><strong>EIGENT\u00dcMER UND VERARBEITUNG DER DATEN<\/strong><\/p>\n<p>Agriturismo Villanova \u2013 Ortschaft Villanova 19015 Levanto (La Spezia) repr\u00e4sentiert von Giancarlo Massola als Eigent\u00fcmer der Datenverarbeitung, sammelt und verarbeitet Deine pers\u00f6nlichen Daten, die im Laufe der Registrierung bzw. bei der Anfrage nach spezifischen Dienstleistungen in Papierform, automatisch oder telematisch angegeben werden, mit dem Ziel, die auf der Seite beschriebenen Dienstleistungen anzubieten.<\/p>\n<p>Agriturismo Villanova besch\u00e4ftigt Verantwortliche f\u00fcr die Verarbeitung der Daten und hebt hervor, dass die pers\u00f6nlichen Daten mit strenger Geheimhaltung sowie Sicherheit behandelt werden. Man h\u00e4lt sich dabei genauestens an die Sicherheitsmethoden, die gesetzlich und vom Unternehmen selbst vorgegeben werden. Der Eigent\u00fcmer der Datenverarbeitung sowie, je nach verlangter Dienstleistung, die Verantwortlichen verwahren die Datenspur (LOG) Deiner Verbindungen\/Bewegungen, um eventuellen Anfragen der Justizbeh\u00f6rde oder anderer berechtigter Organe gerecht zu werden.<\/p>\n<p>&nbsp;<\/p>\n<p><strong>FOLGEN BEI EVENTUELL FEHLENDEN DATEN BZW. FEHLENDER ZUSTIMMUNG ZUR VERARBEITUNG DER DATEN<\/strong><\/p>\n<p>Die Angabe Deiner pers\u00f6nlichen Daten ist fakultativ, sollten allerdings Daten, die im weiter unten angef\u00fchrten Formular oder in anderen sp\u00e4ter folgenden Formularen als \u201everpflichtend\u201c gekennzeichnet sind, nicht angegeben werden, wird die gesamte Dienstleistung oder ein Teil davon nicht ausgef\u00fchrt, und es ist Dir nicht m\u00f6glich, die oben angef\u00fchrten M\u00f6glichkeiten zu nutzen.<\/p>\n<p>Die Angabe der Daten, die nicht als \u201everpflichtend\u201c gekennzeichnet sind, erm\u00f6glicht es Dir, nach vorheriger eventueller Einverst\u00e4ndniserkl\u00e4rung zu Gesetzen, von spezifischen Dienstleistungen Gebrauch zu machen, f\u00fcr die diese Daten verpflichtend sind. Daraus folgt, dass der Kunde nicht immer wieder nach Zusatzdaten gefragt wird, wenn er eine neue Dienstleistung in Anspruch nehmen m\u00f6chte. Werden diese Daten nicht angegeben, dann kann man auch nicht die Dienstleistungen nutzen, f\u00fcr die diese Daten verpflichtend sind. Ohne ausdr\u00fcckliche Zustimmung bez\u00fcglich E-Mail, Telefax und Telefon werden diese Instrumente nicht f\u00fcr Werbeinformationszwecke und Direktverkauf verwendet.<\/p>\n<p>&nbsp;<\/p>\n<p><strong>DEINE RECHTE<\/strong><\/p>\n<p>Der Benutzer kann stets die Rechte bez\u00fcglich des Artikels 7 von D.LGS n. 196\u2019\/03 aus\u00fcben, wie der Gratiszutritt zu den pers\u00f6nlichen Daten, eine sofortige Neubearbeitung der Daten, um diese auf dem neuesten Stand zu halten oder deren L\u00f6schung, falls ein Gesetz verletzt wird, sich gegen eine Verwendung der eigenen Daten zu Werbe- und Informationszwecken aussprechen, sowie die Anforderung einer vollst\u00e4ndigen und neuen Liste aller Verantwortlichen f\u00fcr die Datenverarbeitung, indem man an <a href=\"mailto:info@agriturismovillanova.it\">info@agriturismovillanova.it<\/a> schreibt.<\/p>\n<p>&nbsp;<\/p>\n<p><strong>PERSONEN, DIE IN DEN BESITZ DEINER DATEN GELANGEN K\u00d6NNEN<\/strong><\/p>\n<p>Die pers\u00f6nlichen Daten, die bei der Registrierung angegeben werden, werden von denjenigen verwendet, die die angeforderten Dienstleistungen erf\u00fcllen, sowie vom Personal, dass f\u00fcr die Datenverarbeitung zust\u00e4ndig ist. Die vorliegenden Informationen k\u00f6nnen, je nach angeforderter Dienstleistung, durch weitere Informationen erg\u00e4nzt werden.<\/p>\n<p>&nbsp;<\/p>\n<p><strong>PERSONEN IN ITALIEN, AN DIE DEINE PERS\u00d6NLICHEN DATEN WEITERGEGEBEN WERDEN K\u00d6NNEN<\/strong><\/p>\n<p>Die pers\u00f6nlichen Daten k\u00f6nnen an Dritte weitergegeben werden, um die Gesetzesauflagen zu erf\u00fcllen, um den Anfragen von \u00f6ffentlichen Autorit\u00e4ten gerecht zu werden, bzw. um ein Anrecht vor der Justizbeh\u00f6rde zu behaupten.<\/p>\n<\/div>\n<\/div>\n<\/div>\n<\/div>\n<\/div>\n<\/div>\n<\/div>\n<\/div>\n<\/div>\n<\/div>\n<\/div>\n<\/div>\n<\/div>\n<\/div>\n\t\t\t\t\t\t\t\t<\/div>\n\t\t\t\t<\/div>\n\t\t\t\t\t<\/div>\n\t\t<\/div>\n\t\t\t\t\t<\/div>\n\t\t<\/section>\n\t\t\t\t<\/div>\n\t\t","protected":false},"excerpt":{"rendered":"<p>ZIEL DES SCHUTZES PERS\u00d6NLICHER DATEN Agriturismo Villanova garantiert den Schutz pers\u00f6nlicher Daten (art. 7 des D.LGS. n. 196\/\u201903), wie aus der folgenden Mitteilung hervorgeht. Die pers\u00f6nlichen Daten werden so verarbeitet, dass das Unternehmen \u201eAgriturismo Villanova\u201c in der Lage ist, die auf der Seite beschriebenen Dienstleistungen entsprechend anzubieten. &nbsp; EIGENT\u00dcMER UND VERARBEITUNG DER DATEN Agriturismo Villanova [&hellip;]<\/p>\n","protected":false},"author":1,"featured_media":1760,"parent":0,"menu_order":0,"comment_status":"closed","ping_status":"open","template":"","meta":{"footnotes":""},"class_list":["post-2411","page","type-page","status-publish","has-post-thumbnail","hentry"],"yoast_head":"<!-- This site is optimized with the Yoast SEO plugin v27.3 - https:\/\/yoast.com\/product\/yoast-seo-wordpress\/ -->\n<title>Privacy Policy - Villanova Agriturismo<\/title>\n<meta name=\"robots\" content=\"index, follow, max-snippet:-1, max-image-preview:large, max-video-preview:-1\" \/>\n<link rel=\"canonical\" href=\"https:\/\/www.agriturismovillanova.it\/de\/privacy-policy\/\" \/>\n<meta property=\"og:locale\" content=\"de_DE\" \/>\n<meta property=\"og:type\" content=\"article\" \/>\n<meta property=\"og:title\" content=\"Privacy Policy - Villanova Agriturismo\" \/>\n<meta property=\"og:description\" content=\"ZIEL DES SCHUTZES PERS\u00d6NLICHER DATEN Agriturismo Villanova garantiert den Schutz pers\u00f6nlicher Daten (art. 7 des D.LGS. n. 196\/\u201903), wie aus der folgenden Mitteilung hervorgeht. Die pers\u00f6nlichen Daten werden so verarbeitet, dass das Unternehmen \u201eAgriturismo Villanova\u201c in der Lage ist, die auf der Seite beschriebenen Dienstleistungen entsprechend anzubieten. &nbsp; EIGENT\u00dcMER UND VERARBEITUNG DER DATEN Agriturismo Villanova [&hellip;]\" \/>\n<meta property=\"og:url\" content=\"https:\/\/www.agriturismovillanova.it\/de\/privacy-policy\/\" \/>\n<meta property=\"og:site_name\" content=\"Villanova Agriturismo\" \/>\n<meta property=\"og:image\" content=\"https:\/\/www.agriturismovillanova.it\/wp-content\/uploads\/2022\/02\/villanova.jpg\" \/>\n\t<meta property=\"og:image:width\" content=\"829\" \/>\n\t<meta property=\"og:image:height\" content=\"587\" \/>\n\t<meta property=\"og:image:type\" content=\"image\/jpeg\" \/>\n<meta name=\"twitter:card\" content=\"summary_large_image\" \/>\n<meta name=\"twitter:label1\" content=\"Gesch\u00e4tzte Lesezeit\" \/>\n\t<meta name=\"twitter:data1\" content=\"3\u00a0Minuten\" \/>\n<script type=\"application\/ld+json\" class=\"yoast-schema-graph\">{\"@context\":\"https:\\\/\\\/schema.org\",\"@graph\":[{\"@type\":\"WebPage\",\"@id\":\"https:\\\/\\\/www.agriturismovillanova.it\\\/de\\\/privacy-policy\\\/\",\"url\":\"https:\\\/\\\/www.agriturismovillanova.it\\\/de\\\/privacy-policy\\\/\",\"name\":\"Privacy Policy - Villanova Agriturismo\",\"isPartOf\":{\"@id\":\"https:\\\/\\\/www.agriturismovillanova.it\\\/de\\\/#website\"},\"primaryImageOfPage\":{\"@id\":\"https:\\\/\\\/www.agriturismovillanova.it\\\/de\\\/privacy-policy\\\/#primaryimage\"},\"image\":{\"@id\":\"https:\\\/\\\/www.agriturismovillanova.it\\\/de\\\/privacy-policy\\\/#primaryimage\"},\"thumbnailUrl\":\"https:\\\/\\\/www.agriturismovillanova.it\\\/wp-content\\\/uploads\\\/2022\\\/02\\\/villanova.jpg\",\"datePublished\":\"2022-03-16T10:52:40+00:00\",\"inLanguage\":\"de\",\"potentialAction\":[{\"@type\":\"ReadAction\",\"target\":[\"https:\\\/\\\/www.agriturismovillanova.it\\\/de\\\/privacy-policy\\\/\"]}]},{\"@type\":\"ImageObject\",\"inLanguage\":\"de\",\"@id\":\"https:\\\/\\\/www.agriturismovillanova.it\\\/de\\\/privacy-policy\\\/#primaryimage\",\"url\":\"https:\\\/\\\/www.agriturismovillanova.it\\\/wp-content\\\/uploads\\\/2022\\\/02\\\/villanova.jpg\",\"contentUrl\":\"https:\\\/\\\/www.agriturismovillanova.it\\\/wp-content\\\/uploads\\\/2022\\\/02\\\/villanova.jpg\",\"width\":829,\"height\":587},{\"@type\":\"WebSite\",\"@id\":\"https:\\\/\\\/www.agriturismovillanova.it\\\/de\\\/#website\",\"url\":\"https:\\\/\\\/www.agriturismovillanova.it\\\/de\\\/\",\"name\":\"Villanova Agriturismo\",\"description\":\"Nature &amp; wellness\",\"publisher\":{\"@id\":\"https:\\\/\\\/www.agriturismovillanova.it\\\/de\\\/#organization\"},\"potentialAction\":[{\"@type\":\"SearchAction\",\"target\":{\"@type\":\"EntryPoint\",\"urlTemplate\":\"https:\\\/\\\/www.agriturismovillanova.it\\\/de\\\/?s={search_term_string}\"},\"query-input\":{\"@type\":\"PropertyValueSpecification\",\"valueRequired\":true,\"valueName\":\"search_term_string\"}}],\"inLanguage\":\"de\"},{\"@type\":\"Organization\",\"@id\":\"https:\\\/\\\/www.agriturismovillanova.it\\\/de\\\/#organization\",\"name\":\"Villanova Agriturismo\",\"url\":\"https:\\\/\\\/www.agriturismovillanova.it\\\/de\\\/\",\"logo\":{\"@type\":\"ImageObject\",\"inLanguage\":\"de\",\"@id\":\"https:\\\/\\\/www.agriturismovillanova.it\\\/de\\\/#\\\/schema\\\/logo\\\/image\\\/\",\"url\":\"https:\\\/\\\/www.agriturismovillanova.it\\\/wp-content\\\/uploads\\\/2022\\\/02\\\/logo.svg\",\"contentUrl\":\"https:\\\/\\\/www.agriturismovillanova.it\\\/wp-content\\\/uploads\\\/2022\\\/02\\\/logo.svg\",\"caption\":\"Villanova Agriturismo\"},\"image\":{\"@id\":\"https:\\\/\\\/www.agriturismovillanova.it\\\/de\\\/#\\\/schema\\\/logo\\\/image\\\/\"}}]}<\/script>\n<!-- \/ Yoast SEO plugin. -->","yoast_head_json":{"title":"Privacy Policy - Villanova Agriturismo","robots":{"index":"index","follow":"follow","max-snippet":"max-snippet:-1","max-image-preview":"max-image-preview:large","max-video-preview":"max-video-preview:-1"},"canonical":"https:\/\/www.agriturismovillanova.it\/de\/privacy-policy\/","og_locale":"de_DE","og_type":"article","og_title":"Privacy Policy - Villanova Agriturismo","og_description":"ZIEL DES SCHUTZES PERS\u00d6NLICHER DATEN Agriturismo Villanova garantiert den Schutz pers\u00f6nlicher Daten (art. 7 des D.LGS. n. 196\/\u201903), wie aus der folgenden Mitteilung hervorgeht. Die pers\u00f6nlichen Daten werden so verarbeitet, dass das Unternehmen \u201eAgriturismo Villanova\u201c in der Lage ist, die auf der Seite beschriebenen Dienstleistungen entsprechend anzubieten. &nbsp; EIGENT\u00dcMER UND VERARBEITUNG DER DATEN Agriturismo Villanova [&hellip;]","og_url":"https:\/\/www.agriturismovillanova.it\/de\/privacy-policy\/","og_site_name":"Villanova Agriturismo","og_image":[{"width":829,"height":587,"url":"https:\/\/www.agriturismovillanova.it\/wp-content\/uploads\/2022\/02\/villanova.jpg","type":"image\/jpeg"}],"twitter_card":"summary_large_image","twitter_misc":{"Gesch\u00e4tzte Lesezeit":"3\u00a0Minuten"},"schema":{"@context":"https:\/\/schema.org","@graph":[{"@type":"WebPage","@id":"https:\/\/www.agriturismovillanova.it\/de\/privacy-policy\/","url":"https:\/\/www.agriturismovillanova.it\/de\/privacy-policy\/","name":"Privacy Policy - Villanova Agriturismo","isPartOf":{"@id":"https:\/\/www.agriturismovillanova.it\/de\/#website"},"primaryImageOfPage":{"@id":"https:\/\/www.agriturismovillanova.it\/de\/privacy-policy\/#primaryimage"},"image":{"@id":"https:\/\/www.agriturismovillanova.it\/de\/privacy-policy\/#primaryimage"},"thumbnailUrl":"https:\/\/www.agriturismovillanova.it\/wp-content\/uploads\/2022\/02\/villanova.jpg","datePublished":"2022-03-16T10:52:40+00:00","inLanguage":"de","potentialAction":[{"@type":"ReadAction","target":["https:\/\/www.agriturismovillanova.it\/de\/privacy-policy\/"]}]},{"@type":"ImageObject","inLanguage":"de","@id":"https:\/\/www.agriturismovillanova.it\/de\/privacy-policy\/#primaryimage","url":"https:\/\/www.agriturismovillanova.it\/wp-content\/uploads\/2022\/02\/villanova.jpg","contentUrl":"https:\/\/www.agriturismovillanova.it\/wp-content\/uploads\/2022\/02\/villanova.jpg","width":829,"height":587},{"@type":"WebSite","@id":"https:\/\/www.agriturismovillanova.it\/de\/#website","url":"https:\/\/www.agriturismovillanova.it\/de\/","name":"Villanova Agriturismo","description":"Nature &amp; wellness","publisher":{"@id":"https:\/\/www.agriturismovillanova.it\/de\/#organization"},"potentialAction":[{"@type":"SearchAction","target":{"@type":"EntryPoint","urlTemplate":"https:\/\/www.agriturismovillanova.it\/de\/?s={search_term_string}"},"query-input":{"@type":"PropertyValueSpecification","valueRequired":true,"valueName":"search_term_string"}}],"inLanguage":"de"},{"@type":"Organization","@id":"https:\/\/www.agriturismovillanova.it\/de\/#organization","name":"Villanova Agriturismo","url":"https:\/\/www.agriturismovillanova.it\/de\/","logo":{"@type":"ImageObject","inLanguage":"de","@id":"https:\/\/www.agriturismovillanova.it\/de\/#\/schema\/logo\/image\/","url":"https:\/\/www.agriturismovillanova.it\/wp-content\/uploads\/2022\/02\/logo.svg","contentUrl":"https:\/\/www.agriturismovillanova.it\/wp-content\/uploads\/2022\/02\/logo.svg","caption":"Villanova Agriturismo"},"image":{"@id":"https:\/\/www.agriturismovillanova.it\/de\/#\/schema\/logo\/image\/"}}]}},"_links":{"self":[{"href":"https:\/\/www.agriturismovillanova.it\/de\/wp-json\/wp\/v2\/pages\/2411","targetHints":{"allow":["GET"]}}],"collection":[{"href":"https:\/\/www.agriturismovillanova.it\/de\/wp-json\/wp\/v2\/pages"}],"about":[{"href":"https:\/\/www.agriturismovillanova.it\/de\/wp-json\/wp\/v2\/types\/page"}],"author":[{"embeddable":true,"href":"https:\/\/www.agriturismovillanova.it\/de\/wp-json\/wp\/v2\/users\/1"}],"replies":[{"embeddable":true,"href":"https:\/\/www.agriturismovillanova.it\/de\/wp-json\/wp\/v2\/comments?post=2411"}],"version-history":[{"count":1,"href":"https:\/\/www.agriturismovillanova.it\/de\/wp-json\/wp\/v2\/pages\/2411\/revisions"}],"predecessor-version":[{"id":2412,"href":"https:\/\/www.agriturismovillanova.it\/de\/wp-json\/wp\/v2\/pages\/2411\/revisions\/2412"}],"wp:featuredmedia":[{"embeddable":true,"href":"https:\/\/www.agriturismovillanova.it\/de\/wp-json\/wp\/v2\/media\/1760"}],"wp:attachment":[{"href":"https:\/\/www.agriturismovillanova.it\/de\/wp-json\/wp\/v2\/media?parent=2411"}],"curies":[{"name":"wp","href":"https:\/\/api.w.org\/{rel}","templated":true}]}}